{"id":3831,"date":"2025-06-23T12:53:29","date_gmt":"2025-06-23T10:53:30","guid":{"rendered":"https:\/\/green.cz\/?post_type=product&#038;p=3831"},"modified":"2025-06-23T15:09:00","modified_gmt":"2025-06-23T13:09:00","slug":"gp4a-jednostka-dostepu","status":"publish","type":"product","link":"https:\/\/greenweb.prezentuju.xyz\/pl\/produkt\/gp4a-jednostka-dostepu\/","title":{"rendered":"GP4A \u2013 Jednostka dost\u0119pu"},"content":{"rendered":"<p class=\"p1\">GP4A to urz\u0105dzenie dost\u0119powe, kt\u00f3re jest w pe\u0142ni zintegrowane z&nbsp;systemem parkingowym.<\/p>\n<p class=\"p1\">Do wej\u015bcia mo\u017cna u\u017cy\u0107 biletu parkingowego lub innego no\u015bnika (np. karty) u\u017cywanego w systemie parkingowym.<\/p>\n","protected":false},"excerpt":{"rendered":"<p>GP4A to urz\u0105dzenie dost\u0119powe, kt\u00f3re jest w pe\u0142ni zintegrowane z&nbsp;systemem  [&#8230;]<\/p>\n","protected":false},"featured_media":3834,"template":"","meta":[],"product_brand":[],"product_cat":[444,226],"product_tag":[],"class_list":{"0":"post-3831","1":"product","2":"type-product","3":"status-publish","4":"has-post-thumbnail","6":"product_cat-jednostki-dostepowe","7":"product_cat-systemy-dostepu","9":"first","10":"instock","11":"shipping-taxable","12":"product-type-simple"},"acf":[],"yoast_head":"<!-- This site is optimized with the Yoast SEO plugin v22.9 - https:\/\/yoast.com\/wordpress\/plugins\/seo\/ -->\n<title>GP4A \u2013 Jednostka dost\u0119pu - Green Center<\/title>\n<meta name=\"robots\" content=\"index, follow, max-snippet:-1, max-image-preview:large, max-video-preview:-1\" \/>\n<link rel=\"canonical\" href=\"https:\/\/greenweb.prezentuju.xyz\/pl\/produkt\/gp4a-jednostka-dostepu\/\" \/>\n<meta property=\"og:locale\" content=\"pl_PL\" \/>\n<meta property=\"og:type\" content=\"article\" \/>\n<meta property=\"og:title\" content=\"GP4A \u2013 Jednostka dost\u0119pu - Green Center\" \/>\n<meta property=\"og:description\" content=\"GP4A to urz\u0105dzenie dost\u0119powe, kt\u00f3re jest w pe\u0142ni zintegrowane z&nbsp;systemem [...]\" \/>\n<meta property=\"og:url\" content=\"https:\/\/greenweb.prezentuju.xyz\/pl\/produkt\/gp4a-jednostka-dostepu\/\" \/>\n<meta property=\"og:site_name\" content=\"Green Center\" \/>\n<meta property=\"article:publisher\" content=\"https:\/\/www.facebook.com\/GREENCenterCZ\" \/>\n<meta property=\"article:modified_time\" content=\"2025-06-23T13:09:00+00:00\" \/>\n<meta property=\"og:image\" content=\"https:\/\/greenweb.prezentuju.xyz\/wp-content\/uploads\/2025\/06\/31-GP4A-730x1024.png\" \/>\n\t<meta property=\"og:image:width\" content=\"730\" \/>\n\t<meta property=\"og:image:height\" content=\"1024\" \/>\n\t<meta property=\"og:image:type\" content=\"image\/png\" \/>\n<meta name=\"twitter:card\" content=\"summary_large_image\" \/>\n<meta name=\"twitter:label1\" content=\"Szacowany czas czytania\" \/>\n\t<meta name=\"twitter:data1\" content=\"1 minuta\" \/>\n<script type=\"application\/ld+json\" class=\"yoast-schema-graph\">{\"@context\":\"https:\/\/schema.org\",\"@graph\":[{\"@type\":\"WebPage\",\"@id\":\"https:\/\/greenweb.prezentuju.xyz\/pl\/produkt\/gp4a-jednostka-dostepu\/\",\"url\":\"https:\/\/greenweb.prezentuju.xyz\/pl\/produkt\/gp4a-jednostka-dostepu\/\",\"name\":\"GP4A \u2013 Jednostka dost\u0119pu - Green Center\",\"isPartOf\":{\"@id\":\"https:\/\/greenweb.prezentuju.xyz\/pl\/#website\"},\"primaryImageOfPage\":{\"@id\":\"https:\/\/greenweb.prezentuju.xyz\/pl\/produkt\/gp4a-jednostka-dostepu\/#primaryimage\"},\"image\":{\"@id\":\"https:\/\/greenweb.prezentuju.xyz\/pl\/produkt\/gp4a-jednostka-dostepu\/#primaryimage\"},\"thumbnailUrl\":\"https:\/\/greenweb.prezentuju.xyz\/wp-content\/uploads\/2025\/06\/31-GP4A.png\",\"datePublished\":\"2025-06-23T10:53:30+00:00\",\"dateModified\":\"2025-06-23T13:09:00+00:00\",\"breadcrumb\":{\"@id\":\"https:\/\/greenweb.prezentuju.xyz\/pl\/produkt\/gp4a-jednostka-dostepu\/#breadcrumb\"},\"inLanguage\":\"pl-PL\",\"potentialAction\":[{\"@type\":\"ReadAction\",\"target\":[\"https:\/\/greenweb.prezentuju.xyz\/pl\/produkt\/gp4a-jednostka-dostepu\/\"]}]},{\"@type\":\"ImageObject\",\"inLanguage\":\"pl-PL\",\"@id\":\"https:\/\/greenweb.prezentuju.xyz\/pl\/produkt\/gp4a-jednostka-dostepu\/#primaryimage\",\"url\":\"https:\/\/greenweb.prezentuju.xyz\/wp-content\/uploads\/2025\/06\/31-GP4A.png\",\"contentUrl\":\"https:\/\/greenweb.prezentuju.xyz\/wp-content\/uploads\/2025\/06\/31-GP4A.png\",\"width\":2551,\"height\":3579},{\"@type\":\"BreadcrumbList\",\"@id\":\"https:\/\/greenweb.prezentuju.xyz\/pl\/produkt\/gp4a-jednostka-dostepu\/#breadcrumb\",\"itemListElement\":[{\"@type\":\"ListItem\",\"position\":1,\"name\":\"Strona g\u0142\u00f3wna\",\"item\":\"https:\/\/greenweb.prezentuju.xyz\/pl\/\"},{\"@type\":\"ListItem\",\"position\":2,\"name\":\"Produkty\",\"item\":\"https:\/\/greenweb.prezentuju.xyz\/produkty\/\"},{\"@type\":\"ListItem\",\"position\":3,\"name\":\"GP4A \u2013 Jednostka dost\u0119pu\"}]},{\"@type\":\"WebSite\",\"@id\":\"https:\/\/greenweb.prezentuju.xyz\/pl\/#website\",\"url\":\"https:\/\/greenweb.prezentuju.xyz\/pl\/\",\"name\":\"GREEN\",\"description\":\"Parkovac\u00ed syst\u00e9my a automatick\u00e9 z\u00e1vory\",\"potentialAction\":[{\"@type\":\"SearchAction\",\"target\":{\"@type\":\"EntryPoint\",\"urlTemplate\":\"https:\/\/greenweb.prezentuju.xyz\/pl\/?s={search_term_string}\"},\"query-input\":\"required name=search_term_string\"}],\"inLanguage\":\"pl-PL\"}]}<\/script>\n<!-- \/ Yoast SEO plugin. -->","yoast_head_json":{"title":"GP4A \u2013 Jednostka dost\u0119pu - Green Center","robots":{"index":"index","follow":"follow","max-snippet":"max-snippet:-1","max-image-preview":"max-image-preview:large","max-video-preview":"max-video-preview:-1"},"canonical":"https:\/\/greenweb.prezentuju.xyz\/pl\/produkt\/gp4a-jednostka-dostepu\/","og_locale":"pl_PL","og_type":"article","og_title":"GP4A \u2013 Jednostka dost\u0119pu - Green Center","og_description":"GP4A to urz\u0105dzenie dost\u0119powe, kt\u00f3re jest w pe\u0142ni zintegrowane z&nbsp;systemem [...]","og_url":"https:\/\/greenweb.prezentuju.xyz\/pl\/produkt\/gp4a-jednostka-dostepu\/","og_site_name":"Green Center","article_publisher":"https:\/\/www.facebook.com\/GREENCenterCZ","article_modified_time":"2025-06-23T13:09:00+00:00","og_image":[{"width":730,"height":1024,"url":"https:\/\/greenweb.prezentuju.xyz\/wp-content\/uploads\/2025\/06\/31-GP4A-730x1024.png","type":"image\/png"}],"twitter_card":"summary_large_image","twitter_misc":{"Szacowany czas czytania":"1 minuta"},"schema":{"@context":"https:\/\/schema.org","@graph":[{"@type":"WebPage","@id":"https:\/\/greenweb.prezentuju.xyz\/pl\/produkt\/gp4a-jednostka-dostepu\/","url":"https:\/\/greenweb.prezentuju.xyz\/pl\/produkt\/gp4a-jednostka-dostepu\/","name":"GP4A \u2013 Jednostka dost\u0119pu - Green Center","isPartOf":{"@id":"https:\/\/greenweb.prezentuju.xyz\/pl\/#website"},"primaryImageOfPage":{"@id":"https:\/\/greenweb.prezentuju.xyz\/pl\/produkt\/gp4a-jednostka-dostepu\/#primaryimage"},"image":{"@id":"https:\/\/greenweb.prezentuju.xyz\/pl\/produkt\/gp4a-jednostka-dostepu\/#primaryimage"},"thumbnailUrl":"https:\/\/greenweb.prezentuju.xyz\/wp-content\/uploads\/2025\/06\/31-GP4A.png","datePublished":"2025-06-23T10:53:30+00:00","dateModified":"2025-06-23T13:09:00+00:00","breadcrumb":{"@id":"https:\/\/greenweb.prezentuju.xyz\/pl\/produkt\/gp4a-jednostka-dostepu\/#breadcrumb"},"inLanguage":"pl-PL","potentialAction":[{"@type":"ReadAction","target":["https:\/\/greenweb.prezentuju.xyz\/pl\/produkt\/gp4a-jednostka-dostepu\/"]}]},{"@type":"ImageObject","inLanguage":"pl-PL","@id":"https:\/\/greenweb.prezentuju.xyz\/pl\/produkt\/gp4a-jednostka-dostepu\/#primaryimage","url":"https:\/\/greenweb.prezentuju.xyz\/wp-content\/uploads\/2025\/06\/31-GP4A.png","contentUrl":"https:\/\/greenweb.prezentuju.xyz\/wp-content\/uploads\/2025\/06\/31-GP4A.png","width":2551,"height":3579},{"@type":"BreadcrumbList","@id":"https:\/\/greenweb.prezentuju.xyz\/pl\/produkt\/gp4a-jednostka-dostepu\/#breadcrumb","itemListElement":[{"@type":"ListItem","position":1,"name":"Strona g\u0142\u00f3wna","item":"https:\/\/greenweb.prezentuju.xyz\/pl\/"},{"@type":"ListItem","position":2,"name":"Produkty","item":"https:\/\/greenweb.prezentuju.xyz\/produkty\/"},{"@type":"ListItem","position":3,"name":"GP4A \u2013 Jednostka dost\u0119pu"}]},{"@type":"WebSite","@id":"https:\/\/greenweb.prezentuju.xyz\/pl\/#website","url":"https:\/\/greenweb.prezentuju.xyz\/pl\/","name":"GREEN","description":"Parkovac\u00ed syst\u00e9my a automatick\u00e9 z\u00e1vory","potentialAction":[{"@type":"SearchAction","target":{"@type":"EntryPoint","urlTemplate":"https:\/\/greenweb.prezentuju.xyz\/pl\/?s={search_term_string}"},"query-input":"required name=search_term_string"}],"inLanguage":"pl-PL"}]}},"_links":{"self":[{"href":"https:\/\/greenweb.prezentuju.xyz\/pl\/wp-json\/wp\/v2\/product\/3831","targetHints":{"allow":["GET"]}}],"collection":[{"href":"https:\/\/greenweb.prezentuju.xyz\/pl\/wp-json\/wp\/v2\/product"}],"about":[{"href":"https:\/\/greenweb.prezentuju.xyz\/pl\/wp-json\/wp\/v2\/types\/product"}],"wp:featuredmedia":[{"embeddable":true,"href":"https:\/\/greenweb.prezentuju.xyz\/pl\/wp-json\/wp\/v2\/media\/3834"}],"wp:attachment":[{"href":"https:\/\/greenweb.prezentuju.xyz\/pl\/wp-json\/wp\/v2\/media?parent=3831"}],"wp:term":[{"taxonomy":"product_brand","embeddable":true,"href":"https:\/\/greenweb.prezentuju.xyz\/pl\/wp-json\/wp\/v2\/product_brand?post=3831"},{"taxonomy":"product_cat","embeddable":true,"href":"https:\/\/greenweb.prezentuju.xyz\/pl\/wp-json\/wp\/v2\/product_cat?post=3831"},{"taxonomy":"product_tag","embeddable":true,"href":"https:\/\/greenweb.prezentuju.xyz\/pl\/wp-json\/wp\/v2\/product_tag?post=3831"}],"curies":[{"name":"wp","href":"https:\/\/api.w.org\/{rel}","templated":true}]}}