{"id":2292,"date":"2024-01-12T12:11:34","date_gmt":"2024-01-12T11:11:34","guid":{"rendered":"http:\/\/green.cz\/produkt\/pmc-system-pro-centralni-dohled-spravu-a-servis-site-parkovist\/"},"modified":"2025-03-25T09:56:24","modified_gmt":"2025-03-25T08:56:24","slug":"pmc-centralny-system-nadzoru-zarzadzania-i-serwisu-sieci-parkingowej","status":"publish","type":"product","link":"https:\/\/greenweb.prezentuju.xyz\/pl\/produkt\/pmc-centralny-system-nadzoru-zarzadzania-i-serwisu-sieci-parkingowej\/","title":{"rendered":"PMC \u2013 Centralny System Nadzoru, Zarz\u0105dzania i&nbsp;Serwisu Sieci Parkingowej"},"content":{"rendered":"<p>PMC to system oparty na chmurze do centralnego nadzoru, zarz\u0105dzania i&nbsp;serwisowania sieci parkingowej.<\/p>\n<p>Parking \u0142\u0105czy si\u0119 z&nbsp;serwerem PMC przez internet, co umo\u017cliwia operatorom zarz\u0105dzanie nimi z&nbsp;dowolnego miejsca za pomoc\u0105 standardowej przegl\u0105darki internetowej.<\/p>\n<p>Dzi\u0119ki kamerom i&nbsp;interkomom operatorzy maj\u0105 r\u00f3wnie\u017c audiowizualne po\u0142\u0105czenie z&nbsp;parkingami.<\/p>\n","protected":false},"excerpt":{"rendered":"<p>PMC to system oparty na chmurze do centralnego nadzoru, zarz\u0105dzania  [&#8230;]<\/p>\n","protected":false},"featured_media":3058,"template":"","meta":[],"product_brand":[],"product_cat":[225,237],"product_tag":[],"class_list":{"0":"post-2292","1":"product","2":"type-product","3":"status-publish","4":"has-post-thumbnail","6":"product_cat-software","7":"product_cat-systemy-monitorowania-i-zdalnego-zarzadzania","9":"first","10":"instock","11":"shipping-taxable","12":"product-type-simple"},"acf":[],"yoast_head":"<!-- This site is optimized with the Yoast SEO plugin v22.9 - https:\/\/yoast.com\/wordpress\/plugins\/seo\/ -->\n<title>PMC \u2013 Centralny System Nadzoru, Zarz\u0105dzania i Serwisu Sieci Parkingowej - Green Center<\/title>\n<meta name=\"robots\" content=\"index, follow, max-snippet:-1, max-image-preview:large, max-video-preview:-1\" \/>\n<link rel=\"canonical\" href=\"https:\/\/greenweb.prezentuju.xyz\/pl\/produkt\/pmc-centralny-system-nadzoru-zarzadzania-i-serwisu-sieci-parkingowej\/\" \/>\n<meta property=\"og:locale\" content=\"pl_PL\" \/>\n<meta property=\"og:type\" content=\"article\" \/>\n<meta property=\"og:title\" content=\"PMC \u2013 Centralny System Nadzoru, Zarz\u0105dzania i Serwisu Sieci Parkingowej - Green Center\" \/>\n<meta property=\"og:description\" content=\"PMC to system oparty na chmurze do centralnego nadzoru, zarz\u0105dzania [...]\" \/>\n<meta property=\"og:url\" content=\"https:\/\/greenweb.prezentuju.xyz\/pl\/produkt\/pmc-centralny-system-nadzoru-zarzadzania-i-serwisu-sieci-parkingowej\/\" \/>\n<meta property=\"og:site_name\" content=\"Green Center\" \/>\n<meta property=\"article:publisher\" content=\"https:\/\/www.facebook.com\/GREENCenterCZ\" \/>\n<meta property=\"article:modified_time\" content=\"2025-03-25T08:56:24+00:00\" \/>\n<meta property=\"og:image\" content=\"https:\/\/greenweb.prezentuju.xyz\/wp-content\/uploads\/2024\/01\/29b-GPSW-PMC-square-2.png\" \/>\n\t<meta property=\"og:image:width\" content=\"2551\" \/>\n\t<meta property=\"og:image:height\" content=\"2551\" \/>\n\t<meta property=\"og:image:type\" content=\"image\/png\" \/>\n<meta name=\"twitter:card\" content=\"summary_large_image\" \/>\n<meta name=\"twitter:label1\" content=\"Szacowany czas czytania\" \/>\n\t<meta name=\"twitter:data1\" content=\"1 minuta\" \/>\n<script type=\"application\/ld+json\" class=\"yoast-schema-graph\">{\"@context\":\"https:\/\/schema.org\",\"@graph\":[{\"@type\":\"WebPage\",\"@id\":\"https:\/\/greenweb.prezentuju.xyz\/pl\/produkt\/pmc-centralny-system-nadzoru-zarzadzania-i-serwisu-sieci-parkingowej\/\",\"url\":\"https:\/\/greenweb.prezentuju.xyz\/pl\/produkt\/pmc-centralny-system-nadzoru-zarzadzania-i-serwisu-sieci-parkingowej\/\",\"name\":\"PMC \u2013 Centralny System Nadzoru, Zarz\u0105dzania i Serwisu Sieci Parkingowej - Green Center\",\"isPartOf\":{\"@id\":\"https:\/\/greenweb.prezentuju.xyz\/pl\/#website\"},\"primaryImageOfPage\":{\"@id\":\"https:\/\/greenweb.prezentuju.xyz\/pl\/produkt\/pmc-centralny-system-nadzoru-zarzadzania-i-serwisu-sieci-parkingowej\/#primaryimage\"},\"image\":{\"@id\":\"https:\/\/greenweb.prezentuju.xyz\/pl\/produkt\/pmc-centralny-system-nadzoru-zarzadzania-i-serwisu-sieci-parkingowej\/#primaryimage\"},\"thumbnailUrl\":\"https:\/\/greenweb.prezentuju.xyz\/wp-content\/uploads\/2024\/01\/29b-GPSW-PMC-square-2.png\",\"datePublished\":\"2024-01-12T11:11:34+00:00\",\"dateModified\":\"2025-03-25T08:56:24+00:00\",\"breadcrumb\":{\"@id\":\"https:\/\/greenweb.prezentuju.xyz\/pl\/produkt\/pmc-centralny-system-nadzoru-zarzadzania-i-serwisu-sieci-parkingowej\/#breadcrumb\"},\"inLanguage\":\"pl-PL\",\"potentialAction\":[{\"@type\":\"ReadAction\",\"target\":[\"https:\/\/greenweb.prezentuju.xyz\/pl\/produkt\/pmc-centralny-system-nadzoru-zarzadzania-i-serwisu-sieci-parkingowej\/\"]}]},{\"@type\":\"ImageObject\",\"inLanguage\":\"pl-PL\",\"@id\":\"https:\/\/greenweb.prezentuju.xyz\/pl\/produkt\/pmc-centralny-system-nadzoru-zarzadzania-i-serwisu-sieci-parkingowej\/#primaryimage\",\"url\":\"https:\/\/greenweb.prezentuju.xyz\/wp-content\/uploads\/2024\/01\/29b-GPSW-PMC-square-2.png\",\"contentUrl\":\"https:\/\/greenweb.prezentuju.xyz\/wp-content\/uploads\/2024\/01\/29b-GPSW-PMC-square-2.png\",\"width\":2551,\"height\":2551},{\"@type\":\"BreadcrumbList\",\"@id\":\"https:\/\/greenweb.prezentuju.xyz\/pl\/produkt\/pmc-centralny-system-nadzoru-zarzadzania-i-serwisu-sieci-parkingowej\/#breadcrumb\",\"itemListElement\":[{\"@type\":\"ListItem\",\"position\":1,\"name\":\"Strona g\u0142\u00f3wna\",\"item\":\"https:\/\/greenweb.prezentuju.xyz\/pl\/\"},{\"@type\":\"ListItem\",\"position\":2,\"name\":\"Produkty\",\"item\":\"https:\/\/greenweb.prezentuju.xyz\/produkty\/\"},{\"@type\":\"ListItem\",\"position\":3,\"name\":\"PMC \u2013 Centralny System Nadzoru, Zarz\u0105dzania i Serwisu Sieci Parkingowej\"}]},{\"@type\":\"WebSite\",\"@id\":\"https:\/\/greenweb.prezentuju.xyz\/pl\/#website\",\"url\":\"https:\/\/greenweb.prezentuju.xyz\/pl\/\",\"name\":\"GREEN\",\"description\":\"Parkovac\u00ed syst\u00e9my a automatick\u00e9 z\u00e1vory\",\"potentialAction\":[{\"@type\":\"SearchAction\",\"target\":{\"@type\":\"EntryPoint\",\"urlTemplate\":\"https:\/\/greenweb.prezentuju.xyz\/pl\/?s={search_term_string}\"},\"query-input\":\"required name=search_term_string\"}],\"inLanguage\":\"pl-PL\"}]}<\/script>\n<!-- \/ Yoast SEO plugin. -->","yoast_head_json":{"title":"PMC \u2013 Centralny System Nadzoru, Zarz\u0105dzania i Serwisu Sieci Parkingowej - Green Center","robots":{"index":"index","follow":"follow","max-snippet":"max-snippet:-1","max-image-preview":"max-image-preview:large","max-video-preview":"max-video-preview:-1"},"canonical":"https:\/\/greenweb.prezentuju.xyz\/pl\/produkt\/pmc-centralny-system-nadzoru-zarzadzania-i-serwisu-sieci-parkingowej\/","og_locale":"pl_PL","og_type":"article","og_title":"PMC \u2013 Centralny System Nadzoru, Zarz\u0105dzania i Serwisu Sieci Parkingowej - Green Center","og_description":"PMC to system oparty na chmurze do centralnego nadzoru, zarz\u0105dzania [...]","og_url":"https:\/\/greenweb.prezentuju.xyz\/pl\/produkt\/pmc-centralny-system-nadzoru-zarzadzania-i-serwisu-sieci-parkingowej\/","og_site_name":"Green Center","article_publisher":"https:\/\/www.facebook.com\/GREENCenterCZ","article_modified_time":"2025-03-25T08:56:24+00:00","og_image":[{"width":2551,"height":2551,"url":"https:\/\/greenweb.prezentuju.xyz\/wp-content\/uploads\/2024\/01\/29b-GPSW-PMC-square-2.png","type":"image\/png"}],"twitter_card":"summary_large_image","twitter_misc":{"Szacowany czas czytania":"1 minuta"},"schema":{"@context":"https:\/\/schema.org","@graph":[{"@type":"WebPage","@id":"https:\/\/greenweb.prezentuju.xyz\/pl\/produkt\/pmc-centralny-system-nadzoru-zarzadzania-i-serwisu-sieci-parkingowej\/","url":"https:\/\/greenweb.prezentuju.xyz\/pl\/produkt\/pmc-centralny-system-nadzoru-zarzadzania-i-serwisu-sieci-parkingowej\/","name":"PMC \u2013 Centralny System Nadzoru, Zarz\u0105dzania i Serwisu Sieci Parkingowej - Green Center","isPartOf":{"@id":"https:\/\/greenweb.prezentuju.xyz\/pl\/#website"},"primaryImageOfPage":{"@id":"https:\/\/greenweb.prezentuju.xyz\/pl\/produkt\/pmc-centralny-system-nadzoru-zarzadzania-i-serwisu-sieci-parkingowej\/#primaryimage"},"image":{"@id":"https:\/\/greenweb.prezentuju.xyz\/pl\/produkt\/pmc-centralny-system-nadzoru-zarzadzania-i-serwisu-sieci-parkingowej\/#primaryimage"},"thumbnailUrl":"https:\/\/greenweb.prezentuju.xyz\/wp-content\/uploads\/2024\/01\/29b-GPSW-PMC-square-2.png","datePublished":"2024-01-12T11:11:34+00:00","dateModified":"2025-03-25T08:56:24+00:00","breadcrumb":{"@id":"https:\/\/greenweb.prezentuju.xyz\/pl\/produkt\/pmc-centralny-system-nadzoru-zarzadzania-i-serwisu-sieci-parkingowej\/#breadcrumb"},"inLanguage":"pl-PL","potentialAction":[{"@type":"ReadAction","target":["https:\/\/greenweb.prezentuju.xyz\/pl\/produkt\/pmc-centralny-system-nadzoru-zarzadzania-i-serwisu-sieci-parkingowej\/"]}]},{"@type":"ImageObject","inLanguage":"pl-PL","@id":"https:\/\/greenweb.prezentuju.xyz\/pl\/produkt\/pmc-centralny-system-nadzoru-zarzadzania-i-serwisu-sieci-parkingowej\/#primaryimage","url":"https:\/\/greenweb.prezentuju.xyz\/wp-content\/uploads\/2024\/01\/29b-GPSW-PMC-square-2.png","contentUrl":"https:\/\/greenweb.prezentuju.xyz\/wp-content\/uploads\/2024\/01\/29b-GPSW-PMC-square-2.png","width":2551,"height":2551},{"@type":"BreadcrumbList","@id":"https:\/\/greenweb.prezentuju.xyz\/pl\/produkt\/pmc-centralny-system-nadzoru-zarzadzania-i-serwisu-sieci-parkingowej\/#breadcrumb","itemListElement":[{"@type":"ListItem","position":1,"name":"Strona g\u0142\u00f3wna","item":"https:\/\/greenweb.prezentuju.xyz\/pl\/"},{"@type":"ListItem","position":2,"name":"Produkty","item":"https:\/\/greenweb.prezentuju.xyz\/produkty\/"},{"@type":"ListItem","position":3,"name":"PMC \u2013 Centralny System Nadzoru, Zarz\u0105dzania i Serwisu Sieci Parkingowej"}]},{"@type":"WebSite","@id":"https:\/\/greenweb.prezentuju.xyz\/pl\/#website","url":"https:\/\/greenweb.prezentuju.xyz\/pl\/","name":"GREEN","description":"Parkovac\u00ed syst\u00e9my a automatick\u00e9 z\u00e1vory","potentialAction":[{"@type":"SearchAction","target":{"@type":"EntryPoint","urlTemplate":"https:\/\/greenweb.prezentuju.xyz\/pl\/?s={search_term_string}"},"query-input":"required name=search_term_string"}],"inLanguage":"pl-PL"}]}},"_links":{"self":[{"href":"https:\/\/greenweb.prezentuju.xyz\/pl\/wp-json\/wp\/v2\/product\/2292","targetHints":{"allow":["GET"]}}],"collection":[{"href":"https:\/\/greenweb.prezentuju.xyz\/pl\/wp-json\/wp\/v2\/product"}],"about":[{"href":"https:\/\/greenweb.prezentuju.xyz\/pl\/wp-json\/wp\/v2\/types\/product"}],"wp:featuredmedia":[{"embeddable":true,"href":"https:\/\/greenweb.prezentuju.xyz\/pl\/wp-json\/wp\/v2\/media\/3058"}],"wp:attachment":[{"href":"https:\/\/greenweb.prezentuju.xyz\/pl\/wp-json\/wp\/v2\/media?parent=2292"}],"wp:term":[{"taxonomy":"product_brand","embeddable":true,"href":"https:\/\/greenweb.prezentuju.xyz\/pl\/wp-json\/wp\/v2\/product_brand?post=2292"},{"taxonomy":"product_cat","embeddable":true,"href":"https:\/\/greenweb.prezentuju.xyz\/pl\/wp-json\/wp\/v2\/product_cat?post=2292"},{"taxonomy":"product_tag","embeddable":true,"href":"https:\/\/greenweb.prezentuju.xyz\/pl\/wp-json\/wp\/v2\/product_tag?post=2292"}],"curies":[{"name":"wp","href":"https:\/\/api.w.org\/{rel}","templated":true}]}}