{"id":2285,"date":"2024-01-12T09:38:25","date_gmt":"2024-01-12T08:38:25","guid":{"rendered":"http:\/\/green.cz\/produkt\/gpp-lpr-system-rozpoznavani-registracnich-znacek\/"},"modified":"2024-06-27T12:59:13","modified_gmt":"2024-06-27T10:59:13","slug":"gpp-lpr-system-rozpoznawania-tablic-rejestracyjnych","status":"publish","type":"product","link":"https:\/\/greenweb.prezentuju.xyz\/pl\/produkt\/gpp-lpr-system-rozpoznawania-tablic-rejestracyjnych\/","title":{"rendered":"GPP LPR \u2013 System Rozpoznawania Tablic Rejestracyjnych"},"content":{"rendered":"<p>System GPP LPR do rozpoznawania tablic rejestracyjnych jest integraln\u0105 cz\u0119\u015bci\u0105 ka\u017cdego nowoczesnego parkingu.<\/p>\n<p>S\u0142u\u017cy do zwi\u0119kszenia bezpiecze\u0144stwa parkingu (\u0142\u0105czenie biletu parkingowego z&nbsp;numerem rejestracyjnym), przyspieszenia obs\u0142ugi (automatyczne podnoszenie szlabanu przy wyje\u017adzie) oraz identyfikacji parkuj\u0105cych bez fizycznych medi\u00f3w (poprzez wprowadzenie numeru rejestracyjnego).<\/p>\n<p>Umo\u017cliwia tak\u017ce tworzenie kart parkingowych, rezerwacji i&nbsp;grup taryfowych z&nbsp;wyprzedzeniem, wszystko na podstawie numer\u00f3w rejestracyjnych parkuj\u0105cych.<\/p>\n","protected":false},"excerpt":{"rendered":"<p>System GPP LPR do rozpoznawania tablic rejestracyjnych jest integraln\u0105 cz\u0119\u015bci\u0105  [&#8230;]<\/p>\n","protected":false},"featured_media":1409,"template":"","meta":[],"product_brand":[],"product_cat":[155,197,154,233],"product_tag":[],"class_list":{"0":"post-2285","1":"product","2":"type-product","3":"status-publish","4":"has-post-thumbnail","6":"product_cat-systemy-parkingowe","7":"product_cat-system-parkingowy-variant","8":"product_cat-akcesoria-systemow-parkingowych","9":"product_cat-system-rozpoznawania-tablic-rejestracyjnych","11":"first","12":"instock","13":"shipping-taxable","14":"product-type-simple"},"acf":[],"yoast_head":"<!-- This site is optimized with the Yoast SEO plugin v22.9 - https:\/\/yoast.com\/wordpress\/plugins\/seo\/ -->\n<title>GPP LPR \u2013 System Rozpoznawania Tablic Rejestracyjnych - Green Center<\/title>\n<meta name=\"robots\" content=\"index, follow, max-snippet:-1, max-image-preview:large, max-video-preview:-1\" \/>\n<link rel=\"canonical\" href=\"https:\/\/greenweb.prezentuju.xyz\/pl\/produkt\/gpp-lpr-system-rozpoznawania-tablic-rejestracyjnych\/\" \/>\n<meta property=\"og:locale\" content=\"pl_PL\" \/>\n<meta property=\"og:type\" content=\"article\" \/>\n<meta property=\"og:title\" content=\"GPP LPR \u2013 System Rozpoznawania Tablic Rejestracyjnych - Green Center\" \/>\n<meta property=\"og:description\" content=\"System GPP LPR do rozpoznawania tablic rejestracyjnych jest integraln\u0105 cz\u0119\u015bci\u0105 [...]\" \/>\n<meta property=\"og:url\" content=\"https:\/\/greenweb.prezentuju.xyz\/pl\/produkt\/gpp-lpr-system-rozpoznawania-tablic-rejestracyjnych\/\" \/>\n<meta property=\"og:site_name\" content=\"Green Center\" \/>\n<meta property=\"article:publisher\" content=\"https:\/\/www.facebook.com\/GREENCenterCZ\" \/>\n<meta property=\"article:modified_time\" content=\"2024-06-27T10:59:13+00:00\" \/>\n<meta property=\"og:image\" content=\"https:\/\/greenweb.prezentuju.xyz\/wp-content\/uploads\/2024\/01\/GPP-LPR.png\" \/>\n\t<meta property=\"og:image:width\" content=\"1300\" \/>\n\t<meta property=\"og:image:height\" content=\"1823\" \/>\n\t<meta property=\"og:image:type\" content=\"image\/png\" \/>\n<meta name=\"twitter:card\" content=\"summary_large_image\" \/>\n<meta name=\"twitter:label1\" content=\"Szacowany czas czytania\" \/>\n\t<meta name=\"twitter:data1\" content=\"1 minuta\" \/>\n<script type=\"application\/ld+json\" class=\"yoast-schema-graph\">{\"@context\":\"https:\/\/schema.org\",\"@graph\":[{\"@type\":\"WebPage\",\"@id\":\"https:\/\/greenweb.prezentuju.xyz\/pl\/produkt\/gpp-lpr-system-rozpoznawania-tablic-rejestracyjnych\/\",\"url\":\"https:\/\/greenweb.prezentuju.xyz\/pl\/produkt\/gpp-lpr-system-rozpoznawania-tablic-rejestracyjnych\/\",\"name\":\"GPP LPR \u2013 System Rozpoznawania Tablic Rejestracyjnych - Green Center\",\"isPartOf\":{\"@id\":\"https:\/\/greenweb.prezentuju.xyz\/pl\/#website\"},\"primaryImageOfPage\":{\"@id\":\"https:\/\/greenweb.prezentuju.xyz\/pl\/produkt\/gpp-lpr-system-rozpoznawania-tablic-rejestracyjnych\/#primaryimage\"},\"image\":{\"@id\":\"https:\/\/greenweb.prezentuju.xyz\/pl\/produkt\/gpp-lpr-system-rozpoznawania-tablic-rejestracyjnych\/#primaryimage\"},\"thumbnailUrl\":\"https:\/\/greenweb.prezentuju.xyz\/wp-content\/uploads\/2024\/01\/GPP-LPR.png\",\"datePublished\":\"2024-01-12T08:38:25+00:00\",\"dateModified\":\"2024-06-27T10:59:13+00:00\",\"breadcrumb\":{\"@id\":\"https:\/\/greenweb.prezentuju.xyz\/pl\/produkt\/gpp-lpr-system-rozpoznawania-tablic-rejestracyjnych\/#breadcrumb\"},\"inLanguage\":\"pl-PL\",\"potentialAction\":[{\"@type\":\"ReadAction\",\"target\":[\"https:\/\/greenweb.prezentuju.xyz\/pl\/produkt\/gpp-lpr-system-rozpoznawania-tablic-rejestracyjnych\/\"]}]},{\"@type\":\"ImageObject\",\"inLanguage\":\"pl-PL\",\"@id\":\"https:\/\/greenweb.prezentuju.xyz\/pl\/produkt\/gpp-lpr-system-rozpoznawania-tablic-rejestracyjnych\/#primaryimage\",\"url\":\"https:\/\/greenweb.prezentuju.xyz\/wp-content\/uploads\/2024\/01\/GPP-LPR.png\",\"contentUrl\":\"https:\/\/greenweb.prezentuju.xyz\/wp-content\/uploads\/2024\/01\/GPP-LPR.png\",\"width\":1300,\"height\":1823},{\"@type\":\"BreadcrumbList\",\"@id\":\"https:\/\/greenweb.prezentuju.xyz\/pl\/produkt\/gpp-lpr-system-rozpoznawania-tablic-rejestracyjnych\/#breadcrumb\",\"itemListElement\":[{\"@type\":\"ListItem\",\"position\":1,\"name\":\"Strona g\u0142\u00f3wna\",\"item\":\"https:\/\/greenweb.prezentuju.xyz\/pl\/\"},{\"@type\":\"ListItem\",\"position\":2,\"name\":\"Produkty\",\"item\":\"https:\/\/greenweb.prezentuju.xyz\/produkty\/\"},{\"@type\":\"ListItem\",\"position\":3,\"name\":\"GPP LPR \u2013 System Rozpoznawania Tablic Rejestracyjnych\"}]},{\"@type\":\"WebSite\",\"@id\":\"https:\/\/greenweb.prezentuju.xyz\/pl\/#website\",\"url\":\"https:\/\/greenweb.prezentuju.xyz\/pl\/\",\"name\":\"GREEN\",\"description\":\"Parkovac\u00ed syst\u00e9my a automatick\u00e9 z\u00e1vory\",\"potentialAction\":[{\"@type\":\"SearchAction\",\"target\":{\"@type\":\"EntryPoint\",\"urlTemplate\":\"https:\/\/greenweb.prezentuju.xyz\/pl\/?s={search_term_string}\"},\"query-input\":\"required name=search_term_string\"}],\"inLanguage\":\"pl-PL\"}]}<\/script>\n<!-- \/ Yoast SEO plugin. -->","yoast_head_json":{"title":"GPP LPR \u2013 System Rozpoznawania Tablic Rejestracyjnych - Green Center","robots":{"index":"index","follow":"follow","max-snippet":"max-snippet:-1","max-image-preview":"max-image-preview:large","max-video-preview":"max-video-preview:-1"},"canonical":"https:\/\/greenweb.prezentuju.xyz\/pl\/produkt\/gpp-lpr-system-rozpoznawania-tablic-rejestracyjnych\/","og_locale":"pl_PL","og_type":"article","og_title":"GPP LPR \u2013 System Rozpoznawania Tablic Rejestracyjnych - Green Center","og_description":"System GPP LPR do rozpoznawania tablic rejestracyjnych jest integraln\u0105 cz\u0119\u015bci\u0105 [...]","og_url":"https:\/\/greenweb.prezentuju.xyz\/pl\/produkt\/gpp-lpr-system-rozpoznawania-tablic-rejestracyjnych\/","og_site_name":"Green Center","article_publisher":"https:\/\/www.facebook.com\/GREENCenterCZ","article_modified_time":"2024-06-27T10:59:13+00:00","og_image":[{"width":1300,"height":1823,"url":"https:\/\/greenweb.prezentuju.xyz\/wp-content\/uploads\/2024\/01\/GPP-LPR.png","type":"image\/png"}],"twitter_card":"summary_large_image","twitter_misc":{"Szacowany czas czytania":"1 minuta"},"schema":{"@context":"https:\/\/schema.org","@graph":[{"@type":"WebPage","@id":"https:\/\/greenweb.prezentuju.xyz\/pl\/produkt\/gpp-lpr-system-rozpoznawania-tablic-rejestracyjnych\/","url":"https:\/\/greenweb.prezentuju.xyz\/pl\/produkt\/gpp-lpr-system-rozpoznawania-tablic-rejestracyjnych\/","name":"GPP LPR \u2013 System Rozpoznawania Tablic Rejestracyjnych - Green Center","isPartOf":{"@id":"https:\/\/greenweb.prezentuju.xyz\/pl\/#website"},"primaryImageOfPage":{"@id":"https:\/\/greenweb.prezentuju.xyz\/pl\/produkt\/gpp-lpr-system-rozpoznawania-tablic-rejestracyjnych\/#primaryimage"},"image":{"@id":"https:\/\/greenweb.prezentuju.xyz\/pl\/produkt\/gpp-lpr-system-rozpoznawania-tablic-rejestracyjnych\/#primaryimage"},"thumbnailUrl":"https:\/\/greenweb.prezentuju.xyz\/wp-content\/uploads\/2024\/01\/GPP-LPR.png","datePublished":"2024-01-12T08:38:25+00:00","dateModified":"2024-06-27T10:59:13+00:00","breadcrumb":{"@id":"https:\/\/greenweb.prezentuju.xyz\/pl\/produkt\/gpp-lpr-system-rozpoznawania-tablic-rejestracyjnych\/#breadcrumb"},"inLanguage":"pl-PL","potentialAction":[{"@type":"ReadAction","target":["https:\/\/greenweb.prezentuju.xyz\/pl\/produkt\/gpp-lpr-system-rozpoznawania-tablic-rejestracyjnych\/"]}]},{"@type":"ImageObject","inLanguage":"pl-PL","@id":"https:\/\/greenweb.prezentuju.xyz\/pl\/produkt\/gpp-lpr-system-rozpoznawania-tablic-rejestracyjnych\/#primaryimage","url":"https:\/\/greenweb.prezentuju.xyz\/wp-content\/uploads\/2024\/01\/GPP-LPR.png","contentUrl":"https:\/\/greenweb.prezentuju.xyz\/wp-content\/uploads\/2024\/01\/GPP-LPR.png","width":1300,"height":1823},{"@type":"BreadcrumbList","@id":"https:\/\/greenweb.prezentuju.xyz\/pl\/produkt\/gpp-lpr-system-rozpoznawania-tablic-rejestracyjnych\/#breadcrumb","itemListElement":[{"@type":"ListItem","position":1,"name":"Strona g\u0142\u00f3wna","item":"https:\/\/greenweb.prezentuju.xyz\/pl\/"},{"@type":"ListItem","position":2,"name":"Produkty","item":"https:\/\/greenweb.prezentuju.xyz\/produkty\/"},{"@type":"ListItem","position":3,"name":"GPP LPR \u2013 System Rozpoznawania Tablic Rejestracyjnych"}]},{"@type":"WebSite","@id":"https:\/\/greenweb.prezentuju.xyz\/pl\/#website","url":"https:\/\/greenweb.prezentuju.xyz\/pl\/","name":"GREEN","description":"Parkovac\u00ed syst\u00e9my a automatick\u00e9 z\u00e1vory","potentialAction":[{"@type":"SearchAction","target":{"@type":"EntryPoint","urlTemplate":"https:\/\/greenweb.prezentuju.xyz\/pl\/?s={search_term_string}"},"query-input":"required name=search_term_string"}],"inLanguage":"pl-PL"}]}},"_links":{"self":[{"href":"https:\/\/greenweb.prezentuju.xyz\/pl\/wp-json\/wp\/v2\/product\/2285","targetHints":{"allow":["GET"]}}],"collection":[{"href":"https:\/\/greenweb.prezentuju.xyz\/pl\/wp-json\/wp\/v2\/product"}],"about":[{"href":"https:\/\/greenweb.prezentuju.xyz\/pl\/wp-json\/wp\/v2\/types\/product"}],"wp:featuredmedia":[{"embeddable":true,"href":"https:\/\/greenweb.prezentuju.xyz\/pl\/wp-json\/wp\/v2\/media\/1409"}],"wp:attachment":[{"href":"https:\/\/greenweb.prezentuju.xyz\/pl\/wp-json\/wp\/v2\/media?parent=2285"}],"wp:term":[{"taxonomy":"product_brand","embeddable":true,"href":"https:\/\/greenweb.prezentuju.xyz\/pl\/wp-json\/wp\/v2\/product_brand?post=2285"},{"taxonomy":"product_cat","embeddable":true,"href":"https:\/\/greenweb.prezentuju.xyz\/pl\/wp-json\/wp\/v2\/product_cat?post=2285"},{"taxonomy":"product_tag","embeddable":true,"href":"https:\/\/greenweb.prezentuju.xyz\/pl\/wp-json\/wp\/v2\/product_tag?post=2285"}],"curies":[{"name":"wp","href":"https:\/\/api.w.org\/{rel}","templated":true}]}}