{"id":2275,"date":"2024-01-12T09:17:04","date_gmt":"2024-01-12T08:17:04","guid":{"rendered":"http:\/\/green.cz\/produkt\/gp5b-automaticka-zavora\/"},"modified":"2024-06-27T12:59:17","modified_gmt":"2024-06-27T10:59:17","slug":"gp5b-automatyczny-szlaban","status":"publish","type":"product","link":"https:\/\/greenweb.prezentuju.xyz\/pl\/produkt\/gp5b-automatyczny-szlaban\/","title":{"rendered":"GP5B \u2013 Automatyczny Szlaban"},"content":{"rendered":"<div>\n<div>Automatyczny szlaban GP5B jest obs\u0142ugiwany przez silnik elektryczny z&nbsp;przetwornic\u0105 cz\u0119stotliwo\u015bci, co zapewnia p\u0142ynny ruch ramienia, zwi\u0119kszaj\u0105c trwa\u0142o\u015b\u0107 ca\u0142ego mechanizmu.<\/div>\n<div>Typowo wyposa\u017cony w aluminiowe rami\u0119 z&nbsp;warstw\u0105 odblaskow\u0105.<\/div>\n<div>Opr\u00f3cz dostarczania jako cz\u0119\u015b\u0107 systemu parkingowego, mo\u017ce by\u0107 r\u00f3wnie\u017c u\u017cywany i&nbsp;kontrolowany niezale\u017cnie.<\/div>\n<\/div>\n","protected":false},"excerpt":{"rendered":"<p>Automatyczny szlaban GP5B jest obs\u0142ugiwany przez silnik elektryczny z&nbsp;przetwornic\u0105 cz\u0119stotliwo\u015bci,  [&#8230;]<\/p>\n","protected":false},"featured_media":1417,"template":"","meta":[],"product_brand":[],"product_cat":[155,197,230,195,229],"product_tag":[],"class_list":{"0":"post-2275","1":"product","2":"type-product","3":"status-publish","4":"has-post-thumbnail","6":"product_cat-systemy-parkingowe","7":"product_cat-system-parkingowy-variant","8":"product_cat-system-parkingowy-economy","9":"product_cat-elementy-systemow-parkingowych","10":"product_cat-automatyczne-bariery","12":"first","13":"instock","14":"shipping-taxable","15":"product-type-simple"},"acf":[],"yoast_head":"<!-- This site is optimized with the Yoast SEO plugin v22.9 - https:\/\/yoast.com\/wordpress\/plugins\/seo\/ -->\n<title>GP5B \u2013 Automatyczny Szlaban - Green Center<\/title>\n<meta name=\"robots\" content=\"index, follow, max-snippet:-1, max-image-preview:large, max-video-preview:-1\" \/>\n<link rel=\"canonical\" href=\"https:\/\/greenweb.prezentuju.xyz\/pl\/produkt\/gp5b-automatyczny-szlaban\/\" \/>\n<meta property=\"og:locale\" content=\"pl_PL\" \/>\n<meta property=\"og:type\" content=\"article\" \/>\n<meta property=\"og:title\" content=\"GP5B \u2013 Automatyczny Szlaban - Green Center\" \/>\n<meta property=\"og:description\" content=\"Automatyczny szlaban GP5B jest obs\u0142ugiwany przez silnik elektryczny z&nbsp;przetwornic\u0105 cz\u0119stotliwo\u015bci, [...]\" \/>\n<meta property=\"og:url\" content=\"https:\/\/greenweb.prezentuju.xyz\/pl\/produkt\/gp5b-automatyczny-szlaban\/\" \/>\n<meta property=\"og:site_name\" content=\"Green Center\" \/>\n<meta property=\"article:publisher\" content=\"https:\/\/www.facebook.com\/GREENCenterCZ\" \/>\n<meta property=\"article:modified_time\" content=\"2024-06-27T10:59:17+00:00\" \/>\n<meta property=\"og:image\" content=\"https:\/\/greenweb.prezentuju.xyz\/wp-content\/uploads\/2024\/01\/GP5B.png\" \/>\n\t<meta property=\"og:image:width\" content=\"1300\" \/>\n\t<meta property=\"og:image:height\" content=\"1823\" \/>\n\t<meta property=\"og:image:type\" content=\"image\/png\" \/>\n<meta name=\"twitter:card\" content=\"summary_large_image\" \/>\n<meta name=\"twitter:label1\" content=\"Szacowany czas czytania\" \/>\n\t<meta name=\"twitter:data1\" content=\"1 minuta\" \/>\n<script type=\"application\/ld+json\" class=\"yoast-schema-graph\">{\"@context\":\"https:\/\/schema.org\",\"@graph\":[{\"@type\":\"WebPage\",\"@id\":\"https:\/\/greenweb.prezentuju.xyz\/pl\/produkt\/gp5b-automatyczny-szlaban\/\",\"url\":\"https:\/\/greenweb.prezentuju.xyz\/pl\/produkt\/gp5b-automatyczny-szlaban\/\",\"name\":\"GP5B \u2013 Automatyczny Szlaban - Green Center\",\"isPartOf\":{\"@id\":\"https:\/\/greenweb.prezentuju.xyz\/pl\/#website\"},\"primaryImageOfPage\":{\"@id\":\"https:\/\/greenweb.prezentuju.xyz\/pl\/produkt\/gp5b-automatyczny-szlaban\/#primaryimage\"},\"image\":{\"@id\":\"https:\/\/greenweb.prezentuju.xyz\/pl\/produkt\/gp5b-automatyczny-szlaban\/#primaryimage\"},\"thumbnailUrl\":\"https:\/\/greenweb.prezentuju.xyz\/wp-content\/uploads\/2024\/01\/GP5B.png\",\"datePublished\":\"2024-01-12T08:17:04+00:00\",\"dateModified\":\"2024-06-27T10:59:17+00:00\",\"breadcrumb\":{\"@id\":\"https:\/\/greenweb.prezentuju.xyz\/pl\/produkt\/gp5b-automatyczny-szlaban\/#breadcrumb\"},\"inLanguage\":\"pl-PL\",\"potentialAction\":[{\"@type\":\"ReadAction\",\"target\":[\"https:\/\/greenweb.prezentuju.xyz\/pl\/produkt\/gp5b-automatyczny-szlaban\/\"]}]},{\"@type\":\"ImageObject\",\"inLanguage\":\"pl-PL\",\"@id\":\"https:\/\/greenweb.prezentuju.xyz\/pl\/produkt\/gp5b-automatyczny-szlaban\/#primaryimage\",\"url\":\"https:\/\/greenweb.prezentuju.xyz\/wp-content\/uploads\/2024\/01\/GP5B.png\",\"contentUrl\":\"https:\/\/greenweb.prezentuju.xyz\/wp-content\/uploads\/2024\/01\/GP5B.png\",\"width\":1300,\"height\":1823},{\"@type\":\"BreadcrumbList\",\"@id\":\"https:\/\/greenweb.prezentuju.xyz\/pl\/produkt\/gp5b-automatyczny-szlaban\/#breadcrumb\",\"itemListElement\":[{\"@type\":\"ListItem\",\"position\":1,\"name\":\"Strona g\u0142\u00f3wna\",\"item\":\"https:\/\/greenweb.prezentuju.xyz\/pl\/\"},{\"@type\":\"ListItem\",\"position\":2,\"name\":\"Produkty\",\"item\":\"https:\/\/greenweb.prezentuju.xyz\/produkty\/\"},{\"@type\":\"ListItem\",\"position\":3,\"name\":\"GP5B \u2013 Automatyczny Szlaban\"}]},{\"@type\":\"WebSite\",\"@id\":\"https:\/\/greenweb.prezentuju.xyz\/pl\/#website\",\"url\":\"https:\/\/greenweb.prezentuju.xyz\/pl\/\",\"name\":\"GREEN\",\"description\":\"Parkovac\u00ed syst\u00e9my a automatick\u00e9 z\u00e1vory\",\"potentialAction\":[{\"@type\":\"SearchAction\",\"target\":{\"@type\":\"EntryPoint\",\"urlTemplate\":\"https:\/\/greenweb.prezentuju.xyz\/pl\/?s={search_term_string}\"},\"query-input\":\"required name=search_term_string\"}],\"inLanguage\":\"pl-PL\"}]}<\/script>\n<!-- \/ Yoast SEO plugin. -->","yoast_head_json":{"title":"GP5B \u2013 Automatyczny Szlaban - Green Center","robots":{"index":"index","follow":"follow","max-snippet":"max-snippet:-1","max-image-preview":"max-image-preview:large","max-video-preview":"max-video-preview:-1"},"canonical":"https:\/\/greenweb.prezentuju.xyz\/pl\/produkt\/gp5b-automatyczny-szlaban\/","og_locale":"pl_PL","og_type":"article","og_title":"GP5B \u2013 Automatyczny Szlaban - Green Center","og_description":"Automatyczny szlaban GP5B jest obs\u0142ugiwany przez silnik elektryczny z&nbsp;przetwornic\u0105 cz\u0119stotliwo\u015bci, [...]","og_url":"https:\/\/greenweb.prezentuju.xyz\/pl\/produkt\/gp5b-automatyczny-szlaban\/","og_site_name":"Green Center","article_publisher":"https:\/\/www.facebook.com\/GREENCenterCZ","article_modified_time":"2024-06-27T10:59:17+00:00","og_image":[{"width":1300,"height":1823,"url":"https:\/\/greenweb.prezentuju.xyz\/wp-content\/uploads\/2024\/01\/GP5B.png","type":"image\/png"}],"twitter_card":"summary_large_image","twitter_misc":{"Szacowany czas czytania":"1 minuta"},"schema":{"@context":"https:\/\/schema.org","@graph":[{"@type":"WebPage","@id":"https:\/\/greenweb.prezentuju.xyz\/pl\/produkt\/gp5b-automatyczny-szlaban\/","url":"https:\/\/greenweb.prezentuju.xyz\/pl\/produkt\/gp5b-automatyczny-szlaban\/","name":"GP5B \u2013 Automatyczny Szlaban - Green Center","isPartOf":{"@id":"https:\/\/greenweb.prezentuju.xyz\/pl\/#website"},"primaryImageOfPage":{"@id":"https:\/\/greenweb.prezentuju.xyz\/pl\/produkt\/gp5b-automatyczny-szlaban\/#primaryimage"},"image":{"@id":"https:\/\/greenweb.prezentuju.xyz\/pl\/produkt\/gp5b-automatyczny-szlaban\/#primaryimage"},"thumbnailUrl":"https:\/\/greenweb.prezentuju.xyz\/wp-content\/uploads\/2024\/01\/GP5B.png","datePublished":"2024-01-12T08:17:04+00:00","dateModified":"2024-06-27T10:59:17+00:00","breadcrumb":{"@id":"https:\/\/greenweb.prezentuju.xyz\/pl\/produkt\/gp5b-automatyczny-szlaban\/#breadcrumb"},"inLanguage":"pl-PL","potentialAction":[{"@type":"ReadAction","target":["https:\/\/greenweb.prezentuju.xyz\/pl\/produkt\/gp5b-automatyczny-szlaban\/"]}]},{"@type":"ImageObject","inLanguage":"pl-PL","@id":"https:\/\/greenweb.prezentuju.xyz\/pl\/produkt\/gp5b-automatyczny-szlaban\/#primaryimage","url":"https:\/\/greenweb.prezentuju.xyz\/wp-content\/uploads\/2024\/01\/GP5B.png","contentUrl":"https:\/\/greenweb.prezentuju.xyz\/wp-content\/uploads\/2024\/01\/GP5B.png","width":1300,"height":1823},{"@type":"BreadcrumbList","@id":"https:\/\/greenweb.prezentuju.xyz\/pl\/produkt\/gp5b-automatyczny-szlaban\/#breadcrumb","itemListElement":[{"@type":"ListItem","position":1,"name":"Strona g\u0142\u00f3wna","item":"https:\/\/greenweb.prezentuju.xyz\/pl\/"},{"@type":"ListItem","position":2,"name":"Produkty","item":"https:\/\/greenweb.prezentuju.xyz\/produkty\/"},{"@type":"ListItem","position":3,"name":"GP5B \u2013 Automatyczny Szlaban"}]},{"@type":"WebSite","@id":"https:\/\/greenweb.prezentuju.xyz\/pl\/#website","url":"https:\/\/greenweb.prezentuju.xyz\/pl\/","name":"GREEN","description":"Parkovac\u00ed syst\u00e9my a automatick\u00e9 z\u00e1vory","potentialAction":[{"@type":"SearchAction","target":{"@type":"EntryPoint","urlTemplate":"https:\/\/greenweb.prezentuju.xyz\/pl\/?s={search_term_string}"},"query-input":"required name=search_term_string"}],"inLanguage":"pl-PL"}]}},"_links":{"self":[{"href":"https:\/\/greenweb.prezentuju.xyz\/pl\/wp-json\/wp\/v2\/product\/2275","targetHints":{"allow":["GET"]}}],"collection":[{"href":"https:\/\/greenweb.prezentuju.xyz\/pl\/wp-json\/wp\/v2\/product"}],"about":[{"href":"https:\/\/greenweb.prezentuju.xyz\/pl\/wp-json\/wp\/v2\/types\/product"}],"wp:featuredmedia":[{"embeddable":true,"href":"https:\/\/greenweb.prezentuju.xyz\/pl\/wp-json\/wp\/v2\/media\/1417"}],"wp:attachment":[{"href":"https:\/\/greenweb.prezentuju.xyz\/pl\/wp-json\/wp\/v2\/media?parent=2275"}],"wp:term":[{"taxonomy":"product_brand","embeddable":true,"href":"https:\/\/greenweb.prezentuju.xyz\/pl\/wp-json\/wp\/v2\/product_brand?post=2275"},{"taxonomy":"product_cat","embeddable":true,"href":"https:\/\/greenweb.prezentuju.xyz\/pl\/wp-json\/wp\/v2\/product_cat?post=2275"},{"taxonomy":"product_tag","embeddable":true,"href":"https:\/\/greenweb.prezentuju.xyz\/pl\/wp-json\/wp\/v2\/product_tag?post=2275"}],"curies":[{"name":"wp","href":"https:\/\/api.w.org\/{rel}","templated":true}]}}