{"id":2271,"date":"2024-01-12T08:43:02","date_gmt":"2024-01-12T07:43:02","guid":{"rendered":"http:\/\/green.cz\/produkt\/gp4tw-vjezdovy-vyjezdovy-terminal\/"},"modified":"2024-06-27T12:59:41","modified_gmt":"2024-06-27T10:59:41","slug":"gp4tw-vjezdovy-vyjezdovy-terminal","status":"publish","type":"product","link":"https:\/\/greenweb.prezentuju.xyz\/pl\/produkt\/gp4tw-vjezdovy-vyjezdovy-terminal\/","title":{"rendered":"GP4TW \u2013 Terminal Wjazdowy\/Wyjazdowy"},"content":{"rendered":"<p>GP4TW jest dodatkowym komponentem systemu Variant.<\/p>\n<p>Jest to terminal wjazdowy\/wyjazdowy o&nbsp;zwi\u0119kszonej pojemno\u015bci na akcesoria.<\/p>\n<p>W por\u00f3wnaniu do standardowego GP4T, mo\u017ce pomie\u015bci\u0107 wi\u0119cej komponent\u00f3w \u2013 na przyk\u0142ad czytnik kod\u00f3w kreskowych\/QR, czytnik zmotoryzowany z&nbsp;poborem biletu, terminal p\u0142atniczy i&nbsp;drukark\u0119 paragon\u00f3w jednocze\u015bnie.<\/p>\n","protected":false},"excerpt":{"rendered":"<p>GP4TW jest dodatkowym komponentem systemu Variant. Jest to terminal wjazdowy\/wyjazdowy  [&#8230;]<\/p>\n","protected":false},"featured_media":2696,"template":"","meta":[],"product_brand":[],"product_cat":[155,197,195,196],"product_tag":[],"class_list":{"0":"post-2271","1":"product","2":"type-product","3":"status-publish","4":"has-post-thumbnail","6":"product_cat-systemy-parkingowe","7":"product_cat-system-parkingowy-variant","8":"product_cat-elementy-systemow-parkingowych","9":"product_cat-terminale-wjazdowe-wyjazdowe","11":"first","12":"instock","13":"shipping-taxable","14":"product-type-simple"},"acf":[],"yoast_head":"<!-- This site is optimized with the Yoast SEO plugin v22.9 - https:\/\/yoast.com\/wordpress\/plugins\/seo\/ -->\n<title>GP4TW \u2013 Terminal Wjazdowy\/Wyjazdowy - Green Center<\/title>\n<meta name=\"robots\" content=\"index, follow, max-snippet:-1, max-image-preview:large, max-video-preview:-1\" \/>\n<link rel=\"canonical\" href=\"https:\/\/greenweb.prezentuju.xyz\/pl\/produkt\/gp4tw-vjezdovy-vyjezdovy-terminal\/\" \/>\n<meta property=\"og:locale\" content=\"pl_PL\" \/>\n<meta property=\"og:type\" content=\"article\" \/>\n<meta property=\"og:title\" content=\"GP4TW \u2013 Terminal Wjazdowy\/Wyjazdowy - Green Center\" \/>\n<meta property=\"og:description\" content=\"GP4TW jest dodatkowym komponentem systemu Variant. Jest to terminal wjazdowy\/wyjazdowy [...]\" \/>\n<meta property=\"og:url\" content=\"https:\/\/greenweb.prezentuju.xyz\/pl\/produkt\/gp4tw-vjezdovy-vyjezdovy-terminal\/\" \/>\n<meta property=\"og:site_name\" content=\"Green Center\" \/>\n<meta property=\"article:publisher\" content=\"https:\/\/www.facebook.com\/GREENCenterCZ\" \/>\n<meta property=\"article:modified_time\" content=\"2024-06-27T10:59:41+00:00\" \/>\n<meta property=\"og:image\" content=\"https:\/\/greenweb.prezentuju.xyz\/wp-content\/uploads\/2024\/01\/iso_GP4TW-730x1024.png\" \/>\n\t<meta property=\"og:image:width\" content=\"730\" \/>\n\t<meta property=\"og:image:height\" content=\"1024\" \/>\n\t<meta property=\"og:image:type\" content=\"image\/png\" \/>\n<meta name=\"twitter:card\" content=\"summary_large_image\" \/>\n<meta name=\"twitter:label1\" content=\"Szacowany czas czytania\" \/>\n\t<meta name=\"twitter:data1\" content=\"1 minuta\" \/>\n<script type=\"application\/ld+json\" class=\"yoast-schema-graph\">{\"@context\":\"https:\/\/schema.org\",\"@graph\":[{\"@type\":\"WebPage\",\"@id\":\"https:\/\/greenweb.prezentuju.xyz\/pl\/produkt\/gp4tw-vjezdovy-vyjezdovy-terminal\/\",\"url\":\"https:\/\/greenweb.prezentuju.xyz\/pl\/produkt\/gp4tw-vjezdovy-vyjezdovy-terminal\/\",\"name\":\"GP4TW \u2013 Terminal Wjazdowy\/Wyjazdowy - Green Center\",\"isPartOf\":{\"@id\":\"https:\/\/greenweb.prezentuju.xyz\/pl\/#website\"},\"primaryImageOfPage\":{\"@id\":\"https:\/\/greenweb.prezentuju.xyz\/pl\/produkt\/gp4tw-vjezdovy-vyjezdovy-terminal\/#primaryimage\"},\"image\":{\"@id\":\"https:\/\/greenweb.prezentuju.xyz\/pl\/produkt\/gp4tw-vjezdovy-vyjezdovy-terminal\/#primaryimage\"},\"thumbnailUrl\":\"https:\/\/greenweb.prezentuju.xyz\/wp-content\/uploads\/2024\/01\/iso_GP4TW.png\",\"datePublished\":\"2024-01-12T07:43:02+00:00\",\"dateModified\":\"2024-06-27T10:59:41+00:00\",\"breadcrumb\":{\"@id\":\"https:\/\/greenweb.prezentuju.xyz\/pl\/produkt\/gp4tw-vjezdovy-vyjezdovy-terminal\/#breadcrumb\"},\"inLanguage\":\"pl-PL\",\"potentialAction\":[{\"@type\":\"ReadAction\",\"target\":[\"https:\/\/greenweb.prezentuju.xyz\/pl\/produkt\/gp4tw-vjezdovy-vyjezdovy-terminal\/\"]}]},{\"@type\":\"ImageObject\",\"inLanguage\":\"pl-PL\",\"@id\":\"https:\/\/greenweb.prezentuju.xyz\/pl\/produkt\/gp4tw-vjezdovy-vyjezdovy-terminal\/#primaryimage\",\"url\":\"https:\/\/greenweb.prezentuju.xyz\/wp-content\/uploads\/2024\/01\/iso_GP4TW.png\",\"contentUrl\":\"https:\/\/greenweb.prezentuju.xyz\/wp-content\/uploads\/2024\/01\/iso_GP4TW.png\",\"width\":2551,\"height\":3579},{\"@type\":\"BreadcrumbList\",\"@id\":\"https:\/\/greenweb.prezentuju.xyz\/pl\/produkt\/gp4tw-vjezdovy-vyjezdovy-terminal\/#breadcrumb\",\"itemListElement\":[{\"@type\":\"ListItem\",\"position\":1,\"name\":\"Strona g\u0142\u00f3wna\",\"item\":\"https:\/\/greenweb.prezentuju.xyz\/pl\/\"},{\"@type\":\"ListItem\",\"position\":2,\"name\":\"Produkty\",\"item\":\"https:\/\/greenweb.prezentuju.xyz\/produkty\/\"},{\"@type\":\"ListItem\",\"position\":3,\"name\":\"GP4TW \u2013 Terminal Wjazdowy\/Wyjazdowy\"}]},{\"@type\":\"WebSite\",\"@id\":\"https:\/\/greenweb.prezentuju.xyz\/pl\/#website\",\"url\":\"https:\/\/greenweb.prezentuju.xyz\/pl\/\",\"name\":\"GREEN\",\"description\":\"Parkovac\u00ed syst\u00e9my a automatick\u00e9 z\u00e1vory\",\"potentialAction\":[{\"@type\":\"SearchAction\",\"target\":{\"@type\":\"EntryPoint\",\"urlTemplate\":\"https:\/\/greenweb.prezentuju.xyz\/pl\/?s={search_term_string}\"},\"query-input\":\"required name=search_term_string\"}],\"inLanguage\":\"pl-PL\"}]}<\/script>\n<!-- \/ Yoast SEO plugin. -->","yoast_head_json":{"title":"GP4TW \u2013 Terminal Wjazdowy\/Wyjazdowy - Green Center","robots":{"index":"index","follow":"follow","max-snippet":"max-snippet:-1","max-image-preview":"max-image-preview:large","max-video-preview":"max-video-preview:-1"},"canonical":"https:\/\/greenweb.prezentuju.xyz\/pl\/produkt\/gp4tw-vjezdovy-vyjezdovy-terminal\/","og_locale":"pl_PL","og_type":"article","og_title":"GP4TW \u2013 Terminal Wjazdowy\/Wyjazdowy - Green Center","og_description":"GP4TW jest dodatkowym komponentem systemu Variant. Jest to terminal wjazdowy\/wyjazdowy [...]","og_url":"https:\/\/greenweb.prezentuju.xyz\/pl\/produkt\/gp4tw-vjezdovy-vyjezdovy-terminal\/","og_site_name":"Green Center","article_publisher":"https:\/\/www.facebook.com\/GREENCenterCZ","article_modified_time":"2024-06-27T10:59:41+00:00","og_image":[{"width":730,"height":1024,"url":"https:\/\/greenweb.prezentuju.xyz\/wp-content\/uploads\/2024\/01\/iso_GP4TW-730x1024.png","type":"image\/png"}],"twitter_card":"summary_large_image","twitter_misc":{"Szacowany czas czytania":"1 minuta"},"schema":{"@context":"https:\/\/schema.org","@graph":[{"@type":"WebPage","@id":"https:\/\/greenweb.prezentuju.xyz\/pl\/produkt\/gp4tw-vjezdovy-vyjezdovy-terminal\/","url":"https:\/\/greenweb.prezentuju.xyz\/pl\/produkt\/gp4tw-vjezdovy-vyjezdovy-terminal\/","name":"GP4TW \u2013 Terminal Wjazdowy\/Wyjazdowy - Green Center","isPartOf":{"@id":"https:\/\/greenweb.prezentuju.xyz\/pl\/#website"},"primaryImageOfPage":{"@id":"https:\/\/greenweb.prezentuju.xyz\/pl\/produkt\/gp4tw-vjezdovy-vyjezdovy-terminal\/#primaryimage"},"image":{"@id":"https:\/\/greenweb.prezentuju.xyz\/pl\/produkt\/gp4tw-vjezdovy-vyjezdovy-terminal\/#primaryimage"},"thumbnailUrl":"https:\/\/greenweb.prezentuju.xyz\/wp-content\/uploads\/2024\/01\/iso_GP4TW.png","datePublished":"2024-01-12T07:43:02+00:00","dateModified":"2024-06-27T10:59:41+00:00","breadcrumb":{"@id":"https:\/\/greenweb.prezentuju.xyz\/pl\/produkt\/gp4tw-vjezdovy-vyjezdovy-terminal\/#breadcrumb"},"inLanguage":"pl-PL","potentialAction":[{"@type":"ReadAction","target":["https:\/\/greenweb.prezentuju.xyz\/pl\/produkt\/gp4tw-vjezdovy-vyjezdovy-terminal\/"]}]},{"@type":"ImageObject","inLanguage":"pl-PL","@id":"https:\/\/greenweb.prezentuju.xyz\/pl\/produkt\/gp4tw-vjezdovy-vyjezdovy-terminal\/#primaryimage","url":"https:\/\/greenweb.prezentuju.xyz\/wp-content\/uploads\/2024\/01\/iso_GP4TW.png","contentUrl":"https:\/\/greenweb.prezentuju.xyz\/wp-content\/uploads\/2024\/01\/iso_GP4TW.png","width":2551,"height":3579},{"@type":"BreadcrumbList","@id":"https:\/\/greenweb.prezentuju.xyz\/pl\/produkt\/gp4tw-vjezdovy-vyjezdovy-terminal\/#breadcrumb","itemListElement":[{"@type":"ListItem","position":1,"name":"Strona g\u0142\u00f3wna","item":"https:\/\/greenweb.prezentuju.xyz\/pl\/"},{"@type":"ListItem","position":2,"name":"Produkty","item":"https:\/\/greenweb.prezentuju.xyz\/produkty\/"},{"@type":"ListItem","position":3,"name":"GP4TW \u2013 Terminal Wjazdowy\/Wyjazdowy"}]},{"@type":"WebSite","@id":"https:\/\/greenweb.prezentuju.xyz\/pl\/#website","url":"https:\/\/greenweb.prezentuju.xyz\/pl\/","name":"GREEN","description":"Parkovac\u00ed syst\u00e9my a automatick\u00e9 z\u00e1vory","potentialAction":[{"@type":"SearchAction","target":{"@type":"EntryPoint","urlTemplate":"https:\/\/greenweb.prezentuju.xyz\/pl\/?s={search_term_string}"},"query-input":"required name=search_term_string"}],"inLanguage":"pl-PL"}]}},"_links":{"self":[{"href":"https:\/\/greenweb.prezentuju.xyz\/pl\/wp-json\/wp\/v2\/product\/2271","targetHints":{"allow":["GET"]}}],"collection":[{"href":"https:\/\/greenweb.prezentuju.xyz\/pl\/wp-json\/wp\/v2\/product"}],"about":[{"href":"https:\/\/greenweb.prezentuju.xyz\/pl\/wp-json\/wp\/v2\/types\/product"}],"wp:featuredmedia":[{"embeddable":true,"href":"https:\/\/greenweb.prezentuju.xyz\/pl\/wp-json\/wp\/v2\/media\/2696"}],"wp:attachment":[{"href":"https:\/\/greenweb.prezentuju.xyz\/pl\/wp-json\/wp\/v2\/media?parent=2271"}],"wp:term":[{"taxonomy":"product_brand","embeddable":true,"href":"https:\/\/greenweb.prezentuju.xyz\/pl\/wp-json\/wp\/v2\/product_brand?post=2271"},{"taxonomy":"product_cat","embeddable":true,"href":"https:\/\/greenweb.prezentuju.xyz\/pl\/wp-json\/wp\/v2\/product_cat?post=2271"},{"taxonomy":"product_tag","embeddable":true,"href":"https:\/\/greenweb.prezentuju.xyz\/pl\/wp-json\/wp\/v2\/product_tag?post=2271"}],"curies":[{"name":"wp","href":"https:\/\/api.w.org\/{rel}","templated":true}]}}