{"id":2269,"date":"2023-12-11T14:34:07","date_gmt":"2023-12-11T13:34:07","guid":{"rendered":"http:\/\/green.cz\/produkt\/gp4msv2-automaticka-platebni-stanice\/"},"modified":"2024-06-27T12:59:55","modified_gmt":"2024-06-27T10:59:55","slug":"gp4ms-v2-kompaktowa-stacja-platnicza","status":"publish","type":"product","link":"https:\/\/greenweb.prezentuju.xyz\/pl\/produkt\/gp4ms-v2-kompaktowa-stacja-platnicza\/","title":{"rendered":"GP4MS v2 \u2013 Kompaktowa Stacja P\u0142atnicza"},"content":{"rendered":"<p>GP4MS v2 jest dodatkowym komponentem systemu Variant.<\/p>\n<p>Jest to automat p\u0142atniczy przeznaczony do bezobs\u0142ugowego pobierania op\u0142at za parkowanie, zar\u00f3wno got\u00f3wkowych, jak i&nbsp;bezgot\u00f3wkowych.<\/p>\n<p>W por\u00f3wnaniu do wi\u0119kszego GP4M, ma mniejsz\u0105 pojemno\u015b\u0107 na got\u00f3wk\u0119, co sprawia, \u017ce jest odpowiedni do instalacji o&nbsp;mniejszym nat\u0119\u017ceniu ruchu.<\/p>\n<p>Stacja p\u0142atnicza nie mo\u017ce by\u0107 u\u017cywana do p\u0142atno\u015bci przy wyje\u017adzie.<\/p>\n","protected":false},"excerpt":{"rendered":"<p>GP4MS v2 jest dodatkowym komponentem systemu Variant. Jest to automat  [&#8230;]<\/p>\n","protected":false},"featured_media":2701,"template":"","meta":[],"product_brand":[],"product_cat":[155,197,195,228],"product_tag":[],"class_list":{"0":"post-2269","1":"product","2":"type-product","3":"status-publish","4":"has-post-thumbnail","6":"product_cat-systemy-parkingowe","7":"product_cat-system-parkingowy-variant","8":"product_cat-elementy-systemow-parkingowych","9":"product_cat-automatyczne-stacje-platnicze","11":"first","12":"instock","13":"shipping-taxable","14":"product-type-simple"},"acf":[],"yoast_head":"<!-- This site is optimized with the Yoast SEO plugin v22.9 - https:\/\/yoast.com\/wordpress\/plugins\/seo\/ -->\n<title>GP4MS v2 \u2013 Kompaktowa Stacja P\u0142atnicza - Green Center<\/title>\n<meta name=\"robots\" content=\"index, follow, max-snippet:-1, max-image-preview:large, max-video-preview:-1\" \/>\n<link rel=\"canonical\" href=\"https:\/\/greenweb.prezentuju.xyz\/pl\/produkt\/gp4ms-v2-kompaktowa-stacja-platnicza\/\" \/>\n<meta property=\"og:locale\" content=\"pl_PL\" \/>\n<meta property=\"og:type\" content=\"article\" \/>\n<meta property=\"og:title\" content=\"GP4MS v2 \u2013 Kompaktowa Stacja P\u0142atnicza - Green Center\" \/>\n<meta property=\"og:description\" content=\"GP4MS v2 jest dodatkowym komponentem systemu Variant. Jest to automat [...]\" \/>\n<meta property=\"og:url\" content=\"https:\/\/greenweb.prezentuju.xyz\/pl\/produkt\/gp4ms-v2-kompaktowa-stacja-platnicza\/\" \/>\n<meta property=\"og:site_name\" content=\"Green Center\" \/>\n<meta property=\"article:publisher\" content=\"https:\/\/www.facebook.com\/GREENCenterCZ\" \/>\n<meta property=\"article:modified_time\" content=\"2024-06-27T10:59:55+00:00\" \/>\n<meta property=\"og:image\" content=\"https:\/\/greenweb.prezentuju.xyz\/wp-content\/uploads\/2023\/12\/GP4MSv2.png\" \/>\n\t<meta property=\"og:image:width\" content=\"1300\" \/>\n\t<meta property=\"og:image:height\" content=\"1823\" \/>\n\t<meta property=\"og:image:type\" content=\"image\/png\" \/>\n<meta name=\"twitter:card\" content=\"summary_large_image\" \/>\n<meta name=\"twitter:label1\" content=\"Szacowany czas czytania\" \/>\n\t<meta name=\"twitter:data1\" content=\"1 minuta\" \/>\n<script type=\"application\/ld+json\" class=\"yoast-schema-graph\">{\"@context\":\"https:\/\/schema.org\",\"@graph\":[{\"@type\":\"WebPage\",\"@id\":\"https:\/\/greenweb.prezentuju.xyz\/pl\/produkt\/gp4ms-v2-kompaktowa-stacja-platnicza\/\",\"url\":\"https:\/\/greenweb.prezentuju.xyz\/pl\/produkt\/gp4ms-v2-kompaktowa-stacja-platnicza\/\",\"name\":\"GP4MS v2 \u2013 Kompaktowa Stacja P\u0142atnicza - Green Center\",\"isPartOf\":{\"@id\":\"https:\/\/greenweb.prezentuju.xyz\/pl\/#website\"},\"primaryImageOfPage\":{\"@id\":\"https:\/\/greenweb.prezentuju.xyz\/pl\/produkt\/gp4ms-v2-kompaktowa-stacja-platnicza\/#primaryimage\"},\"image\":{\"@id\":\"https:\/\/greenweb.prezentuju.xyz\/pl\/produkt\/gp4ms-v2-kompaktowa-stacja-platnicza\/#primaryimage\"},\"thumbnailUrl\":\"https:\/\/greenweb.prezentuju.xyz\/wp-content\/uploads\/2023\/12\/02a-GP4MSv2.png\",\"datePublished\":\"2023-12-11T13:34:07+00:00\",\"dateModified\":\"2024-06-27T10:59:55+00:00\",\"breadcrumb\":{\"@id\":\"https:\/\/greenweb.prezentuju.xyz\/pl\/produkt\/gp4ms-v2-kompaktowa-stacja-platnicza\/#breadcrumb\"},\"inLanguage\":\"pl-PL\",\"potentialAction\":[{\"@type\":\"ReadAction\",\"target\":[\"https:\/\/greenweb.prezentuju.xyz\/pl\/produkt\/gp4ms-v2-kompaktowa-stacja-platnicza\/\"]}]},{\"@type\":\"ImageObject\",\"inLanguage\":\"pl-PL\",\"@id\":\"https:\/\/greenweb.prezentuju.xyz\/pl\/produkt\/gp4ms-v2-kompaktowa-stacja-platnicza\/#primaryimage\",\"url\":\"https:\/\/greenweb.prezentuju.xyz\/wp-content\/uploads\/2023\/12\/02a-GP4MSv2.png\",\"contentUrl\":\"https:\/\/greenweb.prezentuju.xyz\/wp-content\/uploads\/2023\/12\/02a-GP4MSv2.png\",\"width\":2551,\"height\":3579},{\"@type\":\"BreadcrumbList\",\"@id\":\"https:\/\/greenweb.prezentuju.xyz\/pl\/produkt\/gp4ms-v2-kompaktowa-stacja-platnicza\/#breadcrumb\",\"itemListElement\":[{\"@type\":\"ListItem\",\"position\":1,\"name\":\"Strona g\u0142\u00f3wna\",\"item\":\"https:\/\/greenweb.prezentuju.xyz\/pl\/\"},{\"@type\":\"ListItem\",\"position\":2,\"name\":\"Produkty\",\"item\":\"https:\/\/greenweb.prezentuju.xyz\/produkty\/\"},{\"@type\":\"ListItem\",\"position\":3,\"name\":\"GP4MS v2 \u2013 Kompaktowa Stacja P\u0142atnicza\"}]},{\"@type\":\"WebSite\",\"@id\":\"https:\/\/greenweb.prezentuju.xyz\/pl\/#website\",\"url\":\"https:\/\/greenweb.prezentuju.xyz\/pl\/\",\"name\":\"GREEN\",\"description\":\"Parkovac\u00ed syst\u00e9my a automatick\u00e9 z\u00e1vory\",\"potentialAction\":[{\"@type\":\"SearchAction\",\"target\":{\"@type\":\"EntryPoint\",\"urlTemplate\":\"https:\/\/greenweb.prezentuju.xyz\/pl\/?s={search_term_string}\"},\"query-input\":\"required name=search_term_string\"}],\"inLanguage\":\"pl-PL\"}]}<\/script>\n<!-- \/ Yoast SEO plugin. -->","yoast_head_json":{"title":"GP4MS v2 \u2013 Kompaktowa Stacja P\u0142atnicza - Green Center","robots":{"index":"index","follow":"follow","max-snippet":"max-snippet:-1","max-image-preview":"max-image-preview:large","max-video-preview":"max-video-preview:-1"},"canonical":"https:\/\/greenweb.prezentuju.xyz\/pl\/produkt\/gp4ms-v2-kompaktowa-stacja-platnicza\/","og_locale":"pl_PL","og_type":"article","og_title":"GP4MS v2 \u2013 Kompaktowa Stacja P\u0142atnicza - Green Center","og_description":"GP4MS v2 jest dodatkowym komponentem systemu Variant. Jest to automat [...]","og_url":"https:\/\/greenweb.prezentuju.xyz\/pl\/produkt\/gp4ms-v2-kompaktowa-stacja-platnicza\/","og_site_name":"Green Center","article_publisher":"https:\/\/www.facebook.com\/GREENCenterCZ","article_modified_time":"2024-06-27T10:59:55+00:00","og_image":[{"width":1300,"height":1823,"url":"https:\/\/greenweb.prezentuju.xyz\/wp-content\/uploads\/2023\/12\/GP4MSv2.png","type":"image\/png"}],"twitter_card":"summary_large_image","twitter_misc":{"Szacowany czas czytania":"1 minuta"},"schema":{"@context":"https:\/\/schema.org","@graph":[{"@type":"WebPage","@id":"https:\/\/greenweb.prezentuju.xyz\/pl\/produkt\/gp4ms-v2-kompaktowa-stacja-platnicza\/","url":"https:\/\/greenweb.prezentuju.xyz\/pl\/produkt\/gp4ms-v2-kompaktowa-stacja-platnicza\/","name":"GP4MS v2 \u2013 Kompaktowa Stacja P\u0142atnicza - Green Center","isPartOf":{"@id":"https:\/\/greenweb.prezentuju.xyz\/pl\/#website"},"primaryImageOfPage":{"@id":"https:\/\/greenweb.prezentuju.xyz\/pl\/produkt\/gp4ms-v2-kompaktowa-stacja-platnicza\/#primaryimage"},"image":{"@id":"https:\/\/greenweb.prezentuju.xyz\/pl\/produkt\/gp4ms-v2-kompaktowa-stacja-platnicza\/#primaryimage"},"thumbnailUrl":"https:\/\/greenweb.prezentuju.xyz\/wp-content\/uploads\/2023\/12\/02a-GP4MSv2.png","datePublished":"2023-12-11T13:34:07+00:00","dateModified":"2024-06-27T10:59:55+00:00","breadcrumb":{"@id":"https:\/\/greenweb.prezentuju.xyz\/pl\/produkt\/gp4ms-v2-kompaktowa-stacja-platnicza\/#breadcrumb"},"inLanguage":"pl-PL","potentialAction":[{"@type":"ReadAction","target":["https:\/\/greenweb.prezentuju.xyz\/pl\/produkt\/gp4ms-v2-kompaktowa-stacja-platnicza\/"]}]},{"@type":"ImageObject","inLanguage":"pl-PL","@id":"https:\/\/greenweb.prezentuju.xyz\/pl\/produkt\/gp4ms-v2-kompaktowa-stacja-platnicza\/#primaryimage","url":"https:\/\/greenweb.prezentuju.xyz\/wp-content\/uploads\/2023\/12\/02a-GP4MSv2.png","contentUrl":"https:\/\/greenweb.prezentuju.xyz\/wp-content\/uploads\/2023\/12\/02a-GP4MSv2.png","width":2551,"height":3579},{"@type":"BreadcrumbList","@id":"https:\/\/greenweb.prezentuju.xyz\/pl\/produkt\/gp4ms-v2-kompaktowa-stacja-platnicza\/#breadcrumb","itemListElement":[{"@type":"ListItem","position":1,"name":"Strona g\u0142\u00f3wna","item":"https:\/\/greenweb.prezentuju.xyz\/pl\/"},{"@type":"ListItem","position":2,"name":"Produkty","item":"https:\/\/greenweb.prezentuju.xyz\/produkty\/"},{"@type":"ListItem","position":3,"name":"GP4MS v2 \u2013 Kompaktowa Stacja P\u0142atnicza"}]},{"@type":"WebSite","@id":"https:\/\/greenweb.prezentuju.xyz\/pl\/#website","url":"https:\/\/greenweb.prezentuju.xyz\/pl\/","name":"GREEN","description":"Parkovac\u00ed syst\u00e9my a automatick\u00e9 z\u00e1vory","potentialAction":[{"@type":"SearchAction","target":{"@type":"EntryPoint","urlTemplate":"https:\/\/greenweb.prezentuju.xyz\/pl\/?s={search_term_string}"},"query-input":"required name=search_term_string"}],"inLanguage":"pl-PL"}]}},"_links":{"self":[{"href":"https:\/\/greenweb.prezentuju.xyz\/pl\/wp-json\/wp\/v2\/product\/2269","targetHints":{"allow":["GET"]}}],"collection":[{"href":"https:\/\/greenweb.prezentuju.xyz\/pl\/wp-json\/wp\/v2\/product"}],"about":[{"href":"https:\/\/greenweb.prezentuju.xyz\/pl\/wp-json\/wp\/v2\/types\/product"}],"wp:featuredmedia":[{"embeddable":true,"href":"https:\/\/greenweb.prezentuju.xyz\/pl\/wp-json\/wp\/v2\/media\/2701"}],"wp:attachment":[{"href":"https:\/\/greenweb.prezentuju.xyz\/pl\/wp-json\/wp\/v2\/media?parent=2269"}],"wp:term":[{"taxonomy":"product_brand","embeddable":true,"href":"https:\/\/greenweb.prezentuju.xyz\/pl\/wp-json\/wp\/v2\/product_brand?post=2269"},{"taxonomy":"product_cat","embeddable":true,"href":"https:\/\/greenweb.prezentuju.xyz\/pl\/wp-json\/wp\/v2\/product_cat?post=2269"},{"taxonomy":"product_tag","embeddable":true,"href":"https:\/\/greenweb.prezentuju.xyz\/pl\/wp-json\/wp\/v2\/product_tag?post=2269"}],"curies":[{"name":"wp","href":"https:\/\/api.w.org\/{rel}","templated":true}]}}