{"id":2263,"date":"2024-01-12T10:42:39","date_gmt":"2024-01-12T09:42:39","guid":{"rendered":"http:\/\/green.cz\/produkt\/gp4at-turniket-s-platebni-stanici\/"},"modified":"2025-06-22T12:45:21","modified_gmt":"2025-06-22T10:45:21","slug":"gp4at-kolowrot-z-stacja-platnicza","status":"publish","type":"product","link":"https:\/\/greenweb.prezentuju.xyz\/pl\/produkt\/gp4at-kolowrot-z-stacja-platnicza\/","title":{"rendered":"GP4AT \u2013 Ko\u0142owr\u00f3t z&nbsp;Stacj\u0105 P\u0142atnicz\u0105"},"content":{"rendered":"<p>GP4AT \u0142\u0105czy dwukierunkowy ko\u0142owr\u00f3t tr\u00f3jramienny z&nbsp;automatyczn\u0105 stacj\u0105 p\u0142atnicz\u0105.<\/p>\n<p>Umo\u017cliwia ustawienie harmonogramu, kt\u00f3ry automatycznie zmienia op\u0142at\u0119 za wej\u015bcie w czasie.<\/p>\n<p>Po dokonaniu p\u0142atno\u015bci, ko\u0142owr\u00f3t wydaje paragon fiskalny, kt\u00f3ry mo\u017ce by\u0107 wydrukowany z&nbsp;kodem QR (np. na potrzeby voucher\u00f3w rabatowych).<\/p>\n<p>Ko\u0142owr\u00f3t dzia\u0142a ca\u0142kowicie autonomicznie \u2013 nie ma potrzeby pod\u0142\u0105czania go do nadrz\u0119dnego systemu (chocia\u017c jest to mo\u017cliwe, np. w celu integracji z&nbsp;systemem monitoringu).<\/p>\n","protected":false},"excerpt":{"rendered":"<p>GP4AT \u0142\u0105czy dwukierunkowy ko\u0142owr\u00f3t tr\u00f3jramienny z&nbsp;automatyczn\u0105 stacj\u0105 p\u0142atnicz\u0105. Umo\u017cliwia ustawienie  [&#8230;]<\/p>\n","protected":false},"featured_media":2684,"template":"","meta":[],"product_brand":[],"product_cat":[226],"product_tag":[],"class_list":{"0":"post-2263","1":"product","2":"type-product","3":"status-publish","4":"has-post-thumbnail","6":"product_cat-systemy-dostepu","8":"first","9":"instock","10":"shipping-taxable","11":"product-type-simple"},"acf":[],"yoast_head":"<!-- This site is optimized with the Yoast SEO plugin v22.9 - https:\/\/yoast.com\/wordpress\/plugins\/seo\/ -->\n<title>GP4AT \u2013 Ko\u0142owr\u00f3t z Stacj\u0105 P\u0142atnicz\u0105 - Green Center<\/title>\n<meta name=\"robots\" content=\"index, follow, max-snippet:-1, max-image-preview:large, max-video-preview:-1\" \/>\n<link rel=\"canonical\" href=\"https:\/\/greenweb.prezentuju.xyz\/pl\/produkt\/gp4at-kolowrot-z-stacja-platnicza\/\" \/>\n<meta property=\"og:locale\" content=\"pl_PL\" \/>\n<meta property=\"og:type\" content=\"article\" \/>\n<meta property=\"og:title\" content=\"GP4AT \u2013 Ko\u0142owr\u00f3t z Stacj\u0105 P\u0142atnicz\u0105 - Green Center\" \/>\n<meta property=\"og:description\" content=\"GP4AT \u0142\u0105czy dwukierunkowy ko\u0142owr\u00f3t tr\u00f3jramienny z&nbsp;automatyczn\u0105 stacj\u0105 p\u0142atnicz\u0105. Umo\u017cliwia ustawienie [...]\" \/>\n<meta property=\"og:url\" content=\"https:\/\/greenweb.prezentuju.xyz\/pl\/produkt\/gp4at-kolowrot-z-stacja-platnicza\/\" \/>\n<meta property=\"og:site_name\" content=\"Green Center\" \/>\n<meta property=\"article:publisher\" content=\"https:\/\/www.facebook.com\/GREENCenterCZ\" \/>\n<meta property=\"article:modified_time\" content=\"2025-06-22T10:45:21+00:00\" \/>\n<meta property=\"og:image\" content=\"https:\/\/greenweb.prezentuju.xyz\/wp-content\/uploads\/2024\/01\/iso_GP4AT-730x1024.png\" \/>\n\t<meta property=\"og:image:width\" content=\"730\" \/>\n\t<meta property=\"og:image:height\" content=\"1024\" \/>\n\t<meta property=\"og:image:type\" content=\"image\/png\" \/>\n<meta name=\"twitter:card\" content=\"summary_large_image\" \/>\n<meta name=\"twitter:label1\" content=\"Szacowany czas czytania\" \/>\n\t<meta name=\"twitter:data1\" content=\"1 minuta\" \/>\n<script type=\"application\/ld+json\" class=\"yoast-schema-graph\">{\"@context\":\"https:\/\/schema.org\",\"@graph\":[{\"@type\":\"WebPage\",\"@id\":\"https:\/\/greenweb.prezentuju.xyz\/pl\/produkt\/gp4at-kolowrot-z-stacja-platnicza\/\",\"url\":\"https:\/\/greenweb.prezentuju.xyz\/pl\/produkt\/gp4at-kolowrot-z-stacja-platnicza\/\",\"name\":\"GP4AT \u2013 Ko\u0142owr\u00f3t z Stacj\u0105 P\u0142atnicz\u0105 - Green Center\",\"isPartOf\":{\"@id\":\"https:\/\/greenweb.prezentuju.xyz\/pl\/#website\"},\"primaryImageOfPage\":{\"@id\":\"https:\/\/greenweb.prezentuju.xyz\/pl\/produkt\/gp4at-kolowrot-z-stacja-platnicza\/#primaryimage\"},\"image\":{\"@id\":\"https:\/\/greenweb.prezentuju.xyz\/pl\/produkt\/gp4at-kolowrot-z-stacja-platnicza\/#primaryimage\"},\"thumbnailUrl\":\"https:\/\/greenweb.prezentuju.xyz\/wp-content\/uploads\/2024\/01\/iso_GP4AT.png\",\"datePublished\":\"2024-01-12T09:42:39+00:00\",\"dateModified\":\"2025-06-22T10:45:21+00:00\",\"breadcrumb\":{\"@id\":\"https:\/\/greenweb.prezentuju.xyz\/pl\/produkt\/gp4at-kolowrot-z-stacja-platnicza\/#breadcrumb\"},\"inLanguage\":\"pl-PL\",\"potentialAction\":[{\"@type\":\"ReadAction\",\"target\":[\"https:\/\/greenweb.prezentuju.xyz\/pl\/produkt\/gp4at-kolowrot-z-stacja-platnicza\/\"]}]},{\"@type\":\"ImageObject\",\"inLanguage\":\"pl-PL\",\"@id\":\"https:\/\/greenweb.prezentuju.xyz\/pl\/produkt\/gp4at-kolowrot-z-stacja-platnicza\/#primaryimage\",\"url\":\"https:\/\/greenweb.prezentuju.xyz\/wp-content\/uploads\/2024\/01\/iso_GP4AT.png\",\"contentUrl\":\"https:\/\/greenweb.prezentuju.xyz\/wp-content\/uploads\/2024\/01\/iso_GP4AT.png\",\"width\":2551,\"height\":3579},{\"@type\":\"BreadcrumbList\",\"@id\":\"https:\/\/greenweb.prezentuju.xyz\/pl\/produkt\/gp4at-kolowrot-z-stacja-platnicza\/#breadcrumb\",\"itemListElement\":[{\"@type\":\"ListItem\",\"position\":1,\"name\":\"Strona g\u0142\u00f3wna\",\"item\":\"https:\/\/greenweb.prezentuju.xyz\/pl\/\"},{\"@type\":\"ListItem\",\"position\":2,\"name\":\"Produkty\",\"item\":\"https:\/\/greenweb.prezentuju.xyz\/produkty\/\"},{\"@type\":\"ListItem\",\"position\":3,\"name\":\"GP4AT \u2013 Ko\u0142owr\u00f3t z Stacj\u0105 P\u0142atnicz\u0105\"}]},{\"@type\":\"WebSite\",\"@id\":\"https:\/\/greenweb.prezentuju.xyz\/pl\/#website\",\"url\":\"https:\/\/greenweb.prezentuju.xyz\/pl\/\",\"name\":\"GREEN\",\"description\":\"Parkovac\u00ed syst\u00e9my a automatick\u00e9 z\u00e1vory\",\"potentialAction\":[{\"@type\":\"SearchAction\",\"target\":{\"@type\":\"EntryPoint\",\"urlTemplate\":\"https:\/\/greenweb.prezentuju.xyz\/pl\/?s={search_term_string}\"},\"query-input\":\"required name=search_term_string\"}],\"inLanguage\":\"pl-PL\"}]}<\/script>\n<!-- \/ Yoast SEO plugin. -->","yoast_head_json":{"title":"GP4AT \u2013 Ko\u0142owr\u00f3t z Stacj\u0105 P\u0142atnicz\u0105 - Green Center","robots":{"index":"index","follow":"follow","max-snippet":"max-snippet:-1","max-image-preview":"max-image-preview:large","max-video-preview":"max-video-preview:-1"},"canonical":"https:\/\/greenweb.prezentuju.xyz\/pl\/produkt\/gp4at-kolowrot-z-stacja-platnicza\/","og_locale":"pl_PL","og_type":"article","og_title":"GP4AT \u2013 Ko\u0142owr\u00f3t z Stacj\u0105 P\u0142atnicz\u0105 - Green Center","og_description":"GP4AT \u0142\u0105czy dwukierunkowy ko\u0142owr\u00f3t tr\u00f3jramienny z&nbsp;automatyczn\u0105 stacj\u0105 p\u0142atnicz\u0105. Umo\u017cliwia ustawienie [...]","og_url":"https:\/\/greenweb.prezentuju.xyz\/pl\/produkt\/gp4at-kolowrot-z-stacja-platnicza\/","og_site_name":"Green Center","article_publisher":"https:\/\/www.facebook.com\/GREENCenterCZ","article_modified_time":"2025-06-22T10:45:21+00:00","og_image":[{"width":730,"height":1024,"url":"https:\/\/greenweb.prezentuju.xyz\/wp-content\/uploads\/2024\/01\/iso_GP4AT-730x1024.png","type":"image\/png"}],"twitter_card":"summary_large_image","twitter_misc":{"Szacowany czas czytania":"1 minuta"},"schema":{"@context":"https:\/\/schema.org","@graph":[{"@type":"WebPage","@id":"https:\/\/greenweb.prezentuju.xyz\/pl\/produkt\/gp4at-kolowrot-z-stacja-platnicza\/","url":"https:\/\/greenweb.prezentuju.xyz\/pl\/produkt\/gp4at-kolowrot-z-stacja-platnicza\/","name":"GP4AT \u2013 Ko\u0142owr\u00f3t z Stacj\u0105 P\u0142atnicz\u0105 - Green Center","isPartOf":{"@id":"https:\/\/greenweb.prezentuju.xyz\/pl\/#website"},"primaryImageOfPage":{"@id":"https:\/\/greenweb.prezentuju.xyz\/pl\/produkt\/gp4at-kolowrot-z-stacja-platnicza\/#primaryimage"},"image":{"@id":"https:\/\/greenweb.prezentuju.xyz\/pl\/produkt\/gp4at-kolowrot-z-stacja-platnicza\/#primaryimage"},"thumbnailUrl":"https:\/\/greenweb.prezentuju.xyz\/wp-content\/uploads\/2024\/01\/iso_GP4AT.png","datePublished":"2024-01-12T09:42:39+00:00","dateModified":"2025-06-22T10:45:21+00:00","breadcrumb":{"@id":"https:\/\/greenweb.prezentuju.xyz\/pl\/produkt\/gp4at-kolowrot-z-stacja-platnicza\/#breadcrumb"},"inLanguage":"pl-PL","potentialAction":[{"@type":"ReadAction","target":["https:\/\/greenweb.prezentuju.xyz\/pl\/produkt\/gp4at-kolowrot-z-stacja-platnicza\/"]}]},{"@type":"ImageObject","inLanguage":"pl-PL","@id":"https:\/\/greenweb.prezentuju.xyz\/pl\/produkt\/gp4at-kolowrot-z-stacja-platnicza\/#primaryimage","url":"https:\/\/greenweb.prezentuju.xyz\/wp-content\/uploads\/2024\/01\/iso_GP4AT.png","contentUrl":"https:\/\/greenweb.prezentuju.xyz\/wp-content\/uploads\/2024\/01\/iso_GP4AT.png","width":2551,"height":3579},{"@type":"BreadcrumbList","@id":"https:\/\/greenweb.prezentuju.xyz\/pl\/produkt\/gp4at-kolowrot-z-stacja-platnicza\/#breadcrumb","itemListElement":[{"@type":"ListItem","position":1,"name":"Strona g\u0142\u00f3wna","item":"https:\/\/greenweb.prezentuju.xyz\/pl\/"},{"@type":"ListItem","position":2,"name":"Produkty","item":"https:\/\/greenweb.prezentuju.xyz\/produkty\/"},{"@type":"ListItem","position":3,"name":"GP4AT \u2013 Ko\u0142owr\u00f3t z Stacj\u0105 P\u0142atnicz\u0105"}]},{"@type":"WebSite","@id":"https:\/\/greenweb.prezentuju.xyz\/pl\/#website","url":"https:\/\/greenweb.prezentuju.xyz\/pl\/","name":"GREEN","description":"Parkovac\u00ed syst\u00e9my a automatick\u00e9 z\u00e1vory","potentialAction":[{"@type":"SearchAction","target":{"@type":"EntryPoint","urlTemplate":"https:\/\/greenweb.prezentuju.xyz\/pl\/?s={search_term_string}"},"query-input":"required name=search_term_string"}],"inLanguage":"pl-PL"}]}},"_links":{"self":[{"href":"https:\/\/greenweb.prezentuju.xyz\/pl\/wp-json\/wp\/v2\/product\/2263","targetHints":{"allow":["GET"]}}],"collection":[{"href":"https:\/\/greenweb.prezentuju.xyz\/pl\/wp-json\/wp\/v2\/product"}],"about":[{"href":"https:\/\/greenweb.prezentuju.xyz\/pl\/wp-json\/wp\/v2\/types\/product"}],"wp:featuredmedia":[{"embeddable":true,"href":"https:\/\/greenweb.prezentuju.xyz\/pl\/wp-json\/wp\/v2\/media\/2684"}],"wp:attachment":[{"href":"https:\/\/greenweb.prezentuju.xyz\/pl\/wp-json\/wp\/v2\/media?parent=2263"}],"wp:term":[{"taxonomy":"product_brand","embeddable":true,"href":"https:\/\/greenweb.prezentuju.xyz\/pl\/wp-json\/wp\/v2\/product_brand?post=2263"},{"taxonomy":"product_cat","embeddable":true,"href":"https:\/\/greenweb.prezentuju.xyz\/pl\/wp-json\/wp\/v2\/product_cat?post=2263"},{"taxonomy":"product_tag","embeddable":true,"href":"https:\/\/greenweb.prezentuju.xyz\/pl\/wp-json\/wp\/v2\/product_tag?post=2263"}],"curies":[{"name":"wp","href":"https:\/\/api.w.org\/{rel}","templated":true}]}}