{"id":2261,"date":"2024-01-12T11:52:47","date_gmt":"2024-01-12T10:52:47","guid":{"rendered":"http:\/\/green.cz\/produkt\/gp4am-automaticka-platebni-stanice\/"},"modified":"2024-06-27T12:59:02","modified_gmt":"2024-06-27T10:59:02","slug":"gp4am-mala-stacja-platnicza","status":"publish","type":"product","link":"https:\/\/greenweb.prezentuju.xyz\/pl\/produkt\/gp4am-mala-stacja-platnicza\/","title":{"rendered":"GP4AM \u2013 Ma\u0142a Stacja P\u0142atnicza"},"content":{"rendered":"<p>GP4AM to ma\u0142a automatyczna stacja p\u0142atnicza przeznaczona do pobierania op\u0142at za wej\u015bcie.<\/p>\n<p>Umo\u017cliwia p\u0142atno\u015b\u0107 zar\u00f3wno czeskimi koronami, jak i&nbsp;monetami Euro, lub kart\u0105.<\/p>\n<p>Wej\u015bcie jest r\u00f3wnie\u017c mo\u017cliwe za pomoc\u0105 karty RFID lub Euroklucza. Mo\u017ce dzia\u0142a\u0107 ca\u0142kowicie samodzielnie lub jako cz\u0119\u015b\u0107 nadrz\u0119dnego systemu, z&nbsp;mo\u017cliwo\u015bci\u0105 integracji zdalnego zarz\u0105dzania.<\/p>\n","protected":false},"excerpt":{"rendered":"<p>GP4AM to ma\u0142a automatyczna stacja p\u0142atnicza przeznaczona do pobierania op\u0142at  [&#8230;]<\/p>\n","protected":false},"featured_media":2681,"template":"","meta":[],"product_brand":[],"product_cat":[226],"product_tag":[],"class_list":{"0":"post-2261","1":"product","2":"type-product","3":"status-publish","4":"has-post-thumbnail","6":"product_cat-systemy-dostepu","8":"first","9":"instock","10":"shipping-taxable","11":"product-type-simple"},"acf":[],"yoast_head":"<!-- This site is optimized with the Yoast SEO plugin v22.9 - https:\/\/yoast.com\/wordpress\/plugins\/seo\/ -->\n<title>GP4AM \u2013 Ma\u0142a Stacja P\u0142atnicza - Green Center<\/title>\n<meta name=\"robots\" content=\"index, follow, max-snippet:-1, max-image-preview:large, max-video-preview:-1\" \/>\n<link rel=\"canonical\" href=\"https:\/\/greenweb.prezentuju.xyz\/pl\/produkt\/gp4am-mala-stacja-platnicza\/\" \/>\n<meta property=\"og:locale\" content=\"pl_PL\" \/>\n<meta property=\"og:type\" content=\"article\" \/>\n<meta property=\"og:title\" content=\"GP4AM \u2013 Ma\u0142a Stacja P\u0142atnicza - Green Center\" \/>\n<meta property=\"og:description\" content=\"GP4AM to ma\u0142a automatyczna stacja p\u0142atnicza przeznaczona do pobierania op\u0142at [...]\" \/>\n<meta property=\"og:url\" content=\"https:\/\/greenweb.prezentuju.xyz\/pl\/produkt\/gp4am-mala-stacja-platnicza\/\" \/>\n<meta property=\"og:site_name\" content=\"Green Center\" \/>\n<meta property=\"article:publisher\" content=\"https:\/\/www.facebook.com\/GREENCenterCZ\" \/>\n<meta property=\"article:modified_time\" content=\"2024-06-27T10:59:02+00:00\" \/>\n<meta property=\"og:image\" content=\"https:\/\/greenweb.prezentuju.xyz\/wp-content\/uploads\/2024\/01\/iso_GP4AM-730x1024.png\" \/>\n\t<meta property=\"og:image:width\" content=\"730\" \/>\n\t<meta property=\"og:image:height\" content=\"1024\" \/>\n\t<meta property=\"og:image:type\" content=\"image\/png\" \/>\n<meta name=\"twitter:card\" content=\"summary_large_image\" \/>\n<meta name=\"twitter:label1\" content=\"Szacowany czas czytania\" \/>\n\t<meta name=\"twitter:data1\" content=\"1 minuta\" \/>\n<script type=\"application\/ld+json\" class=\"yoast-schema-graph\">{\"@context\":\"https:\/\/schema.org\",\"@graph\":[{\"@type\":\"WebPage\",\"@id\":\"https:\/\/greenweb.prezentuju.xyz\/pl\/produkt\/gp4am-mala-stacja-platnicza\/\",\"url\":\"https:\/\/greenweb.prezentuju.xyz\/pl\/produkt\/gp4am-mala-stacja-platnicza\/\",\"name\":\"GP4AM \u2013 Ma\u0142a Stacja P\u0142atnicza - Green Center\",\"isPartOf\":{\"@id\":\"https:\/\/greenweb.prezentuju.xyz\/pl\/#website\"},\"primaryImageOfPage\":{\"@id\":\"https:\/\/greenweb.prezentuju.xyz\/pl\/produkt\/gp4am-mala-stacja-platnicza\/#primaryimage\"},\"image\":{\"@id\":\"https:\/\/greenweb.prezentuju.xyz\/pl\/produkt\/gp4am-mala-stacja-platnicza\/#primaryimage\"},\"thumbnailUrl\":\"https:\/\/greenweb.prezentuju.xyz\/wp-content\/uploads\/2024\/01\/iso_GP4AM.png\",\"datePublished\":\"2024-01-12T10:52:47+00:00\",\"dateModified\":\"2024-06-27T10:59:02+00:00\",\"breadcrumb\":{\"@id\":\"https:\/\/greenweb.prezentuju.xyz\/pl\/produkt\/gp4am-mala-stacja-platnicza\/#breadcrumb\"},\"inLanguage\":\"pl-PL\",\"potentialAction\":[{\"@type\":\"ReadAction\",\"target\":[\"https:\/\/greenweb.prezentuju.xyz\/pl\/produkt\/gp4am-mala-stacja-platnicza\/\"]}]},{\"@type\":\"ImageObject\",\"inLanguage\":\"pl-PL\",\"@id\":\"https:\/\/greenweb.prezentuju.xyz\/pl\/produkt\/gp4am-mala-stacja-platnicza\/#primaryimage\",\"url\":\"https:\/\/greenweb.prezentuju.xyz\/wp-content\/uploads\/2024\/01\/iso_GP4AM.png\",\"contentUrl\":\"https:\/\/greenweb.prezentuju.xyz\/wp-content\/uploads\/2024\/01\/iso_GP4AM.png\",\"width\":2551,\"height\":3579},{\"@type\":\"BreadcrumbList\",\"@id\":\"https:\/\/greenweb.prezentuju.xyz\/pl\/produkt\/gp4am-mala-stacja-platnicza\/#breadcrumb\",\"itemListElement\":[{\"@type\":\"ListItem\",\"position\":1,\"name\":\"Strona g\u0142\u00f3wna\",\"item\":\"https:\/\/greenweb.prezentuju.xyz\/pl\/\"},{\"@type\":\"ListItem\",\"position\":2,\"name\":\"Produkty\",\"item\":\"https:\/\/greenweb.prezentuju.xyz\/produkty\/\"},{\"@type\":\"ListItem\",\"position\":3,\"name\":\"GP4AM \u2013 Ma\u0142a Stacja P\u0142atnicza\"}]},{\"@type\":\"WebSite\",\"@id\":\"https:\/\/greenweb.prezentuju.xyz\/pl\/#website\",\"url\":\"https:\/\/greenweb.prezentuju.xyz\/pl\/\",\"name\":\"GREEN\",\"description\":\"Parkovac\u00ed syst\u00e9my a automatick\u00e9 z\u00e1vory\",\"potentialAction\":[{\"@type\":\"SearchAction\",\"target\":{\"@type\":\"EntryPoint\",\"urlTemplate\":\"https:\/\/greenweb.prezentuju.xyz\/pl\/?s={search_term_string}\"},\"query-input\":\"required name=search_term_string\"}],\"inLanguage\":\"pl-PL\"}]}<\/script>\n<!-- \/ Yoast SEO plugin. -->","yoast_head_json":{"title":"GP4AM \u2013 Ma\u0142a Stacja P\u0142atnicza - Green Center","robots":{"index":"index","follow":"follow","max-snippet":"max-snippet:-1","max-image-preview":"max-image-preview:large","max-video-preview":"max-video-preview:-1"},"canonical":"https:\/\/greenweb.prezentuju.xyz\/pl\/produkt\/gp4am-mala-stacja-platnicza\/","og_locale":"pl_PL","og_type":"article","og_title":"GP4AM \u2013 Ma\u0142a Stacja P\u0142atnicza - Green Center","og_description":"GP4AM to ma\u0142a automatyczna stacja p\u0142atnicza przeznaczona do pobierania op\u0142at [...]","og_url":"https:\/\/greenweb.prezentuju.xyz\/pl\/produkt\/gp4am-mala-stacja-platnicza\/","og_site_name":"Green Center","article_publisher":"https:\/\/www.facebook.com\/GREENCenterCZ","article_modified_time":"2024-06-27T10:59:02+00:00","og_image":[{"width":730,"height":1024,"url":"https:\/\/greenweb.prezentuju.xyz\/wp-content\/uploads\/2024\/01\/iso_GP4AM-730x1024.png","type":"image\/png"}],"twitter_card":"summary_large_image","twitter_misc":{"Szacowany czas czytania":"1 minuta"},"schema":{"@context":"https:\/\/schema.org","@graph":[{"@type":"WebPage","@id":"https:\/\/greenweb.prezentuju.xyz\/pl\/produkt\/gp4am-mala-stacja-platnicza\/","url":"https:\/\/greenweb.prezentuju.xyz\/pl\/produkt\/gp4am-mala-stacja-platnicza\/","name":"GP4AM \u2013 Ma\u0142a Stacja P\u0142atnicza - Green Center","isPartOf":{"@id":"https:\/\/greenweb.prezentuju.xyz\/pl\/#website"},"primaryImageOfPage":{"@id":"https:\/\/greenweb.prezentuju.xyz\/pl\/produkt\/gp4am-mala-stacja-platnicza\/#primaryimage"},"image":{"@id":"https:\/\/greenweb.prezentuju.xyz\/pl\/produkt\/gp4am-mala-stacja-platnicza\/#primaryimage"},"thumbnailUrl":"https:\/\/greenweb.prezentuju.xyz\/wp-content\/uploads\/2024\/01\/iso_GP4AM.png","datePublished":"2024-01-12T10:52:47+00:00","dateModified":"2024-06-27T10:59:02+00:00","breadcrumb":{"@id":"https:\/\/greenweb.prezentuju.xyz\/pl\/produkt\/gp4am-mala-stacja-platnicza\/#breadcrumb"},"inLanguage":"pl-PL","potentialAction":[{"@type":"ReadAction","target":["https:\/\/greenweb.prezentuju.xyz\/pl\/produkt\/gp4am-mala-stacja-platnicza\/"]}]},{"@type":"ImageObject","inLanguage":"pl-PL","@id":"https:\/\/greenweb.prezentuju.xyz\/pl\/produkt\/gp4am-mala-stacja-platnicza\/#primaryimage","url":"https:\/\/greenweb.prezentuju.xyz\/wp-content\/uploads\/2024\/01\/iso_GP4AM.png","contentUrl":"https:\/\/greenweb.prezentuju.xyz\/wp-content\/uploads\/2024\/01\/iso_GP4AM.png","width":2551,"height":3579},{"@type":"BreadcrumbList","@id":"https:\/\/greenweb.prezentuju.xyz\/pl\/produkt\/gp4am-mala-stacja-platnicza\/#breadcrumb","itemListElement":[{"@type":"ListItem","position":1,"name":"Strona g\u0142\u00f3wna","item":"https:\/\/greenweb.prezentuju.xyz\/pl\/"},{"@type":"ListItem","position":2,"name":"Produkty","item":"https:\/\/greenweb.prezentuju.xyz\/produkty\/"},{"@type":"ListItem","position":3,"name":"GP4AM \u2013 Ma\u0142a Stacja P\u0142atnicza"}]},{"@type":"WebSite","@id":"https:\/\/greenweb.prezentuju.xyz\/pl\/#website","url":"https:\/\/greenweb.prezentuju.xyz\/pl\/","name":"GREEN","description":"Parkovac\u00ed syst\u00e9my a automatick\u00e9 z\u00e1vory","potentialAction":[{"@type":"SearchAction","target":{"@type":"EntryPoint","urlTemplate":"https:\/\/greenweb.prezentuju.xyz\/pl\/?s={search_term_string}"},"query-input":"required name=search_term_string"}],"inLanguage":"pl-PL"}]}},"_links":{"self":[{"href":"https:\/\/greenweb.prezentuju.xyz\/pl\/wp-json\/wp\/v2\/product\/2261","targetHints":{"allow":["GET"]}}],"collection":[{"href":"https:\/\/greenweb.prezentuju.xyz\/pl\/wp-json\/wp\/v2\/product"}],"about":[{"href":"https:\/\/greenweb.prezentuju.xyz\/pl\/wp-json\/wp\/v2\/types\/product"}],"wp:featuredmedia":[{"embeddable":true,"href":"https:\/\/greenweb.prezentuju.xyz\/pl\/wp-json\/wp\/v2\/media\/2681"}],"wp:attachment":[{"href":"https:\/\/greenweb.prezentuju.xyz\/pl\/wp-json\/wp\/v2\/media?parent=2261"}],"wp:term":[{"taxonomy":"product_brand","embeddable":true,"href":"https:\/\/greenweb.prezentuju.xyz\/pl\/wp-json\/wp\/v2\/product_brand?post=2261"},{"taxonomy":"product_cat","embeddable":true,"href":"https:\/\/greenweb.prezentuju.xyz\/pl\/wp-json\/wp\/v2\/product_cat?post=2261"},{"taxonomy":"product_tag","embeddable":true,"href":"https:\/\/greenweb.prezentuju.xyz\/pl\/wp-json\/wp\/v2\/product_tag?post=2261"}],"curies":[{"name":"wp","href":"https:\/\/api.w.org\/{rel}","templated":true}]}}