{"id":1537,"date":"2024-05-14T08:21:22","date_gmt":"2024-05-14T06:21:22","guid":{"rendered":"http:\/\/green.cz\/?page_id=1537"},"modified":"2026-01-09T16:15:18","modified_gmt":"2026-01-09T15:15:18","slug":"warunki-polityki-prywatnosci","status":"publish","type":"page","link":"https:\/\/greenweb.prezentuju.xyz\/pl\/warunki-polityki-prywatnosci\/","title":{"rendered":"Warunki polityki prywatno\u015bci"},"content":{"rendered":"<h1>Przetwarzanie danych osobowych<\/h1>\n<p>Green Center s.r.o. NIP EU 471&nbsp;21&nbsp;572, z&nbsp;siedzib\u0105 Mladoboleslavsk\u00e1 1121, 197&nbsp;00, Praga 9, jako administrator Danych Osobowych, informuje Pa\u0144stwa jako u\u017cytkownika strony internetowej <strong><a href=\"https:\/\/www.green.pl\">www.green.pl<\/a><\/strong>\u00a0(strona internetowa) o&nbsp;gromadzeniu danych osobowych opisanych poni\u017cej.<\/p>\n<h2>Administrator danych osobowych<\/h2>\n<p>Administratorem danych osobowych na podstawie art. 4 ust. 7 Rozporz\u0105dzenia Parlamentu Europejskiego i&nbsp;Rady (UE) 2016\/679 w sprawie ochrony os\u00f3b fizycznych w zwi\u0105zku z&nbsp;przetwarzaniem danych osobowych i&nbsp;w sprawie swobodnego przep\u0142ywu takich danych (dalej:RODO)jest sp\u00f3\u0142ka Green Center s.r.o.<br \/>\nNIP UE 471&nbsp;21&nbsp;572, z&nbsp;siedzib\u0105 w Mladoboleslavsk\u00e1 1121, 197&nbsp;00, Praga 9 (dalej: \u201eadministrator\u201d).<br \/>\nDane kontaktowe administratora:<br \/>\nadres: Mladoboleslavsk\u00e1 1121, 197&nbsp;00 Praha 9<br \/>\nemail: <strong><a href=\"mailto:obchod@green.pl\">obchod@green.pl<\/a><\/strong><br \/>\ntelefon: <strong><a href=\"tel:+420266090090\">+420&nbsp;266&nbsp;090&nbsp;090<\/a><\/strong><\/p>\n<h2>Zgody<\/h2>\n<p>Wype\u0142niaj\u0105c formularz kontaktowy na stronie <strong><a href=\"https:\/\/www.green.pl\/\">https:\/\/www.green.pl\/<\/a><\/strong>, zgadzasz si\u0119 na podanie danych osobowych wymienionych w formularzu i&nbsp;dobrowolnie i&nbsp;odpowiedzialnie udzielasz Green Center s.r.o. zgodnie z&nbsp;w\u0142a\u015bciwymi przepisami zgodnie z&nbsp;Rozporz\u0105dzeniem Parlamentu Europejskiego i&nbsp;Rady (UE) 2016\/679 z&nbsp;dnia 27 kwietnia 2016 r. Og\u00f3lnego Rozporz\u0105dzenia o&nbsp;Ochronie Danych (\u201eRozporz\u0105dzenie RODO\u201d) zgody na przetwarzanie Twoich danych osobowych dane to g\u0142\u00f3wnie imi\u0119, nazwisko, dane kontaktowe (numer telefonu, e-mail, adres).<\/p>\n<p><strong>Wyra\u017cam zgod\u0119 na przetwarzanie moich danych osobowych, o&nbsp;kt\u00f3rych mowa powy\u017cej w celu:<\/strong><br \/>\n\u2022 Oddzwonienia i&nbsp;podania wymaganych informacji<br \/>\n\u2022 Oferowania dzia\u0142alno\u015bci i&nbsp;us\u0142ug Green Center<br \/>\n\u2022 Zapewnienia marketingu bezpo\u015bredniego (zw\u0142aszcza do wysy\u0142ania wiadomo\u015bci biznesowych i&nbsp;biuletyn\u00f3w) zgodnie z&nbsp;art. a) RODO w po\u0142\u0105czeniu z&nbsp;\u00a7 7 ust. 2 ustawy nr 480\/2004 Dz.U., o&nbsp;niekt\u00f3rych us\u0142ugach sp\u00f3\u0142ki w przypadku, gdy \u017cadne towary lub us\u0142ugi nie zosta\u0142y zam\u00f3wione.<\/p>\n<p>Zgod\u0119 wyra\u017casz na okres 6 lat i&nbsp;potwierdzasz, \u017ce mo\u017cesz j\u0105 w ka\u017cdej chwili odwo\u0142a\u0107 na pi\u015bmie. Dane osobowe b\u0119d\u0105 przechowywane przez okres, na jaki wyra\u017cona jest zgoda, chyba \u017ce zostanie ona odwo\u0142ana przed up\u0142ywem tego okresu. Po&nbsp;up\u0142ywie okresu przechowywania danych osobowych administrator usunie dane osobowe. Jednocze\u015bnie o\u015bwiadczasz, \u017ce podane dane osobowe s\u0105 dok\u0142adne i&nbsp;zgodne z&nbsp;prawd\u0105.<\/p>\n<p><strong>Prawa osoby, kt\u00f3rej dane dotycz\u0105<\/strong><br \/>\nNa warunkach okre\u015blonych w RODO masz:<br \/>\n\u2022 prawo dost\u0119pu do swoich danych osobowych na podstawie art. 15 RODO,<br \/>\n\u2022 prawo do sprostowania danych osobowych na podstawie art. 16 RODO lub ograniczenia przetwarzania na podstawie art. 18 RODO.<br \/>\n\u2022 prawo do usuni\u0119cia danych osobowych na podstawie art. 17 RODO.<br \/>\n\u2022 prawo do wniesienia sprzeciwu wobec przetwarzania na podstawie art. 21 RODO a<br \/>\n\u2022 prawo do przenoszenia danych zgodnie z&nbsp;art. 20 RODO.<br \/>\n\u2022 prawo do wycofania zgody na przetwarzanie w formie pisemnej lub elektronicznej na adres lub e-mail administratora wskazany w art. III niniejszych warunk\u00f3w.<\/p>\n<p>Mo\u017cesz skorzysta\u0107 ze wszystkich swoich praw, kontaktuj\u0105c si\u0119 z&nbsp;nami pod adresem e-mail: obchod@green.cz<br \/>\nPrzys\u0142uguje Ci r\u00f3wnie\u017c prawo wniesienia skargi do Urz\u0119du Ochrony Danych Osobowych, je\u017celi uwa\u017casz, \u017ce Twoje prawo do ochrony danych osobowych zosta\u0142o naruszone.<\/p>\n<p><strong>Odbiorcami danych osobowych s\u0105 osoby<\/strong><br \/>\nOdbiorcami danych osobowych s\u0105 osoby:<br \/>\n\u2022 \u015bwiadcz\u0105ce us\u0142ugi obs\u0142ugi strony internetowej<br \/>\n\u2022 \u015bwiadcz\u0105ce us\u0142ugi marketingowe<br \/>\nAdministrator nie zamierza przekazywa\u0107 danych osobowych do pa\u0144stwa trzeciego (pa\u0144stwa spoza UE) lub organizacji mi\u0119dzynarodowej.<\/p>\n<p><strong>Zasady bezpiecze\u0144stwa danych osobowych<\/strong><br \/>\nAdministrator o\u015bwiadcza, \u017ce podj\u0105\u0142 wszelkie odpowiednie \u015brodki techniczne i&nbsp;organizacyjne w celu zabezpieczenia danych osobowych.<br \/>\nAdministrator o\u015bwiadcza, \u017ce dost\u0119p do danych osobowych maj\u0105 wy\u0142\u0105cznie osoby przez niego upowa\u017cnione.<\/p>\n<p><strong>Postanowienia ko\u0144cowe<\/strong><br \/>\nWyra\u017casz zgod\u0119 na w\/w warunki, poprzez zaznaczenie zgody za po\u015brednictwem formularza online. Zaznaczaj\u0105c zgod\u0119 potwierdzasz zapoznanie si\u0119 z&nbsp;warunkami ochrony danych osobowych i&nbsp;ich pe\u0142n\u0105 akceptacj\u0119.<br \/>\nAdministrator jest uprawniony do zmiany niniejszych warunk\u00f3w. Nowa wersj\u0119 polityki prywatno\u015bci zostanie opublikowana na stronie internetowej.<\/p>\n<p>Niniejsze warunki wchodz\u0105 w \u017cycie 16.11.2021<\/p>\n","protected":false},"excerpt":{"rendered":"<p>Przetwarzanie danych osobowych Green Center s.r.o. NIP EU 471&nbsp;21&nbsp;572, z&nbsp;siedzib\u0105  [&#8230;]<\/p>\n","protected":false},"author":1,"featured_media":0,"parent":0,"menu_order":0,"comment_status":"closed","ping_status":"open","template":"","meta":{"footnotes":""},"class_list":["post-1537","page","type-page","status-publish","hentry"],"acf":[],"yoast_head":"<!-- This site is optimized with the Yoast SEO plugin v22.9 - https:\/\/yoast.com\/wordpress\/plugins\/seo\/ -->\n<title>Warunki polityki prywatno\u015bci - Green Center<\/title>\n<meta name=\"robots\" content=\"index, follow, max-snippet:-1, max-image-preview:large, max-video-preview:-1\" \/>\n<link rel=\"canonical\" href=\"https:\/\/greenweb.prezentuju.xyz\/pl\/warunki-polityki-prywatnosci\/\" \/>\n<meta property=\"og:locale\" content=\"pl_PL\" \/>\n<meta property=\"og:type\" content=\"article\" \/>\n<meta property=\"og:title\" content=\"Warunki polityki prywatno\u015bci - Green Center\" \/>\n<meta property=\"og:description\" content=\"Przetwarzanie danych osobowych Green Center s.r.o. NIP EU 471&nbsp;21&nbsp;572, z&nbsp;siedzib\u0105 [...]\" \/>\n<meta property=\"og:url\" content=\"https:\/\/greenweb.prezentuju.xyz\/pl\/warunki-polityki-prywatnosci\/\" \/>\n<meta property=\"og:site_name\" content=\"Green Center\" \/>\n<meta property=\"article:publisher\" content=\"https:\/\/www.facebook.com\/GREENCenterCZ\" \/>\n<meta property=\"article:modified_time\" content=\"2026-01-09T15:15:18+00:00\" \/>\n<meta property=\"og:image\" content=\"https:\/\/greenweb.prezentuju.xyz\/wp-content\/uploads\/2026\/01\/gdpr-pl-1.png\" \/>\n\t<meta property=\"og:image:width\" content=\"2560\" \/>\n\t<meta property=\"og:image:height\" content=\"1440\" \/>\n\t<meta property=\"og:image:type\" content=\"image\/png\" \/>\n<meta name=\"twitter:card\" content=\"summary_large_image\" \/>\n<meta name=\"twitter:label1\" content=\"Szacowany czas czytania\" \/>\n\t<meta name=\"twitter:data1\" content=\"4 minuty\" \/>\n<script type=\"application\/ld+json\" class=\"yoast-schema-graph\">{\"@context\":\"https:\/\/schema.org\",\"@graph\":[{\"@type\":\"WebPage\",\"@id\":\"https:\/\/greenweb.prezentuju.xyz\/pl\/warunki-polityki-prywatnosci\/\",\"url\":\"https:\/\/greenweb.prezentuju.xyz\/pl\/warunki-polityki-prywatnosci\/\",\"name\":\"Warunki polityki prywatno\u015bci - Green Center\",\"isPartOf\":{\"@id\":\"https:\/\/greenweb.prezentuju.xyz\/pl\/#website\"},\"datePublished\":\"2024-05-14T06:21:22+00:00\",\"dateModified\":\"2026-01-09T15:15:18+00:00\",\"breadcrumb\":{\"@id\":\"https:\/\/greenweb.prezentuju.xyz\/pl\/warunki-polityki-prywatnosci\/#breadcrumb\"},\"inLanguage\":\"pl-PL\",\"potentialAction\":[{\"@type\":\"ReadAction\",\"target\":[\"https:\/\/greenweb.prezentuju.xyz\/pl\/warunki-polityki-prywatnosci\/\"]}]},{\"@type\":\"BreadcrumbList\",\"@id\":\"https:\/\/greenweb.prezentuju.xyz\/pl\/warunki-polityki-prywatnosci\/#breadcrumb\",\"itemListElement\":[{\"@type\":\"ListItem\",\"position\":1,\"name\":\"Strona g\u0142\u00f3wna\",\"item\":\"https:\/\/greenweb.prezentuju.xyz\/pl\/\"},{\"@type\":\"ListItem\",\"position\":2,\"name\":\"Warunki polityki prywatno\u015bci\"}]},{\"@type\":\"WebSite\",\"@id\":\"https:\/\/greenweb.prezentuju.xyz\/pl\/#website\",\"url\":\"https:\/\/greenweb.prezentuju.xyz\/pl\/\",\"name\":\"GREEN\",\"description\":\"Parkovac\u00ed syst\u00e9my a automatick\u00e9 z\u00e1vory\",\"potentialAction\":[{\"@type\":\"SearchAction\",\"target\":{\"@type\":\"EntryPoint\",\"urlTemplate\":\"https:\/\/greenweb.prezentuju.xyz\/pl\/?s={search_term_string}\"},\"query-input\":\"required name=search_term_string\"}],\"inLanguage\":\"pl-PL\"}]}<\/script>\n<!-- \/ Yoast SEO plugin. -->","yoast_head_json":{"title":"Warunki polityki prywatno\u015bci - Green Center","robots":{"index":"index","follow":"follow","max-snippet":"max-snippet:-1","max-image-preview":"max-image-preview:large","max-video-preview":"max-video-preview:-1"},"canonical":"https:\/\/greenweb.prezentuju.xyz\/pl\/warunki-polityki-prywatnosci\/","og_locale":"pl_PL","og_type":"article","og_title":"Warunki polityki prywatno\u015bci - Green Center","og_description":"Przetwarzanie danych osobowych Green Center s.r.o. NIP EU 471&nbsp;21&nbsp;572, z&nbsp;siedzib\u0105 [...]","og_url":"https:\/\/greenweb.prezentuju.xyz\/pl\/warunki-polityki-prywatnosci\/","og_site_name":"Green Center","article_publisher":"https:\/\/www.facebook.com\/GREENCenterCZ","article_modified_time":"2026-01-09T15:15:18+00:00","og_image":[{"width":2560,"height":1440,"url":"https:\/\/greenweb.prezentuju.xyz\/wp-content\/uploads\/2026\/01\/gdpr-pl-1.png","type":"image\/png"}],"twitter_card":"summary_large_image","twitter_misc":{"Szacowany czas czytania":"4 minuty"},"schema":{"@context":"https:\/\/schema.org","@graph":[{"@type":"WebPage","@id":"https:\/\/greenweb.prezentuju.xyz\/pl\/warunki-polityki-prywatnosci\/","url":"https:\/\/greenweb.prezentuju.xyz\/pl\/warunki-polityki-prywatnosci\/","name":"Warunki polityki prywatno\u015bci - Green Center","isPartOf":{"@id":"https:\/\/greenweb.prezentuju.xyz\/pl\/#website"},"datePublished":"2024-05-14T06:21:22+00:00","dateModified":"2026-01-09T15:15:18+00:00","breadcrumb":{"@id":"https:\/\/greenweb.prezentuju.xyz\/pl\/warunki-polityki-prywatnosci\/#breadcrumb"},"inLanguage":"pl-PL","potentialAction":[{"@type":"ReadAction","target":["https:\/\/greenweb.prezentuju.xyz\/pl\/warunki-polityki-prywatnosci\/"]}]},{"@type":"BreadcrumbList","@id":"https:\/\/greenweb.prezentuju.xyz\/pl\/warunki-polityki-prywatnosci\/#breadcrumb","itemListElement":[{"@type":"ListItem","position":1,"name":"Strona g\u0142\u00f3wna","item":"https:\/\/greenweb.prezentuju.xyz\/pl\/"},{"@type":"ListItem","position":2,"name":"Warunki polityki prywatno\u015bci"}]},{"@type":"WebSite","@id":"https:\/\/greenweb.prezentuju.xyz\/pl\/#website","url":"https:\/\/greenweb.prezentuju.xyz\/pl\/","name":"GREEN","description":"Parkovac\u00ed syst\u00e9my a automatick\u00e9 z\u00e1vory","potentialAction":[{"@type":"SearchAction","target":{"@type":"EntryPoint","urlTemplate":"https:\/\/greenweb.prezentuju.xyz\/pl\/?s={search_term_string}"},"query-input":"required name=search_term_string"}],"inLanguage":"pl-PL"}]}},"_links":{"self":[{"href":"https:\/\/greenweb.prezentuju.xyz\/pl\/wp-json\/wp\/v2\/pages\/1537","targetHints":{"allow":["GET"]}}],"collection":[{"href":"https:\/\/greenweb.prezentuju.xyz\/pl\/wp-json\/wp\/v2\/pages"}],"about":[{"href":"https:\/\/greenweb.prezentuju.xyz\/pl\/wp-json\/wp\/v2\/types\/page"}],"author":[{"embeddable":true,"href":"https:\/\/greenweb.prezentuju.xyz\/pl\/wp-json\/wp\/v2\/users\/1"}],"replies":[{"embeddable":true,"href":"https:\/\/greenweb.prezentuju.xyz\/pl\/wp-json\/wp\/v2\/comments?post=1537"}],"version-history":[{"count":6,"href":"https:\/\/greenweb.prezentuju.xyz\/pl\/wp-json\/wp\/v2\/pages\/1537\/revisions"}],"predecessor-version":[{"id":2396,"href":"https:\/\/greenweb.prezentuju.xyz\/pl\/wp-json\/wp\/v2\/pages\/1537\/revisions\/2396"}],"wp:attachment":[{"href":"https:\/\/greenweb.prezentuju.xyz\/pl\/wp-json\/wp\/v2\/media?parent=1537"}],"curies":[{"name":"wp","href":"https:\/\/api.w.org\/{rel}","templated":true}]}}