{"id":1535,"date":"2024-05-14T08:19:22","date_gmt":"2024-05-14T06:19:22","guid":{"rendered":"http:\/\/green.cz\/?page_id=1535"},"modified":"2026-01-09T16:14:32","modified_gmt":"2026-01-09T15:14:32","slug":"aktualnosci","status":"publish","type":"page","link":"https:\/\/greenweb.prezentuju.xyz\/pl\/aktualnosci\/","title":{"rendered":"Aktualno\u015bci"},"content":{"rendered":"<div class=\"fusion-fullwidth fullwidth-box fusion-builder-row-1 fusion-flex-container has-pattern-background has-mask-background nonhundred-percent-fullwidth non-hundred-percent-height-scrolling fusion-custom-z-index\" style=\"--awb-border-radius-top-left:0px;--awb-border-radius-top-right:0px;--awb-border-radius-bottom-right:0px;--awb-border-radius-bottom-left:0px;--awb-z-index:2;--awb-padding-top:5rem;--awb-padding-bottom:4rem;--awb-background-color:var(--awb-color3);--awb-background-image:linear-gradient(270deg, var(--awb-color5) 0%,var(--awb-color3) 100%);--awb-flex-wrap:wrap;\" ><div class=\"fusion-builder-row fusion-row fusion-flex-align-items-flex-start fusion-flex-content-wrap\" style=\"max-width:1601.6px;margin-left: calc(-4% \/ 2 );margin-right: calc(-4% \/ 2 );\"><div class=\"fusion-layout-column fusion_builder_column fusion-builder-column-0 fusion_builder_column_1_1 1_1 fusion-flex-column\" style=\"--awb-bg-size:cover;--awb-width-large:100%;--awb-margin-top-large:0px;--awb-spacing-right-large:1.92%;--awb-margin-bottom-large:20px;--awb-spacing-left-large:1.92%;--awb-width-medium:100%;--awb-order-medium:0;--awb-spacing-right-medium:1.92%;--awb-spacing-left-medium:1.92%;--awb-width-small:100%;--awb-order-small:0;--awb-spacing-right-small:1.92%;--awb-spacing-left-small:1.92%;\" data-scroll-devices=\"small-visibility,medium-visibility,large-visibility\"><div class=\"fusion-column-wrapper fusion-column-has-shadow fusion-flex-justify-content-flex-start fusion-content-layout-column\"><div class=\"fusion-title title fusion-title-1 fusion-sep-none fusion-title-center fusion-title-text fusion-title-size-one decorated center\"><h1 class=\"fusion-title-heading title-heading-center fusion-responsive-typography-calculated\" style=\"margin:0;--fontSize:48;line-height:var(--awb-typography1-line-height);\">Aktualno\u015bci<\/h1><\/div><\/div><\/div><div class=\"fusion-layout-column fusion_builder_column fusion-builder-column-1 fusion_builder_column_1_1 1_1 fusion-flex-column\" style=\"--awb-bg-size:cover;--awb-width-large:100%;--awb-margin-top-large:0px;--awb-spacing-right-large:1.92%;--awb-margin-bottom-large:20px;--awb-spacing-left-large:1.92%;--awb-width-medium:100%;--awb-order-medium:0;--awb-spacing-right-medium:1.92%;--awb-spacing-left-medium:1.92%;--awb-width-small:100%;--awb-order-small:0;--awb-spacing-right-small:1.92%;--awb-spacing-left-small:1.92%;\"><div class=\"fusion-column-wrapper fusion-column-has-shadow fusion-flex-justify-content-flex-start fusion-content-layout-column\"><div class=\"fusion-post-cards fusion-post-cards-1 fusion-grid-archive fusion-grid-columns-3\" style=\"--awb-dots-align:center;--awb-columns:3;--awb-active-filter-border-size:3px;--awb-filters-height:36px;--awb-margin-top:1rem;\"><ul class=\"fusion-grid fusion-grid-3 fusion-flex-align-items-stretch fusion-grid-posts-cards\"><li class=\"fusion-layout-column fusion_builder_column fusion-builder-column-2 fusion-flex-column blog-post fusion-column-inner-bg-wrapper post-card fusion-grid-column fusion-post-cards-grid-column fusion-animated\" style=\"--awb-inner-bg-blend:overlay;--awb-inner-bg-size:cover;\" data-scroll-devices=\"small-visibility,medium-visibility,large-visibility\" data-animationType=\"fadeIn\" data-animationDuration=\"0.4\" data-animationOffset=\"top-into-view\"><span class=\"fusion-column-inner-bg hover-type-none\"><a class=\"fusion-column-anchor\" href=\"https:\/\/greenweb.prezentuju.xyz\/pl\/nowy-publiczny-garaz-parkingowy-w-mlada-boleslav\/\"><span class=\"fusion-column-inner-bg-image\"><\/span><\/a><\/span><div class=\"fusion-column-wrapper fusion-column-has-shadow fusion-flex-justify-content-flex-start fusion-content-layout-column\"><div class=\"fusion-classic-product-image-wrapper fusion-woo-product-image fusion-post-card-image fusion-post-card-image-1 has-aspect-ratio\" data-layout=\"static\" style=\"--awb-aspect-ratio:3 \/ 2;\"><div  class=\"fusion-image-wrapper\" aria-haspopup=\"true\">\n\t\t\t\t\t\t\t<a href=\"https:\/\/greenweb.prezentuju.xyz\/pl\/nowy-publiczny-garaz-parkingowy-w-mlada-boleslav\/\" aria-label=\"Nowy Publiczny Gara\u017c Parkingowy w Mlad\u00e1 Boleslav\">\n\t\t\t\t\t\t\t<img decoding=\"async\" width=\"1338\" height=\"890\" src=\"https:\/\/greenweb.prezentuju.xyz\/wp-content\/uploads\/2024\/05\/a-1.jpg\" class=\"attachment-full size-full wp-post-image\" alt=\"\" srcset=\"https:\/\/greenweb.prezentuju.xyz\/wp-content\/uploads\/2024\/05\/a-1-200x133.jpg 200w, https:\/\/greenweb.prezentuju.xyz\/wp-content\/uploads\/2024\/05\/a-1-400x266.jpg 400w, https:\/\/greenweb.prezentuju.xyz\/wp-content\/uploads\/2024\/05\/a-1-600x399.jpg 600w, https:\/\/greenweb.prezentuju.xyz\/wp-content\/uploads\/2024\/05\/a-1-800x532.jpg 800w, https:\/\/greenweb.prezentuju.xyz\/wp-content\/uploads\/2024\/05\/a-1-1200x798.jpg 1200w, https:\/\/greenweb.prezentuju.xyz\/wp-content\/uploads\/2024\/05\/a-1.jpg 1338w\" sizes=\"(min-width: 2200px) 100vw, (min-width: 784px) 487px, (min-width: 712px) 784px, (min-width: 640px) 712px, \" \/>\t\t\t<\/a>\n\t\t\t\t\t\t\t<\/div>\n<\/div><div class=\"fusion-title title fusion-title-2 fusion-sep-none fusion-title-text fusion-title-size-three\"><h3 class=\"fusion-title-heading title-heading-left fusion-responsive-typography-calculated\" style=\"margin:0;--fontSize:36;line-height:var(--awb-typography1-line-height);\">Nowy Publiczny Gara\u017c Parkingowy w Mlad\u00e1 Boleslav<\/h3><\/div><div class=\"fusion-text fusion-text-1\"><p>Nowy parking P+R znajduje si\u0119 pomi\u0119dzy miejsk\u0105 hal\u0105 sportow\u0105 a&nbsp;g\u0142\u00f3wnym  [...]<\/p>\n<\/div><\/div><\/li>\n<li class=\"fusion-layout-column fusion_builder_column fusion-builder-column-3 fusion-flex-column blog-post fusion-column-inner-bg-wrapper post-card fusion-grid-column fusion-post-cards-grid-column fusion-animated\" style=\"--awb-inner-bg-blend:overlay;--awb-inner-bg-size:cover;\" data-scroll-devices=\"small-visibility,medium-visibility,large-visibility\" data-animationType=\"fadeIn\" data-animationDuration=\"0.4\" data-animationOffset=\"top-into-view\"><span class=\"fusion-column-inner-bg hover-type-none\"><a class=\"fusion-column-anchor\" href=\"https:\/\/greenweb.prezentuju.xyz\/pl\/nowy-publiczny-garaz-parkingowy-pr-w-butovicach\/\"><span class=\"fusion-column-inner-bg-image\"><\/span><\/a><\/span><div class=\"fusion-column-wrapper fusion-column-has-shadow fusion-flex-justify-content-flex-start fusion-content-layout-column\"><div class=\"fusion-classic-product-image-wrapper fusion-woo-product-image fusion-post-card-image fusion-post-card-image-1 has-aspect-ratio\" data-layout=\"static\" style=\"--awb-aspect-ratio:3 \/ 2;\"><div  class=\"fusion-image-wrapper\" aria-haspopup=\"true\">\n\t\t\t\t\t\t\t<a href=\"https:\/\/greenweb.prezentuju.xyz\/pl\/nowy-publiczny-garaz-parkingowy-pr-w-butovicach\/\" aria-label=\"Nowy Publiczny Gara\u017c Parkingowy P+R w Butovicach\">\n\t\t\t\t\t\t\t<img decoding=\"async\" width=\"1600\" height=\"1066\" src=\"https:\/\/greenweb.prezentuju.xyz\/wp-content\/uploads\/2024\/05\/0.png\" class=\"attachment-full size-full wp-post-image\" alt=\"\" srcset=\"https:\/\/greenweb.prezentuju.xyz\/wp-content\/uploads\/2024\/05\/0-200x133.png 200w, https:\/\/greenweb.prezentuju.xyz\/wp-content\/uploads\/2024\/05\/0-400x267.png 400w, https:\/\/greenweb.prezentuju.xyz\/wp-content\/uploads\/2024\/05\/0-600x400.png 600w, https:\/\/greenweb.prezentuju.xyz\/wp-content\/uploads\/2024\/05\/0-800x533.png 800w, https:\/\/greenweb.prezentuju.xyz\/wp-content\/uploads\/2024\/05\/0-1200x800.png 1200w, https:\/\/greenweb.prezentuju.xyz\/wp-content\/uploads\/2024\/05\/0.png 1600w\" sizes=\"(min-width: 2200px) 100vw, (min-width: 784px) 487px, (min-width: 712px) 784px, (min-width: 640px) 712px, \" \/>\t\t\t<\/a>\n\t\t\t\t\t\t\t<\/div>\n<\/div><div class=\"fusion-title title fusion-title-3 fusion-sep-none fusion-title-text fusion-title-size-three\"><h3 class=\"fusion-title-heading title-heading-left fusion-responsive-typography-calculated\" style=\"margin:0;--fontSize:36;line-height:var(--awb-typography1-line-height);\">Nowy Publiczny Gara\u017c Parkingowy P+R w Butovicach<\/h3><\/div><div class=\"fusion-text fusion-text-2\"><p>Obiekt posiada r\u00f3wnie\u017c stacje \u0142adowania pojazd\u00f3w elektrycznych, co stanowi wa\u017cny  [...]<\/p>\n<\/div><\/div><\/li>\n<li class=\"fusion-layout-column fusion_builder_column fusion-builder-column-4 fusion-flex-column blog-post fusion-column-inner-bg-wrapper post-card fusion-grid-column fusion-post-cards-grid-column fusion-animated\" style=\"--awb-inner-bg-blend:overlay;--awb-inner-bg-size:cover;\" data-scroll-devices=\"small-visibility,medium-visibility,large-visibility\" data-animationType=\"fadeIn\" data-animationDuration=\"0.4\" data-animationOffset=\"top-into-view\"><span class=\"fusion-column-inner-bg hover-type-none\"><a class=\"fusion-column-anchor\" href=\"https:\/\/greenweb.prezentuju.xyz\/pl\/uzyskalismy-certyfikat-iso-140012015\/\"><span class=\"fusion-column-inner-bg-image\"><\/span><\/a><\/span><div class=\"fusion-column-wrapper fusion-column-has-shadow fusion-flex-justify-content-flex-start fusion-content-layout-column\"><div class=\"fusion-classic-product-image-wrapper fusion-woo-product-image fusion-post-card-image fusion-post-card-image-1 has-aspect-ratio\" data-layout=\"static\" style=\"--awb-aspect-ratio:3 \/ 2;\"><div  class=\"fusion-image-wrapper\" aria-haspopup=\"true\">\n\t\t\t\t\t\t\t<a href=\"https:\/\/greenweb.prezentuju.xyz\/pl\/uzyskalismy-certyfikat-iso-140012015\/\" aria-label=\"Uzyskali\u015bmy Certyfikat ISO 14001:2015\">\n\t\t\t\t\t\t\t<img decoding=\"async\" width=\"1200\" height=\"600\" src=\"https:\/\/greenweb.prezentuju.xyz\/wp-content\/uploads\/2024\/05\/ISO-14001-2015.jpg\" class=\"attachment-full size-full wp-post-image\" alt=\"\" srcset=\"https:\/\/greenweb.prezentuju.xyz\/wp-content\/uploads\/2024\/05\/ISO-14001-2015-200x100.jpg 200w, https:\/\/greenweb.prezentuju.xyz\/wp-content\/uploads\/2024\/05\/ISO-14001-2015-400x200.jpg 400w, https:\/\/greenweb.prezentuju.xyz\/wp-content\/uploads\/2024\/05\/ISO-14001-2015-600x300.jpg 600w, https:\/\/greenweb.prezentuju.xyz\/wp-content\/uploads\/2024\/05\/ISO-14001-2015-800x400.jpg 800w, https:\/\/greenweb.prezentuju.xyz\/wp-content\/uploads\/2024\/05\/ISO-14001-2015.jpg 1200w\" sizes=\"(min-width: 2200px) 100vw, (min-width: 784px) 487px, (min-width: 712px) 784px, (min-width: 640px) 712px, \" \/>\t\t\t<\/a>\n\t\t\t\t\t\t\t<\/div>\n<\/div><div class=\"fusion-title title fusion-title-4 fusion-sep-none fusion-title-text fusion-title-size-three\"><h3 class=\"fusion-title-heading title-heading-left fusion-responsive-typography-calculated\" style=\"margin:0;--fontSize:36;line-height:var(--awb-typography1-line-height);\">Uzyskali\u015bmy Certyfikat ISO 14001:2015<\/h3><\/div><div class=\"fusion-text fusion-text-3\"><p>Uzyskanie tego certyfikatu ISO demonstruje nasze d\u0142ugoterminowe starania w minimalizowaniu  [...]<\/p>\n<\/div><\/div><\/li>\n<li class=\"fusion-layout-column fusion_builder_column fusion-builder-column-5 fusion-flex-column blog-post fusion-column-inner-bg-wrapper post-card fusion-grid-column fusion-post-cards-grid-column fusion-animated\" style=\"--awb-inner-bg-blend:overlay;--awb-inner-bg-size:cover;\" data-scroll-devices=\"small-visibility,medium-visibility,large-visibility\" data-animationType=\"fadeIn\" data-animationDuration=\"0.4\" data-animationOffset=\"top-into-view\"><span class=\"fusion-column-inner-bg hover-type-none\"><a class=\"fusion-column-anchor\" href=\"https:\/\/greenweb.prezentuju.xyz\/pl\/nowy-publiczny-garaz-parkingowy-pr-w-celakovicach\/\"><span class=\"fusion-column-inner-bg-image\"><\/span><\/a><\/span><div class=\"fusion-column-wrapper fusion-column-has-shadow fusion-flex-justify-content-flex-start fusion-content-layout-column\"><div class=\"fusion-classic-product-image-wrapper fusion-woo-product-image fusion-post-card-image fusion-post-card-image-1 has-aspect-ratio\" data-layout=\"static\" style=\"--awb-aspect-ratio:3 \/ 2;\"><div  class=\"fusion-image-wrapper\" aria-haspopup=\"true\">\n\t\t\t\t\t\t\t<a href=\"https:\/\/greenweb.prezentuju.xyz\/pl\/nowy-publiczny-garaz-parkingowy-pr-w-celakovicach\/\" aria-label=\"Nowy Publiczny Gara\u017c Parkingowy P+R w \u010cel\u00e1kovicach\">\n\t\t\t\t\t\t\t<img decoding=\"async\" width=\"1920\" height=\"1280\" src=\"https:\/\/greenweb.prezentuju.xyz\/wp-content\/uploads\/2024\/05\/1698829215402.jpeg\" class=\"attachment-full size-full wp-post-image\" alt=\"\" srcset=\"https:\/\/greenweb.prezentuju.xyz\/wp-content\/uploads\/2024\/05\/1698829215402-200x133.jpeg 200w, https:\/\/greenweb.prezentuju.xyz\/wp-content\/uploads\/2024\/05\/1698829215402-400x267.jpeg 400w, https:\/\/greenweb.prezentuju.xyz\/wp-content\/uploads\/2024\/05\/1698829215402-600x400.jpeg 600w, https:\/\/greenweb.prezentuju.xyz\/wp-content\/uploads\/2024\/05\/1698829215402-800x533.jpeg 800w, https:\/\/greenweb.prezentuju.xyz\/wp-content\/uploads\/2024\/05\/1698829215402-1200x800.jpeg 1200w, https:\/\/greenweb.prezentuju.xyz\/wp-content\/uploads\/2024\/05\/1698829215402.jpeg 1920w\" sizes=\"(min-width: 2200px) 100vw, (min-width: 784px) 487px, (min-width: 712px) 784px, (min-width: 640px) 712px, \" \/>\t\t\t<\/a>\n\t\t\t\t\t\t\t<\/div>\n<\/div><div class=\"fusion-title title fusion-title-5 fusion-sep-none fusion-title-text fusion-title-size-three\"><h3 class=\"fusion-title-heading title-heading-left fusion-responsive-typography-calculated\" style=\"margin:0;--fontSize:36;line-height:var(--awb-typography1-line-height);\">Nowy Publiczny Gara\u017c Parkingowy P+R w \u010cel\u00e1kovicach<\/h3><\/div><div class=\"fusion-text fusion-text-4\"><p>Opr\u00f3cz samego obiektu parkingowego, podczas budowy dokonano tak\u017ce modernizacji przestrzeni  [...]<\/p>\n<\/div><\/div><\/li>\n<\/ul><div class=\"pagination clearfix\"><\/div><div class=\"fusion-clearfix\"><\/div><\/div><\/div><\/div><\/div><\/div>\n","protected":false},"excerpt":{"rendered":"","protected":false},"author":1,"featured_media":0,"parent":0,"menu_order":0,"comment_status":"closed","ping_status":"closed","template":"100-width.php","meta":{"footnotes":""},"class_list":["post-1535","page","type-page","status-publish","hentry"],"acf":[],"yoast_head":"<!-- This site is optimized with the Yoast SEO plugin v22.9 - https:\/\/yoast.com\/wordpress\/plugins\/seo\/ -->\n<title>Aktualno\u015bci - Green Center<\/title>\n<meta name=\"robots\" content=\"index, follow, max-snippet:-1, max-image-preview:large, max-video-preview:-1\" \/>\n<link rel=\"canonical\" href=\"https:\/\/greenweb.prezentuju.xyz\/pl\/aktualnosci\/\" \/>\n<meta property=\"og:locale\" content=\"pl_PL\" \/>\n<meta property=\"og:type\" content=\"article\" \/>\n<meta property=\"og:title\" content=\"Aktualno\u015bci - Green Center\" \/>\n<meta property=\"og:url\" content=\"https:\/\/greenweb.prezentuju.xyz\/pl\/aktualnosci\/\" \/>\n<meta property=\"og:site_name\" content=\"Green Center\" \/>\n<meta property=\"article:publisher\" content=\"https:\/\/www.facebook.com\/GREENCenterCZ\" \/>\n<meta property=\"article:modified_time\" content=\"2026-01-09T15:14:32+00:00\" \/>\n<meta property=\"og:image\" content=\"https:\/\/greenweb.prezentuju.xyz\/wp-content\/uploads\/2026\/01\/aktual-pl-1-1024x576.png\" \/>\n\t<meta property=\"og:image:width\" content=\"1024\" \/>\n\t<meta property=\"og:image:height\" content=\"576\" \/>\n\t<meta property=\"og:image:type\" content=\"image\/png\" \/>\n<meta name=\"twitter:card\" content=\"summary_large_image\" \/>\n<meta name=\"twitter:label1\" content=\"Szacowany czas czytania\" \/>\n\t<meta name=\"twitter:data1\" content=\"2 minuty\" \/>\n<script type=\"application\/ld+json\" class=\"yoast-schema-graph\">{\"@context\":\"https:\/\/schema.org\",\"@graph\":[{\"@type\":\"WebPage\",\"@id\":\"https:\/\/greenweb.prezentuju.xyz\/pl\/aktualnosci\/\",\"url\":\"https:\/\/greenweb.prezentuju.xyz\/pl\/aktualnosci\/\",\"name\":\"Aktualno\u015bci - Green Center\",\"isPartOf\":{\"@id\":\"https:\/\/greenweb.prezentuju.xyz\/pl\/#website\"},\"datePublished\":\"2024-05-14T06:19:22+00:00\",\"dateModified\":\"2026-01-09T15:14:32+00:00\",\"breadcrumb\":{\"@id\":\"https:\/\/greenweb.prezentuju.xyz\/pl\/aktualnosci\/#breadcrumb\"},\"inLanguage\":\"pl-PL\",\"potentialAction\":[{\"@type\":\"ReadAction\",\"target\":[\"https:\/\/greenweb.prezentuju.xyz\/pl\/aktualnosci\/\"]}]},{\"@type\":\"BreadcrumbList\",\"@id\":\"https:\/\/greenweb.prezentuju.xyz\/pl\/aktualnosci\/#breadcrumb\",\"itemListElement\":[{\"@type\":\"ListItem\",\"position\":1,\"name\":\"Strona g\u0142\u00f3wna\",\"item\":\"https:\/\/greenweb.prezentuju.xyz\/pl\/\"},{\"@type\":\"ListItem\",\"position\":2,\"name\":\"Aktualno\u015bci\"}]},{\"@type\":\"WebSite\",\"@id\":\"https:\/\/greenweb.prezentuju.xyz\/pl\/#website\",\"url\":\"https:\/\/greenweb.prezentuju.xyz\/pl\/\",\"name\":\"GREEN\",\"description\":\"Parkovac\u00ed syst\u00e9my a automatick\u00e9 z\u00e1vory\",\"potentialAction\":[{\"@type\":\"SearchAction\",\"target\":{\"@type\":\"EntryPoint\",\"urlTemplate\":\"https:\/\/greenweb.prezentuju.xyz\/pl\/?s={search_term_string}\"},\"query-input\":\"required name=search_term_string\"}],\"inLanguage\":\"pl-PL\"}]}<\/script>\n<!-- \/ Yoast SEO plugin. -->","yoast_head_json":{"title":"Aktualno\u015bci - Green Center","robots":{"index":"index","follow":"follow","max-snippet":"max-snippet:-1","max-image-preview":"max-image-preview:large","max-video-preview":"max-video-preview:-1"},"canonical":"https:\/\/greenweb.prezentuju.xyz\/pl\/aktualnosci\/","og_locale":"pl_PL","og_type":"article","og_title":"Aktualno\u015bci - Green Center","og_url":"https:\/\/greenweb.prezentuju.xyz\/pl\/aktualnosci\/","og_site_name":"Green Center","article_publisher":"https:\/\/www.facebook.com\/GREENCenterCZ","article_modified_time":"2026-01-09T15:14:32+00:00","og_image":[{"width":1024,"height":576,"url":"https:\/\/greenweb.prezentuju.xyz\/wp-content\/uploads\/2026\/01\/aktual-pl-1-1024x576.png","type":"image\/png"}],"twitter_card":"summary_large_image","twitter_misc":{"Szacowany czas czytania":"2 minuty"},"schema":{"@context":"https:\/\/schema.org","@graph":[{"@type":"WebPage","@id":"https:\/\/greenweb.prezentuju.xyz\/pl\/aktualnosci\/","url":"https:\/\/greenweb.prezentuju.xyz\/pl\/aktualnosci\/","name":"Aktualno\u015bci - Green Center","isPartOf":{"@id":"https:\/\/greenweb.prezentuju.xyz\/pl\/#website"},"datePublished":"2024-05-14T06:19:22+00:00","dateModified":"2026-01-09T15:14:32+00:00","breadcrumb":{"@id":"https:\/\/greenweb.prezentuju.xyz\/pl\/aktualnosci\/#breadcrumb"},"inLanguage":"pl-PL","potentialAction":[{"@type":"ReadAction","target":["https:\/\/greenweb.prezentuju.xyz\/pl\/aktualnosci\/"]}]},{"@type":"BreadcrumbList","@id":"https:\/\/greenweb.prezentuju.xyz\/pl\/aktualnosci\/#breadcrumb","itemListElement":[{"@type":"ListItem","position":1,"name":"Strona g\u0142\u00f3wna","item":"https:\/\/greenweb.prezentuju.xyz\/pl\/"},{"@type":"ListItem","position":2,"name":"Aktualno\u015bci"}]},{"@type":"WebSite","@id":"https:\/\/greenweb.prezentuju.xyz\/pl\/#website","url":"https:\/\/greenweb.prezentuju.xyz\/pl\/","name":"GREEN","description":"Parkovac\u00ed syst\u00e9my a automatick\u00e9 z\u00e1vory","potentialAction":[{"@type":"SearchAction","target":{"@type":"EntryPoint","urlTemplate":"https:\/\/greenweb.prezentuju.xyz\/pl\/?s={search_term_string}"},"query-input":"required name=search_term_string"}],"inLanguage":"pl-PL"}]}},"_links":{"self":[{"href":"https:\/\/greenweb.prezentuju.xyz\/pl\/wp-json\/wp\/v2\/pages\/1535","targetHints":{"allow":["GET"]}}],"collection":[{"href":"https:\/\/greenweb.prezentuju.xyz\/pl\/wp-json\/wp\/v2\/pages"}],"about":[{"href":"https:\/\/greenweb.prezentuju.xyz\/pl\/wp-json\/wp\/v2\/types\/page"}],"author":[{"embeddable":true,"href":"https:\/\/greenweb.prezentuju.xyz\/pl\/wp-json\/wp\/v2\/users\/1"}],"replies":[{"embeddable":true,"href":"https:\/\/greenweb.prezentuju.xyz\/pl\/wp-json\/wp\/v2\/comments?post=1535"}],"version-history":[{"count":1,"href":"https:\/\/greenweb.prezentuju.xyz\/pl\/wp-json\/wp\/v2\/pages\/1535\/revisions"}],"predecessor-version":[{"id":4608,"href":"https:\/\/greenweb.prezentuju.xyz\/pl\/wp-json\/wp\/v2\/pages\/1535\/revisions\/4608"}],"wp:attachment":[{"href":"https:\/\/greenweb.prezentuju.xyz\/pl\/wp-json\/wp\/v2\/media?parent=1535"}],"curies":[{"name":"wp","href":"https:\/\/api.w.org\/{rel}","templated":true}]}}