{"id":5267,"date":"2026-02-21T01:54:40","date_gmt":"2026-02-21T00:54:40","guid":{"rendered":"https:\/\/greenweb.prezentuju.xyz\/produkt\/bastion-m-m-twin-2\/"},"modified":"2026-02-24T21:47:20","modified_gmt":"2026-02-24T20:47:20","slug":"bastion-m-m-twin","status":"publish","type":"product","link":"https:\/\/greenweb.prezentuju.xyz\/en\/product\/bastion-m-m-twin\/","title":{"rendered":"BASTION-M\/M TWIN"},"content":{"rendered":"<p>Massive anti-vandal tripod turnstile with a&nbsp;reinforced body. Engineered for the most demanding environments like stadiums and large factories.<\/p>\n","protected":false},"excerpt":{"rendered":"<p>Massive anti-vandal tripod turnstile with a&nbsp;reinforced body. Engineered for the  [&#8230;]<\/p>\n","protected":false},"featured_media":4874,"template":"","meta":[],"product_brand":[],"product_cat":[213,714],"product_tag":[],"class_list":{"0":"post-5267","1":"product","2":"type-product","3":"status-publish","4":"has-post-thumbnail","6":"product_cat-access-systems","7":"product_cat-tripod-turnstiles","9":"first","10":"instock","11":"shipping-taxable","12":"product-type-simple"},"acf":[],"yoast_head":"<!-- This site is optimized with the Yoast SEO plugin v22.9 - https:\/\/yoast.com\/wordpress\/plugins\/seo\/ -->\n<title>BASTION-M\/M TWIN - Green Center<\/title>\n<meta name=\"robots\" content=\"index, follow, max-snippet:-1, max-image-preview:large, max-video-preview:-1\" \/>\n<link rel=\"canonical\" href=\"https:\/\/greenweb.prezentuju.xyz\/en\/product\/bastion-m-m-twin\/\" \/>\n<meta property=\"og:locale\" content=\"en_GB\" \/>\n<meta property=\"og:type\" content=\"article\" \/>\n<meta property=\"og:title\" content=\"BASTION-M\/M TWIN - Green Center\" \/>\n<meta property=\"og:description\" content=\"Massive anti-vandal tripod turnstile with a&nbsp;reinforced body. Engineered for the [...]\" \/>\n<meta property=\"og:url\" content=\"https:\/\/greenweb.prezentuju.xyz\/en\/product\/bastion-m-m-twin\/\" \/>\n<meta property=\"og:site_name\" content=\"Green Center\" \/>\n<meta property=\"article:publisher\" content=\"https:\/\/www.facebook.com\/GREENCenterCZ\" \/>\n<meta property=\"article:modified_time\" content=\"2026-02-24T20:47:20+00:00\" \/>\n<meta property=\"og:image\" content=\"https:\/\/greenweb.prezentuju.xyz\/wp-content\/uploads\/2026\/02\/GEN-012%20(1).jpg\" \/>\n\t<meta property=\"og:image:width\" content=\"640\" \/>\n\t<meta property=\"og:image:height\" content=\"640\" \/>\n\t<meta property=\"og:image:type\" content=\"image\/jpeg\" \/>\n<meta name=\"twitter:card\" content=\"summary_large_image\" \/>\n<meta name=\"twitter:label1\" content=\"Estimated reading time\" \/>\n\t<meta name=\"twitter:data1\" content=\"1 minute\" \/>\n<script type=\"application\/ld+json\" class=\"yoast-schema-graph\">{\"@context\":\"https:\/\/schema.org\",\"@graph\":[{\"@type\":\"WebPage\",\"@id\":\"https:\/\/greenweb.prezentuju.xyz\/en\/product\/bastion-m-m-twin\/\",\"url\":\"https:\/\/greenweb.prezentuju.xyz\/en\/product\/bastion-m-m-twin\/\",\"name\":\"BASTION-M\/M TWIN - Green Center\",\"isPartOf\":{\"@id\":\"https:\/\/greenweb.prezentuju.xyz\/en\/#website\"},\"primaryImageOfPage\":{\"@id\":\"https:\/\/greenweb.prezentuju.xyz\/en\/product\/bastion-m-m-twin\/#primaryimage\"},\"image\":{\"@id\":\"https:\/\/greenweb.prezentuju.xyz\/en\/product\/bastion-m-m-twin\/#primaryimage\"},\"thumbnailUrl\":\"https:\/\/greenweb.prezentuju.xyz\/wp-content\/uploads\/2026\/02\/GEN-012 (1).jpg\",\"datePublished\":\"2026-02-21T00:54:40+00:00\",\"dateModified\":\"2026-02-24T20:47:20+00:00\",\"breadcrumb\":{\"@id\":\"https:\/\/greenweb.prezentuju.xyz\/en\/product\/bastion-m-m-twin\/#breadcrumb\"},\"inLanguage\":\"en-GB\",\"potentialAction\":[{\"@type\":\"ReadAction\",\"target\":[\"https:\/\/greenweb.prezentuju.xyz\/en\/product\/bastion-m-m-twin\/\"]}]},{\"@type\":\"ImageObject\",\"inLanguage\":\"en-GB\",\"@id\":\"https:\/\/greenweb.prezentuju.xyz\/en\/product\/bastion-m-m-twin\/#primaryimage\",\"url\":\"https:\/\/greenweb.prezentuju.xyz\/wp-content\/uploads\/2026\/02\/GEN-012 (1).jpg\",\"contentUrl\":\"https:\/\/greenweb.prezentuju.xyz\/wp-content\/uploads\/2026\/02\/GEN-012 (1).jpg\",\"width\":640,\"height\":640},{\"@type\":\"BreadcrumbList\",\"@id\":\"https:\/\/greenweb.prezentuju.xyz\/en\/product\/bastion-m-m-twin\/#breadcrumb\",\"itemListElement\":[{\"@type\":\"ListItem\",\"position\":1,\"name\":\"Home\",\"item\":\"https:\/\/greenweb.prezentuju.xyz\/en\/\"},{\"@type\":\"ListItem\",\"position\":2,\"name\":\"Produkty\",\"item\":\"https:\/\/greenweb.prezentuju.xyz\/produkty\/\"},{\"@type\":\"ListItem\",\"position\":3,\"name\":\"BASTION-M\/M TWIN\"}]},{\"@type\":\"WebSite\",\"@id\":\"https:\/\/greenweb.prezentuju.xyz\/en\/#website\",\"url\":\"https:\/\/greenweb.prezentuju.xyz\/en\/\",\"name\":\"GREEN\",\"description\":\"Parkovac\u00ed syst\u00e9my a automatick\u00e9 z\u00e1vory\",\"potentialAction\":[{\"@type\":\"SearchAction\",\"target\":{\"@type\":\"EntryPoint\",\"urlTemplate\":\"https:\/\/greenweb.prezentuju.xyz\/en\/?s={search_term_string}\"},\"query-input\":\"required name=search_term_string\"}],\"inLanguage\":\"en-GB\"}]}<\/script>\n<!-- \/ Yoast SEO plugin. -->","yoast_head_json":{"title":"BASTION-M\/M TWIN - Green Center","robots":{"index":"index","follow":"follow","max-snippet":"max-snippet:-1","max-image-preview":"max-image-preview:large","max-video-preview":"max-video-preview:-1"},"canonical":"https:\/\/greenweb.prezentuju.xyz\/en\/product\/bastion-m-m-twin\/","og_locale":"en_GB","og_type":"article","og_title":"BASTION-M\/M TWIN - Green Center","og_description":"Massive anti-vandal tripod turnstile with a&nbsp;reinforced body. Engineered for the [...]","og_url":"https:\/\/greenweb.prezentuju.xyz\/en\/product\/bastion-m-m-twin\/","og_site_name":"Green Center","article_publisher":"https:\/\/www.facebook.com\/GREENCenterCZ","article_modified_time":"2026-02-24T20:47:20+00:00","og_image":[{"width":640,"height":640,"url":"https:\/\/greenweb.prezentuju.xyz\/wp-content\/uploads\/2026\/02\/GEN-012 (1).jpg","type":"image\/jpeg"}],"twitter_card":"summary_large_image","twitter_misc":{"Estimated reading time":"1 minute"},"schema":{"@context":"https:\/\/schema.org","@graph":[{"@type":"WebPage","@id":"https:\/\/greenweb.prezentuju.xyz\/en\/product\/bastion-m-m-twin\/","url":"https:\/\/greenweb.prezentuju.xyz\/en\/product\/bastion-m-m-twin\/","name":"BASTION-M\/M TWIN - Green Center","isPartOf":{"@id":"https:\/\/greenweb.prezentuju.xyz\/en\/#website"},"primaryImageOfPage":{"@id":"https:\/\/greenweb.prezentuju.xyz\/en\/product\/bastion-m-m-twin\/#primaryimage"},"image":{"@id":"https:\/\/greenweb.prezentuju.xyz\/en\/product\/bastion-m-m-twin\/#primaryimage"},"thumbnailUrl":"https:\/\/greenweb.prezentuju.xyz\/wp-content\/uploads\/2026\/02\/GEN-012 (1).jpg","datePublished":"2026-02-21T00:54:40+00:00","dateModified":"2026-02-24T20:47:20+00:00","breadcrumb":{"@id":"https:\/\/greenweb.prezentuju.xyz\/en\/product\/bastion-m-m-twin\/#breadcrumb"},"inLanguage":"en-GB","potentialAction":[{"@type":"ReadAction","target":["https:\/\/greenweb.prezentuju.xyz\/en\/product\/bastion-m-m-twin\/"]}]},{"@type":"ImageObject","inLanguage":"en-GB","@id":"https:\/\/greenweb.prezentuju.xyz\/en\/product\/bastion-m-m-twin\/#primaryimage","url":"https:\/\/greenweb.prezentuju.xyz\/wp-content\/uploads\/2026\/02\/GEN-012 (1).jpg","contentUrl":"https:\/\/greenweb.prezentuju.xyz\/wp-content\/uploads\/2026\/02\/GEN-012 (1).jpg","width":640,"height":640},{"@type":"BreadcrumbList","@id":"https:\/\/greenweb.prezentuju.xyz\/en\/product\/bastion-m-m-twin\/#breadcrumb","itemListElement":[{"@type":"ListItem","position":1,"name":"Home","item":"https:\/\/greenweb.prezentuju.xyz\/en\/"},{"@type":"ListItem","position":2,"name":"Produkty","item":"https:\/\/greenweb.prezentuju.xyz\/produkty\/"},{"@type":"ListItem","position":3,"name":"BASTION-M\/M TWIN"}]},{"@type":"WebSite","@id":"https:\/\/greenweb.prezentuju.xyz\/en\/#website","url":"https:\/\/greenweb.prezentuju.xyz\/en\/","name":"GREEN","description":"Parkovac\u00ed syst\u00e9my a automatick\u00e9 z\u00e1vory","potentialAction":[{"@type":"SearchAction","target":{"@type":"EntryPoint","urlTemplate":"https:\/\/greenweb.prezentuju.xyz\/en\/?s={search_term_string}"},"query-input":"required name=search_term_string"}],"inLanguage":"en-GB"}]}},"_links":{"self":[{"href":"https:\/\/greenweb.prezentuju.xyz\/en\/wp-json\/wp\/v2\/product\/5267","targetHints":{"allow":["GET"]}}],"collection":[{"href":"https:\/\/greenweb.prezentuju.xyz\/en\/wp-json\/wp\/v2\/product"}],"about":[{"href":"https:\/\/greenweb.prezentuju.xyz\/en\/wp-json\/wp\/v2\/types\/product"}],"wp:featuredmedia":[{"embeddable":true,"href":"https:\/\/greenweb.prezentuju.xyz\/en\/wp-json\/wp\/v2\/media\/4874"}],"wp:attachment":[{"href":"https:\/\/greenweb.prezentuju.xyz\/en\/wp-json\/wp\/v2\/media?parent=5267"}],"wp:term":[{"taxonomy":"product_brand","embeddable":true,"href":"https:\/\/greenweb.prezentuju.xyz\/en\/wp-json\/wp\/v2\/product_brand?post=5267"},{"taxonomy":"product_cat","embeddable":true,"href":"https:\/\/greenweb.prezentuju.xyz\/en\/wp-json\/wp\/v2\/product_cat?post=5267"},{"taxonomy":"product_tag","embeddable":true,"href":"https:\/\/greenweb.prezentuju.xyz\/en\/wp-json\/wp\/v2\/product_tag?post=5267"}],"curies":[{"name":"wp","href":"https:\/\/api.w.org\/{rel}","templated":true}]}}