{"id":2254,"date":"2024-01-12T12:52:02","date_gmt":"2024-01-12T11:52:02","guid":{"rendered":"http:\/\/green.cz\/produkt\/mars-system-pro-vzdalenou-spravu-autonomnich-zarizeni\/"},"modified":"2025-12-25T18:15:09","modified_gmt":"2025-12-25T17:15:09","slug":"mars-remote-management-system-for-autonomous-devices","status":"publish","type":"product","link":"https:\/\/greenweb.prezentuju.xyz\/en\/product\/mars-remote-management-system-for-autonomous-devices\/","title":{"rendered":"MARS \u2013 Remote Monitoring System For Autonomous Devices"},"content":{"rendered":"<p class=\"p1\">MARS is a&nbsp;system for remote management of autonomous devices, primarily access systems and Economy parking systems.<\/p>\n<p class=\"p1\">Individual devices communicate with a&nbsp;central cloud server, which the operator accesses via the Internet using a&nbsp;standard web browser.<\/p>\n","protected":false},"excerpt":{"rendered":"<p>MARS is a&nbsp;system for remote management of autonomous devices, primarily  [&#8230;]<\/p>\n","protected":false},"featured_media":2422,"template":"","meta":[],"product_brand":[],"product_cat":[227,245],"product_tag":[],"class_list":{"0":"post-2254","1":"product","2":"type-product","3":"status-publish","4":"has-post-thumbnail","6":"product_cat-software","7":"product_cat-monitoring-systems-and-remote-management","9":"first","10":"instock","11":"shipping-taxable","12":"product-type-simple"},"acf":[],"yoast_head":"<!-- This site is optimized with the Yoast SEO plugin v22.9 - https:\/\/yoast.com\/wordpress\/plugins\/seo\/ -->\n<title>MARS \u2013 Remote Monitoring System For Autonomous Devices - Green Center<\/title>\n<meta name=\"robots\" content=\"index, follow, max-snippet:-1, max-image-preview:large, max-video-preview:-1\" \/>\n<link rel=\"canonical\" href=\"https:\/\/greenweb.prezentuju.xyz\/en\/product\/mars-remote-management-system-for-autonomous-devices\/\" \/>\n<meta property=\"og:locale\" content=\"en_GB\" \/>\n<meta property=\"og:type\" content=\"article\" \/>\n<meta property=\"og:title\" content=\"MARS \u2013 Remote Monitoring System For Autonomous Devices - Green Center\" \/>\n<meta property=\"og:description\" content=\"MARS is a&nbsp;system for remote management of autonomous devices, primarily [...]\" \/>\n<meta property=\"og:url\" content=\"https:\/\/greenweb.prezentuju.xyz\/en\/product\/mars-remote-management-system-for-autonomous-devices\/\" \/>\n<meta property=\"og:site_name\" content=\"Green Center\" \/>\n<meta property=\"article:publisher\" content=\"https:\/\/www.facebook.com\/GREENCenterCZ\" \/>\n<meta property=\"article:modified_time\" content=\"2025-12-25T17:15:09+00:00\" \/>\n<meta property=\"og:image\" content=\"https:\/\/greenweb.prezentuju.xyz\/wp-content\/uploads\/2024\/01\/iso_GPSW_MARS-sq-gl.png\" \/>\n\t<meta property=\"og:image:width\" content=\"2551\" \/>\n\t<meta property=\"og:image:height\" content=\"2551\" \/>\n\t<meta property=\"og:image:type\" content=\"image\/png\" \/>\n<meta name=\"twitter:card\" content=\"summary_large_image\" \/>\n<meta name=\"twitter:label1\" content=\"Estimated reading time\" \/>\n\t<meta name=\"twitter:data1\" content=\"1 minute\" \/>\n<script type=\"application\/ld+json\" class=\"yoast-schema-graph\">{\"@context\":\"https:\/\/schema.org\",\"@graph\":[{\"@type\":\"WebPage\",\"@id\":\"https:\/\/greenweb.prezentuju.xyz\/en\/product\/mars-remote-management-system-for-autonomous-devices\/\",\"url\":\"https:\/\/greenweb.prezentuju.xyz\/en\/product\/mars-remote-management-system-for-autonomous-devices\/\",\"name\":\"MARS \u2013 Remote Monitoring System For Autonomous Devices - Green Center\",\"isPartOf\":{\"@id\":\"https:\/\/greenweb.prezentuju.xyz\/en\/#website\"},\"primaryImageOfPage\":{\"@id\":\"https:\/\/greenweb.prezentuju.xyz\/en\/product\/mars-remote-management-system-for-autonomous-devices\/#primaryimage\"},\"image\":{\"@id\":\"https:\/\/greenweb.prezentuju.xyz\/en\/product\/mars-remote-management-system-for-autonomous-devices\/#primaryimage\"},\"thumbnailUrl\":\"https:\/\/greenweb.prezentuju.xyz\/wp-content\/uploads\/2024\/01\/iso_GPSW_MARS-sq-gl.png\",\"datePublished\":\"2024-01-12T11:52:02+00:00\",\"dateModified\":\"2025-12-25T17:15:09+00:00\",\"breadcrumb\":{\"@id\":\"https:\/\/greenweb.prezentuju.xyz\/en\/product\/mars-remote-management-system-for-autonomous-devices\/#breadcrumb\"},\"inLanguage\":\"en-GB\",\"potentialAction\":[{\"@type\":\"ReadAction\",\"target\":[\"https:\/\/greenweb.prezentuju.xyz\/en\/product\/mars-remote-management-system-for-autonomous-devices\/\"]}]},{\"@type\":\"ImageObject\",\"inLanguage\":\"en-GB\",\"@id\":\"https:\/\/greenweb.prezentuju.xyz\/en\/product\/mars-remote-management-system-for-autonomous-devices\/#primaryimage\",\"url\":\"https:\/\/greenweb.prezentuju.xyz\/wp-content\/uploads\/2024\/01\/iso_GPSW_MARS-sq-gl.png\",\"contentUrl\":\"https:\/\/greenweb.prezentuju.xyz\/wp-content\/uploads\/2024\/01\/iso_GPSW_MARS-sq-gl.png\",\"width\":2551,\"height\":2551},{\"@type\":\"BreadcrumbList\",\"@id\":\"https:\/\/greenweb.prezentuju.xyz\/en\/product\/mars-remote-management-system-for-autonomous-devices\/#breadcrumb\",\"itemListElement\":[{\"@type\":\"ListItem\",\"position\":1,\"name\":\"Home\",\"item\":\"https:\/\/greenweb.prezentuju.xyz\/en\/\"},{\"@type\":\"ListItem\",\"position\":2,\"name\":\"Produkty\",\"item\":\"https:\/\/greenweb.prezentuju.xyz\/produkty\/\"},{\"@type\":\"ListItem\",\"position\":3,\"name\":\"MARS \u2013 Remote Monitoring System For Autonomous Devices\"}]},{\"@type\":\"WebSite\",\"@id\":\"https:\/\/greenweb.prezentuju.xyz\/en\/#website\",\"url\":\"https:\/\/greenweb.prezentuju.xyz\/en\/\",\"name\":\"GREEN\",\"description\":\"Parkovac\u00ed syst\u00e9my a automatick\u00e9 z\u00e1vory\",\"potentialAction\":[{\"@type\":\"SearchAction\",\"target\":{\"@type\":\"EntryPoint\",\"urlTemplate\":\"https:\/\/greenweb.prezentuju.xyz\/en\/?s={search_term_string}\"},\"query-input\":\"required name=search_term_string\"}],\"inLanguage\":\"en-GB\"}]}<\/script>\n<!-- \/ Yoast SEO plugin. -->","yoast_head_json":{"title":"MARS \u2013 Remote Monitoring System For Autonomous Devices - Green Center","robots":{"index":"index","follow":"follow","max-snippet":"max-snippet:-1","max-image-preview":"max-image-preview:large","max-video-preview":"max-video-preview:-1"},"canonical":"https:\/\/greenweb.prezentuju.xyz\/en\/product\/mars-remote-management-system-for-autonomous-devices\/","og_locale":"en_GB","og_type":"article","og_title":"MARS \u2013 Remote Monitoring System For Autonomous Devices - Green Center","og_description":"MARS is a&nbsp;system for remote management of autonomous devices, primarily [...]","og_url":"https:\/\/greenweb.prezentuju.xyz\/en\/product\/mars-remote-management-system-for-autonomous-devices\/","og_site_name":"Green Center","article_publisher":"https:\/\/www.facebook.com\/GREENCenterCZ","article_modified_time":"2025-12-25T17:15:09+00:00","og_image":[{"width":2551,"height":2551,"url":"https:\/\/greenweb.prezentuju.xyz\/wp-content\/uploads\/2024\/01\/iso_GPSW_MARS-sq-gl.png","type":"image\/png"}],"twitter_card":"summary_large_image","twitter_misc":{"Estimated reading time":"1 minute"},"schema":{"@context":"https:\/\/schema.org","@graph":[{"@type":"WebPage","@id":"https:\/\/greenweb.prezentuju.xyz\/en\/product\/mars-remote-management-system-for-autonomous-devices\/","url":"https:\/\/greenweb.prezentuju.xyz\/en\/product\/mars-remote-management-system-for-autonomous-devices\/","name":"MARS \u2013 Remote Monitoring System For Autonomous Devices - Green Center","isPartOf":{"@id":"https:\/\/greenweb.prezentuju.xyz\/en\/#website"},"primaryImageOfPage":{"@id":"https:\/\/greenweb.prezentuju.xyz\/en\/product\/mars-remote-management-system-for-autonomous-devices\/#primaryimage"},"image":{"@id":"https:\/\/greenweb.prezentuju.xyz\/en\/product\/mars-remote-management-system-for-autonomous-devices\/#primaryimage"},"thumbnailUrl":"https:\/\/greenweb.prezentuju.xyz\/wp-content\/uploads\/2024\/01\/iso_GPSW_MARS-sq-gl.png","datePublished":"2024-01-12T11:52:02+00:00","dateModified":"2025-12-25T17:15:09+00:00","breadcrumb":{"@id":"https:\/\/greenweb.prezentuju.xyz\/en\/product\/mars-remote-management-system-for-autonomous-devices\/#breadcrumb"},"inLanguage":"en-GB","potentialAction":[{"@type":"ReadAction","target":["https:\/\/greenweb.prezentuju.xyz\/en\/product\/mars-remote-management-system-for-autonomous-devices\/"]}]},{"@type":"ImageObject","inLanguage":"en-GB","@id":"https:\/\/greenweb.prezentuju.xyz\/en\/product\/mars-remote-management-system-for-autonomous-devices\/#primaryimage","url":"https:\/\/greenweb.prezentuju.xyz\/wp-content\/uploads\/2024\/01\/iso_GPSW_MARS-sq-gl.png","contentUrl":"https:\/\/greenweb.prezentuju.xyz\/wp-content\/uploads\/2024\/01\/iso_GPSW_MARS-sq-gl.png","width":2551,"height":2551},{"@type":"BreadcrumbList","@id":"https:\/\/greenweb.prezentuju.xyz\/en\/product\/mars-remote-management-system-for-autonomous-devices\/#breadcrumb","itemListElement":[{"@type":"ListItem","position":1,"name":"Home","item":"https:\/\/greenweb.prezentuju.xyz\/en\/"},{"@type":"ListItem","position":2,"name":"Produkty","item":"https:\/\/greenweb.prezentuju.xyz\/produkty\/"},{"@type":"ListItem","position":3,"name":"MARS \u2013 Remote Monitoring System For Autonomous Devices"}]},{"@type":"WebSite","@id":"https:\/\/greenweb.prezentuju.xyz\/en\/#website","url":"https:\/\/greenweb.prezentuju.xyz\/en\/","name":"GREEN","description":"Parkovac\u00ed syst\u00e9my a automatick\u00e9 z\u00e1vory","potentialAction":[{"@type":"SearchAction","target":{"@type":"EntryPoint","urlTemplate":"https:\/\/greenweb.prezentuju.xyz\/en\/?s={search_term_string}"},"query-input":"required name=search_term_string"}],"inLanguage":"en-GB"}]}},"_links":{"self":[{"href":"https:\/\/greenweb.prezentuju.xyz\/en\/wp-json\/wp\/v2\/product\/2254","targetHints":{"allow":["GET"]}}],"collection":[{"href":"https:\/\/greenweb.prezentuju.xyz\/en\/wp-json\/wp\/v2\/product"}],"about":[{"href":"https:\/\/greenweb.prezentuju.xyz\/en\/wp-json\/wp\/v2\/types\/product"}],"wp:featuredmedia":[{"embeddable":true,"href":"https:\/\/greenweb.prezentuju.xyz\/en\/wp-json\/wp\/v2\/media\/2422"}],"wp:attachment":[{"href":"https:\/\/greenweb.prezentuju.xyz\/en\/wp-json\/wp\/v2\/media?parent=2254"}],"wp:term":[{"taxonomy":"product_brand","embeddable":true,"href":"https:\/\/greenweb.prezentuju.xyz\/en\/wp-json\/wp\/v2\/product_brand?post=2254"},{"taxonomy":"product_cat","embeddable":true,"href":"https:\/\/greenweb.prezentuju.xyz\/en\/wp-json\/wp\/v2\/product_cat?post=2254"},{"taxonomy":"product_tag","embeddable":true,"href":"https:\/\/greenweb.prezentuju.xyz\/en\/wp-json\/wp\/v2\/product_tag?post=2254"}],"curies":[{"name":"wp","href":"https:\/\/api.w.org\/{rel}","templated":true}]}}