{"id":2252,"date":"2024-01-12T09:53:07","date_gmt":"2024-01-12T08:53:07","guid":{"rendered":"http:\/\/green.cz\/produkt\/gpp-pgs2-system-navadeni-na-volna-parkovaci-mista\/"},"modified":"2025-12-25T17:26:30","modified_gmt":"2025-12-25T16:26:30","slug":"gpp-pgs2-parking-guidance-system","status":"publish","type":"product","link":"https:\/\/greenweb.prezentuju.xyz\/en\/product\/gpp-pgs2-parking-guidance-system\/","title":{"rendered":"GPP PGS2 \u2013 Parking Guidance System With Information Displays"},"content":{"rendered":"<p class=\"p1\">GPP PGS2 is a&nbsp;system for guiding vehicles to available parking spaces, with the option of displaying information on navigation displays.<\/p>\n<p class=\"p1\">Ultrasonic sensors, cameras, or floor sensors are used to monitor individual parking spaces. Occupancy is then indicated by LED lights and information displays.<\/p>\n","protected":false},"excerpt":{"rendered":"<p>GPP PGS2 is a&nbsp;system for guiding vehicles to available parking  [&#8230;]<\/p>\n","protected":false},"featured_media":1468,"template":"","meta":[],"product_brand":[],"product_cat":[153,168,152,238],"product_tag":[],"class_list":{"0":"post-2252","1":"product","2":"type-product","3":"status-publish","4":"has-post-thumbnail","6":"product_cat-parking-systems","7":"product_cat-variant-parking-system","8":"product_cat-parking-system-accessories","9":"product_cat-guidance-system-to-free-parking-spaces","11":"first","12":"instock","13":"shipping-taxable","14":"product-type-simple"},"acf":[],"yoast_head":"<!-- This site is optimized with the Yoast SEO plugin v22.9 - https:\/\/yoast.com\/wordpress\/plugins\/seo\/ -->\n<title>GPP PGS2 \u2013 Parking Guidance System With Information Displays - Green Center<\/title>\n<meta name=\"robots\" content=\"index, follow, max-snippet:-1, max-image-preview:large, max-video-preview:-1\" \/>\n<link rel=\"canonical\" href=\"https:\/\/greenweb.prezentuju.xyz\/en\/product\/gpp-pgs2-parking-guidance-system\/\" \/>\n<meta property=\"og:locale\" content=\"en_GB\" \/>\n<meta property=\"og:type\" content=\"article\" \/>\n<meta property=\"og:title\" content=\"GPP PGS2 \u2013 Parking Guidance System With Information Displays - Green Center\" \/>\n<meta property=\"og:description\" content=\"GPP PGS2 is a&nbsp;system for guiding vehicles to available parking [...]\" \/>\n<meta property=\"og:url\" content=\"https:\/\/greenweb.prezentuju.xyz\/en\/product\/gpp-pgs2-parking-guidance-system\/\" \/>\n<meta property=\"og:site_name\" content=\"Green Center\" \/>\n<meta property=\"article:publisher\" content=\"https:\/\/www.facebook.com\/GREENCenterCZ\" \/>\n<meta property=\"article:modified_time\" content=\"2025-12-25T16:26:30+00:00\" \/>\n<meta property=\"og:image\" content=\"https:\/\/greenweb.prezentuju.xyz\/wp-content\/uploads\/2024\/01\/GPP-PGS-2.png\" \/>\n\t<meta property=\"og:image:width\" content=\"800\" \/>\n\t<meta property=\"og:image:height\" content=\"800\" \/>\n\t<meta property=\"og:image:type\" content=\"image\/png\" \/>\n<meta name=\"twitter:card\" content=\"summary_large_image\" \/>\n<meta name=\"twitter:label1\" content=\"Estimated reading time\" \/>\n\t<meta name=\"twitter:data1\" content=\"1 minute\" \/>\n<script type=\"application\/ld+json\" class=\"yoast-schema-graph\">{\"@context\":\"https:\/\/schema.org\",\"@graph\":[{\"@type\":\"WebPage\",\"@id\":\"https:\/\/greenweb.prezentuju.xyz\/en\/product\/gpp-pgs2-parking-guidance-system\/\",\"url\":\"https:\/\/greenweb.prezentuju.xyz\/en\/product\/gpp-pgs2-parking-guidance-system\/\",\"name\":\"GPP PGS2 \u2013 Parking Guidance System With Information Displays - Green Center\",\"isPartOf\":{\"@id\":\"https:\/\/greenweb.prezentuju.xyz\/en\/#website\"},\"primaryImageOfPage\":{\"@id\":\"https:\/\/greenweb.prezentuju.xyz\/en\/product\/gpp-pgs2-parking-guidance-system\/#primaryimage\"},\"image\":{\"@id\":\"https:\/\/greenweb.prezentuju.xyz\/en\/product\/gpp-pgs2-parking-guidance-system\/#primaryimage\"},\"thumbnailUrl\":\"https:\/\/greenweb.prezentuju.xyz\/wp-content\/uploads\/2024\/01\/GPP-PGS-2.png\",\"datePublished\":\"2024-01-12T08:53:07+00:00\",\"dateModified\":\"2025-12-25T16:26:30+00:00\",\"breadcrumb\":{\"@id\":\"https:\/\/greenweb.prezentuju.xyz\/en\/product\/gpp-pgs2-parking-guidance-system\/#breadcrumb\"},\"inLanguage\":\"en-GB\",\"potentialAction\":[{\"@type\":\"ReadAction\",\"target\":[\"https:\/\/greenweb.prezentuju.xyz\/en\/product\/gpp-pgs2-parking-guidance-system\/\"]}]},{\"@type\":\"ImageObject\",\"inLanguage\":\"en-GB\",\"@id\":\"https:\/\/greenweb.prezentuju.xyz\/en\/product\/gpp-pgs2-parking-guidance-system\/#primaryimage\",\"url\":\"https:\/\/greenweb.prezentuju.xyz\/wp-content\/uploads\/2024\/01\/GPP-PGS-2.png\",\"contentUrl\":\"https:\/\/greenweb.prezentuju.xyz\/wp-content\/uploads\/2024\/01\/GPP-PGS-2.png\",\"width\":800,\"height\":800},{\"@type\":\"BreadcrumbList\",\"@id\":\"https:\/\/greenweb.prezentuju.xyz\/en\/product\/gpp-pgs2-parking-guidance-system\/#breadcrumb\",\"itemListElement\":[{\"@type\":\"ListItem\",\"position\":1,\"name\":\"Home\",\"item\":\"https:\/\/greenweb.prezentuju.xyz\/en\/\"},{\"@type\":\"ListItem\",\"position\":2,\"name\":\"Produkty\",\"item\":\"https:\/\/greenweb.prezentuju.xyz\/produkty\/\"},{\"@type\":\"ListItem\",\"position\":3,\"name\":\"GPP PGS2 \u2013 Parking Guidance System With Information Displays\"}]},{\"@type\":\"WebSite\",\"@id\":\"https:\/\/greenweb.prezentuju.xyz\/en\/#website\",\"url\":\"https:\/\/greenweb.prezentuju.xyz\/en\/\",\"name\":\"GREEN\",\"description\":\"Parkovac\u00ed syst\u00e9my a automatick\u00e9 z\u00e1vory\",\"potentialAction\":[{\"@type\":\"SearchAction\",\"target\":{\"@type\":\"EntryPoint\",\"urlTemplate\":\"https:\/\/greenweb.prezentuju.xyz\/en\/?s={search_term_string}\"},\"query-input\":\"required name=search_term_string\"}],\"inLanguage\":\"en-GB\"}]}<\/script>\n<!-- \/ Yoast SEO plugin. -->","yoast_head_json":{"title":"GPP PGS2 \u2013 Parking Guidance System With Information Displays - Green Center","robots":{"index":"index","follow":"follow","max-snippet":"max-snippet:-1","max-image-preview":"max-image-preview:large","max-video-preview":"max-video-preview:-1"},"canonical":"https:\/\/greenweb.prezentuju.xyz\/en\/product\/gpp-pgs2-parking-guidance-system\/","og_locale":"en_GB","og_type":"article","og_title":"GPP PGS2 \u2013 Parking Guidance System With Information Displays - Green Center","og_description":"GPP PGS2 is a&nbsp;system for guiding vehicles to available parking [...]","og_url":"https:\/\/greenweb.prezentuju.xyz\/en\/product\/gpp-pgs2-parking-guidance-system\/","og_site_name":"Green Center","article_publisher":"https:\/\/www.facebook.com\/GREENCenterCZ","article_modified_time":"2025-12-25T16:26:30+00:00","og_image":[{"width":800,"height":800,"url":"https:\/\/greenweb.prezentuju.xyz\/wp-content\/uploads\/2024\/01\/GPP-PGS-2.png","type":"image\/png"}],"twitter_card":"summary_large_image","twitter_misc":{"Estimated reading time":"1 minute"},"schema":{"@context":"https:\/\/schema.org","@graph":[{"@type":"WebPage","@id":"https:\/\/greenweb.prezentuju.xyz\/en\/product\/gpp-pgs2-parking-guidance-system\/","url":"https:\/\/greenweb.prezentuju.xyz\/en\/product\/gpp-pgs2-parking-guidance-system\/","name":"GPP PGS2 \u2013 Parking Guidance System With Information Displays - Green Center","isPartOf":{"@id":"https:\/\/greenweb.prezentuju.xyz\/en\/#website"},"primaryImageOfPage":{"@id":"https:\/\/greenweb.prezentuju.xyz\/en\/product\/gpp-pgs2-parking-guidance-system\/#primaryimage"},"image":{"@id":"https:\/\/greenweb.prezentuju.xyz\/en\/product\/gpp-pgs2-parking-guidance-system\/#primaryimage"},"thumbnailUrl":"https:\/\/greenweb.prezentuju.xyz\/wp-content\/uploads\/2024\/01\/GPP-PGS-2.png","datePublished":"2024-01-12T08:53:07+00:00","dateModified":"2025-12-25T16:26:30+00:00","breadcrumb":{"@id":"https:\/\/greenweb.prezentuju.xyz\/en\/product\/gpp-pgs2-parking-guidance-system\/#breadcrumb"},"inLanguage":"en-GB","potentialAction":[{"@type":"ReadAction","target":["https:\/\/greenweb.prezentuju.xyz\/en\/product\/gpp-pgs2-parking-guidance-system\/"]}]},{"@type":"ImageObject","inLanguage":"en-GB","@id":"https:\/\/greenweb.prezentuju.xyz\/en\/product\/gpp-pgs2-parking-guidance-system\/#primaryimage","url":"https:\/\/greenweb.prezentuju.xyz\/wp-content\/uploads\/2024\/01\/GPP-PGS-2.png","contentUrl":"https:\/\/greenweb.prezentuju.xyz\/wp-content\/uploads\/2024\/01\/GPP-PGS-2.png","width":800,"height":800},{"@type":"BreadcrumbList","@id":"https:\/\/greenweb.prezentuju.xyz\/en\/product\/gpp-pgs2-parking-guidance-system\/#breadcrumb","itemListElement":[{"@type":"ListItem","position":1,"name":"Home","item":"https:\/\/greenweb.prezentuju.xyz\/en\/"},{"@type":"ListItem","position":2,"name":"Produkty","item":"https:\/\/greenweb.prezentuju.xyz\/produkty\/"},{"@type":"ListItem","position":3,"name":"GPP PGS2 \u2013 Parking Guidance System With Information Displays"}]},{"@type":"WebSite","@id":"https:\/\/greenweb.prezentuju.xyz\/en\/#website","url":"https:\/\/greenweb.prezentuju.xyz\/en\/","name":"GREEN","description":"Parkovac\u00ed syst\u00e9my a automatick\u00e9 z\u00e1vory","potentialAction":[{"@type":"SearchAction","target":{"@type":"EntryPoint","urlTemplate":"https:\/\/greenweb.prezentuju.xyz\/en\/?s={search_term_string}"},"query-input":"required name=search_term_string"}],"inLanguage":"en-GB"}]}},"_links":{"self":[{"href":"https:\/\/greenweb.prezentuju.xyz\/en\/wp-json\/wp\/v2\/product\/2252","targetHints":{"allow":["GET"]}}],"collection":[{"href":"https:\/\/greenweb.prezentuju.xyz\/en\/wp-json\/wp\/v2\/product"}],"about":[{"href":"https:\/\/greenweb.prezentuju.xyz\/en\/wp-json\/wp\/v2\/types\/product"}],"wp:featuredmedia":[{"embeddable":true,"href":"https:\/\/greenweb.prezentuju.xyz\/en\/wp-json\/wp\/v2\/media\/1468"}],"wp:attachment":[{"href":"https:\/\/greenweb.prezentuju.xyz\/en\/wp-json\/wp\/v2\/media?parent=2252"}],"wp:term":[{"taxonomy":"product_brand","embeddable":true,"href":"https:\/\/greenweb.prezentuju.xyz\/en\/wp-json\/wp\/v2\/product_brand?post=2252"},{"taxonomy":"product_cat","embeddable":true,"href":"https:\/\/greenweb.prezentuju.xyz\/en\/wp-json\/wp\/v2\/product_cat?post=2252"},{"taxonomy":"product_tag","embeddable":true,"href":"https:\/\/greenweb.prezentuju.xyz\/en\/wp-json\/wp\/v2\/product_tag?post=2252"}],"curies":[{"name":"wp","href":"https:\/\/api.w.org\/{rel}","templated":true}]}}