{"id":2250,"date":"2024-01-12T09:38:25","date_gmt":"2024-01-12T08:38:25","guid":{"rendered":"http:\/\/green.cz\/produkt\/gpp-lpr-system-rozpoznavani-registracnich-znacek\/"},"modified":"2025-06-23T11:30:37","modified_gmt":"2025-06-23T09:30:37","slug":"gpp-lpr-license-plate-recognition-system","status":"publish","type":"product","link":"https:\/\/greenweb.prezentuju.xyz\/en\/product\/gpp-lpr-license-plate-recognition-system\/","title":{"rendered":"GPP LPR \u2013 License Plate Recognition System"},"content":{"rendered":"<p class=\"p1\">GPP LPR is a&nbsp;license plate recognition system with the option to integrate multimedia displays.<\/p>\n<p class=\"p1\">It extends the GP4P Variant parking system with advanced features for license plate-based operation.<\/p>\n","protected":false},"excerpt":{"rendered":"<p>GPP LPR is a&nbsp;license plate recognition system with the option  [&#8230;]<\/p>\n","protected":false},"featured_media":1408,"template":"","meta":[],"product_brand":[],"product_cat":[153,168,152,239],"product_tag":[],"class_list":{"0":"post-2250","1":"product","2":"type-product","3":"status-publish","4":"has-post-thumbnail","6":"product_cat-parking-systems","7":"product_cat-variant-parking-system","8":"product_cat-parking-system-accessories","9":"product_cat-license-plate-recognition-system","11":"first","12":"instock","13":"shipping-taxable","14":"product-type-simple"},"acf":[],"yoast_head":"<!-- This site is optimized with the Yoast SEO plugin v22.9 - https:\/\/yoast.com\/wordpress\/plugins\/seo\/ -->\n<title>GPP LPR \u2013 License Plate Recognition System - Green Center<\/title>\n<meta name=\"robots\" content=\"index, follow, max-snippet:-1, max-image-preview:large, max-video-preview:-1\" \/>\n<link rel=\"canonical\" href=\"https:\/\/greenweb.prezentuju.xyz\/en\/product\/gpp-lpr-license-plate-recognition-system\/\" \/>\n<meta property=\"og:locale\" content=\"en_GB\" \/>\n<meta property=\"og:type\" content=\"article\" \/>\n<meta property=\"og:title\" content=\"GPP LPR \u2013 License Plate Recognition System - Green Center\" \/>\n<meta property=\"og:description\" content=\"GPP LPR is a&nbsp;license plate recognition system with the option [...]\" \/>\n<meta property=\"og:url\" content=\"https:\/\/greenweb.prezentuju.xyz\/en\/product\/gpp-lpr-license-plate-recognition-system\/\" \/>\n<meta property=\"og:site_name\" content=\"Green Center\" \/>\n<meta property=\"article:publisher\" content=\"https:\/\/www.facebook.com\/GREENCenterCZ\" \/>\n<meta property=\"article:modified_time\" content=\"2025-06-23T09:30:37+00:00\" \/>\n<meta property=\"og:image\" content=\"https:\/\/greenweb.prezentuju.xyz\/wp-content\/uploads\/2024\/01\/GPP-LPR.png\" \/>\n\t<meta property=\"og:image:width\" content=\"1300\" \/>\n\t<meta property=\"og:image:height\" content=\"1823\" \/>\n\t<meta property=\"og:image:type\" content=\"image\/png\" \/>\n<meta name=\"twitter:card\" content=\"summary_large_image\" \/>\n<meta name=\"twitter:label1\" content=\"Estimated reading time\" \/>\n\t<meta name=\"twitter:data1\" content=\"1 minute\" \/>\n<script type=\"application\/ld+json\" class=\"yoast-schema-graph\">{\"@context\":\"https:\/\/schema.org\",\"@graph\":[{\"@type\":\"WebPage\",\"@id\":\"https:\/\/greenweb.prezentuju.xyz\/en\/product\/gpp-lpr-license-plate-recognition-system\/\",\"url\":\"https:\/\/greenweb.prezentuju.xyz\/en\/product\/gpp-lpr-license-plate-recognition-system\/\",\"name\":\"GPP LPR \u2013 License Plate Recognition System - Green Center\",\"isPartOf\":{\"@id\":\"https:\/\/greenweb.prezentuju.xyz\/en\/#website\"},\"primaryImageOfPage\":{\"@id\":\"https:\/\/greenweb.prezentuju.xyz\/en\/product\/gpp-lpr-license-plate-recognition-system\/#primaryimage\"},\"image\":{\"@id\":\"https:\/\/greenweb.prezentuju.xyz\/en\/product\/gpp-lpr-license-plate-recognition-system\/#primaryimage\"},\"thumbnailUrl\":\"https:\/\/greenweb.prezentuju.xyz\/wp-content\/uploads\/2024\/01\/GPP-LPR.png\",\"datePublished\":\"2024-01-12T08:38:25+00:00\",\"dateModified\":\"2025-06-23T09:30:37+00:00\",\"breadcrumb\":{\"@id\":\"https:\/\/greenweb.prezentuju.xyz\/en\/product\/gpp-lpr-license-plate-recognition-system\/#breadcrumb\"},\"inLanguage\":\"en-GB\",\"potentialAction\":[{\"@type\":\"ReadAction\",\"target\":[\"https:\/\/greenweb.prezentuju.xyz\/en\/product\/gpp-lpr-license-plate-recognition-system\/\"]}]},{\"@type\":\"ImageObject\",\"inLanguage\":\"en-GB\",\"@id\":\"https:\/\/greenweb.prezentuju.xyz\/en\/product\/gpp-lpr-license-plate-recognition-system\/#primaryimage\",\"url\":\"https:\/\/greenweb.prezentuju.xyz\/wp-content\/uploads\/2024\/01\/GPP-LPR.png\",\"contentUrl\":\"https:\/\/greenweb.prezentuju.xyz\/wp-content\/uploads\/2024\/01\/GPP-LPR.png\",\"width\":1300,\"height\":1823},{\"@type\":\"BreadcrumbList\",\"@id\":\"https:\/\/greenweb.prezentuju.xyz\/en\/product\/gpp-lpr-license-plate-recognition-system\/#breadcrumb\",\"itemListElement\":[{\"@type\":\"ListItem\",\"position\":1,\"name\":\"Home\",\"item\":\"https:\/\/greenweb.prezentuju.xyz\/en\/\"},{\"@type\":\"ListItem\",\"position\":2,\"name\":\"Produkty\",\"item\":\"https:\/\/greenweb.prezentuju.xyz\/produkty\/\"},{\"@type\":\"ListItem\",\"position\":3,\"name\":\"GPP LPR \u2013 License Plate Recognition System\"}]},{\"@type\":\"WebSite\",\"@id\":\"https:\/\/greenweb.prezentuju.xyz\/en\/#website\",\"url\":\"https:\/\/greenweb.prezentuju.xyz\/en\/\",\"name\":\"GREEN\",\"description\":\"Parkovac\u00ed syst\u00e9my a automatick\u00e9 z\u00e1vory\",\"potentialAction\":[{\"@type\":\"SearchAction\",\"target\":{\"@type\":\"EntryPoint\",\"urlTemplate\":\"https:\/\/greenweb.prezentuju.xyz\/en\/?s={search_term_string}\"},\"query-input\":\"required name=search_term_string\"}],\"inLanguage\":\"en-GB\"}]}<\/script>\n<!-- \/ Yoast SEO plugin. -->","yoast_head_json":{"title":"GPP LPR \u2013 License Plate Recognition System - Green Center","robots":{"index":"index","follow":"follow","max-snippet":"max-snippet:-1","max-image-preview":"max-image-preview:large","max-video-preview":"max-video-preview:-1"},"canonical":"https:\/\/greenweb.prezentuju.xyz\/en\/product\/gpp-lpr-license-plate-recognition-system\/","og_locale":"en_GB","og_type":"article","og_title":"GPP LPR \u2013 License Plate Recognition System - Green Center","og_description":"GPP LPR is a&nbsp;license plate recognition system with the option [...]","og_url":"https:\/\/greenweb.prezentuju.xyz\/en\/product\/gpp-lpr-license-plate-recognition-system\/","og_site_name":"Green Center","article_publisher":"https:\/\/www.facebook.com\/GREENCenterCZ","article_modified_time":"2025-06-23T09:30:37+00:00","og_image":[{"width":1300,"height":1823,"url":"https:\/\/greenweb.prezentuju.xyz\/wp-content\/uploads\/2024\/01\/GPP-LPR.png","type":"image\/png"}],"twitter_card":"summary_large_image","twitter_misc":{"Estimated reading time":"1 minute"},"schema":{"@context":"https:\/\/schema.org","@graph":[{"@type":"WebPage","@id":"https:\/\/greenweb.prezentuju.xyz\/en\/product\/gpp-lpr-license-plate-recognition-system\/","url":"https:\/\/greenweb.prezentuju.xyz\/en\/product\/gpp-lpr-license-plate-recognition-system\/","name":"GPP LPR \u2013 License Plate Recognition System - Green Center","isPartOf":{"@id":"https:\/\/greenweb.prezentuju.xyz\/en\/#website"},"primaryImageOfPage":{"@id":"https:\/\/greenweb.prezentuju.xyz\/en\/product\/gpp-lpr-license-plate-recognition-system\/#primaryimage"},"image":{"@id":"https:\/\/greenweb.prezentuju.xyz\/en\/product\/gpp-lpr-license-plate-recognition-system\/#primaryimage"},"thumbnailUrl":"https:\/\/greenweb.prezentuju.xyz\/wp-content\/uploads\/2024\/01\/GPP-LPR.png","datePublished":"2024-01-12T08:38:25+00:00","dateModified":"2025-06-23T09:30:37+00:00","breadcrumb":{"@id":"https:\/\/greenweb.prezentuju.xyz\/en\/product\/gpp-lpr-license-plate-recognition-system\/#breadcrumb"},"inLanguage":"en-GB","potentialAction":[{"@type":"ReadAction","target":["https:\/\/greenweb.prezentuju.xyz\/en\/product\/gpp-lpr-license-plate-recognition-system\/"]}]},{"@type":"ImageObject","inLanguage":"en-GB","@id":"https:\/\/greenweb.prezentuju.xyz\/en\/product\/gpp-lpr-license-plate-recognition-system\/#primaryimage","url":"https:\/\/greenweb.prezentuju.xyz\/wp-content\/uploads\/2024\/01\/GPP-LPR.png","contentUrl":"https:\/\/greenweb.prezentuju.xyz\/wp-content\/uploads\/2024\/01\/GPP-LPR.png","width":1300,"height":1823},{"@type":"BreadcrumbList","@id":"https:\/\/greenweb.prezentuju.xyz\/en\/product\/gpp-lpr-license-plate-recognition-system\/#breadcrumb","itemListElement":[{"@type":"ListItem","position":1,"name":"Home","item":"https:\/\/greenweb.prezentuju.xyz\/en\/"},{"@type":"ListItem","position":2,"name":"Produkty","item":"https:\/\/greenweb.prezentuju.xyz\/produkty\/"},{"@type":"ListItem","position":3,"name":"GPP LPR \u2013 License Plate Recognition System"}]},{"@type":"WebSite","@id":"https:\/\/greenweb.prezentuju.xyz\/en\/#website","url":"https:\/\/greenweb.prezentuju.xyz\/en\/","name":"GREEN","description":"Parkovac\u00ed syst\u00e9my a automatick\u00e9 z\u00e1vory","potentialAction":[{"@type":"SearchAction","target":{"@type":"EntryPoint","urlTemplate":"https:\/\/greenweb.prezentuju.xyz\/en\/?s={search_term_string}"},"query-input":"required name=search_term_string"}],"inLanguage":"en-GB"}]}},"_links":{"self":[{"href":"https:\/\/greenweb.prezentuju.xyz\/en\/wp-json\/wp\/v2\/product\/2250","targetHints":{"allow":["GET"]}}],"collection":[{"href":"https:\/\/greenweb.prezentuju.xyz\/en\/wp-json\/wp\/v2\/product"}],"about":[{"href":"https:\/\/greenweb.prezentuju.xyz\/en\/wp-json\/wp\/v2\/types\/product"}],"wp:featuredmedia":[{"embeddable":true,"href":"https:\/\/greenweb.prezentuju.xyz\/en\/wp-json\/wp\/v2\/media\/1408"}],"wp:attachment":[{"href":"https:\/\/greenweb.prezentuju.xyz\/en\/wp-json\/wp\/v2\/media?parent=2250"}],"wp:term":[{"taxonomy":"product_brand","embeddable":true,"href":"https:\/\/greenweb.prezentuju.xyz\/en\/wp-json\/wp\/v2\/product_brand?post=2250"},{"taxonomy":"product_cat","embeddable":true,"href":"https:\/\/greenweb.prezentuju.xyz\/en\/wp-json\/wp\/v2\/product_cat?post=2250"},{"taxonomy":"product_tag","embeddable":true,"href":"https:\/\/greenweb.prezentuju.xyz\/en\/wp-json\/wp\/v2\/product_tag?post=2250"}],"curies":[{"name":"wp","href":"https:\/\/api.w.org\/{rel}","templated":true}]}}