{"id":1531,"date":"2024-05-14T08:17:49","date_gmt":"2024-05-14T06:17:49","guid":{"rendered":"http:\/\/green.cz\/?page_id=1531"},"modified":"2026-01-09T16:11:55","modified_gmt":"2026-01-09T15:11:55","slug":"gdpr","status":"publish","type":"page","link":"https:\/\/greenweb.prezentuju.xyz\/en\/gdpr\/","title":{"rendered":"Terms of the privacy policy."},"content":{"rendered":"<h1>Personal Data Processing<\/h1>\n<p>The company Green Center s.r.o., with the company registration number (I\u010c) 471&nbsp;21&nbsp;572, with the registered office at Mladoboleslavsk\u00e1 1121, 197&nbsp;00, Praha 9, as a&nbsp;Data Controller provides you, as website <strong><a href=\"https:\/\/greenweb.prezentuju.xyz\">www.green.cz<\/a><\/strong> users, with information on the personal data collection and the policy of personal privacy.<\/p>\n<h2>Data Controller<\/h2>\n<p>Pursuant to Article 4 (7) of Regulations (EU) 2016\/679 of the European Parliament and of the Council on the protection of natural persons with regard to the processing of personal data and on the free movement of such data (hereinafter referred to as \u201cGDPR\u201c), the company Green Center s.r.o. with the company registration number (I\u010c) 471&nbsp;21&nbsp;572, with the registered offfice at Mladoboleslavsk\u00e1 1121, 197&nbsp;00, Praha 9, shall be the Data Controller (hereinafter referred to as the \u201cController\u201c).<\/p>\n<p><strong>The Controller contact details are:<\/strong><\/p>\n<p>address: Mladoboleslavsk\u00e1 1121, 197&nbsp;00 Praha 9<br \/>\nemail: <strong><a href=\"mailto:obchod@green.cz\">obchod@green.cz<\/a><\/strong><br \/>\ntelephone number: <strong><a href=\"tel:+420266090090\">+420&nbsp;266&nbsp;090&nbsp;090<\/a><\/strong><\/p>\n<h2>Agreement<\/h2>\n<p>By filling in the contact form on the website https:\/\/greenweb.prezentuju.xyz\/ you agree with the provision of personal data stated in the form and, in compliance with the relevant provisions and in compliance with the Regulation of (EU) 2016\/679 of the European Parliament and of the Council of 27 April 2016, General Data Protection Regulation, (hereinafter referred to as \u201cGDPR Regulations\u201c), as free act and deed, you grant the company Green Center s.r.o. an express consent with the processing of the personal data provided, particularly the name, surname, contact details (telephone number, e-mail, address).<\/p>\n<p><strong>I grant my consent with the processing of my personal data stated above for the following purposes:<\/strong><br \/>\n\u2022 The reverse contact and the provision of required information<br \/>\n\u2022 Green Center trade and services offers<br \/>\n\u2022 The provision of direct marketing (particularly, for the sending of business messages and newsletters) in compliance with Article 6(1)(a) GDPR linked to Section 7(2) Act No. 480\/2004 Coll., on certain Information Society Services, if no order of goods and services occurred.<br \/>\nYou grant your consent for the period of 6 years while noting that you can withdraw your consent in writing at any time. Personal data will be stored for the time for which this consent has been granted, if it is not withdrawn prior to the expiration of this time. After the expiration of the time for the personal data storing, the Controller shall erase the data. At the same time, you declare the provided personal data to be accurate and truthful.<\/p>\n<p><strong>Instructions on Rights<\/strong><br \/>\nUnder the GDPR terms and conditions, you have:<br \/>\n\u2022 the right of access to your personal data in compliance with Article 15 GDPR,<br \/>\n\u2022 the right of rectification of personal data in compliance with Article 16 GDPR, or, if necessary, the right of restriction of processing of personal data in compliance with Article 18 GDPR.<br \/>\n\u2022 the right of erasure of personal data in compliance with Article 17 GDPR.<br \/>\n\u2022 the right to object to processing of personal data in compliance with Article 21 GDPR and<br \/>\n\u2022 the right to data portability in compliance with Article 20 GDPR.<br \/>\n\u2022 the right to withdraw the consent with the processing either in a&nbsp;written form or an electronic form sent to the address or email of the Controller stated in Article III of these Terms and Conditions.<br \/>\nYou can exercise all your rights by contacting us at our email address: obchod@green.cz.<br \/>\nFurther, you have the right to lodge a&nbsp;complaint with the Data Protection Authority, if you think your data protection rights have been breached.<\/p>\n<p><strong>Recipients of Personal Data are the following people:<\/strong><br \/>\nRecipients of personal data are people:<br \/>\n\u2022 providing the services of website operation<br \/>\n\u2022 providing marketing services<br \/>\nThe Controller does not intend to transfer personal data to a&nbsp;third country (to a&nbsp;country outside of the EU) or to an international organization.<\/p>\n<p><strong>Conditions of Personal Data Protection<\/strong><br \/>\nThe Controller declares that he\/she has adopted all appropriate technical and organizational measures to implement the data protection principles.<br \/>\nThe Controller declares that only persons authorized by them have access to personal data.<\/p>\n<p><strong>Final Conclusions<\/strong><br \/>\nYou express your agreement to these terms and conditions via ticking \u201eyes\u201c in the internet form. By indicating your agreement, you confirm that you have got acquainted with the terms and conditions of personal data protection and you have accepted them in their entirety.<br \/>\nThe Controller is entitled to change these terms and conditions. The new version of the terms and conditions of personal data protection shall be announced by the Controller on their website.<br \/>\nThese terms and conditions come into effect on the date of November 16, 2021.<\/p>\n","protected":false},"excerpt":{"rendered":"<p>Personal Data Processing The company Green Center s.r.o., with the  [&#8230;]<\/p>\n","protected":false},"author":1,"featured_media":0,"parent":0,"menu_order":0,"comment_status":"closed","ping_status":"open","template":"","meta":{"footnotes":""},"class_list":["post-1531","page","type-page","status-publish","hentry"],"acf":[],"yoast_head":"<!-- This site is optimized with the Yoast SEO plugin v22.9 - https:\/\/yoast.com\/wordpress\/plugins\/seo\/ -->\n<title>Terms of the privacy policy. - Green Center<\/title>\n<meta name=\"robots\" content=\"index, follow, max-snippet:-1, max-image-preview:large, max-video-preview:-1\" \/>\n<link rel=\"canonical\" href=\"https:\/\/greenweb.prezentuju.xyz\/en\/gdpr\/\" \/>\n<meta property=\"og:locale\" content=\"en_GB\" \/>\n<meta property=\"og:type\" content=\"article\" \/>\n<meta property=\"og:title\" content=\"Terms of the privacy policy. - Green Center\" \/>\n<meta property=\"og:description\" content=\"Personal Data Processing The company Green Center s.r.o., with the [...]\" \/>\n<meta property=\"og:url\" content=\"https:\/\/greenweb.prezentuju.xyz\/en\/gdpr\/\" \/>\n<meta property=\"og:site_name\" content=\"Green Center\" \/>\n<meta property=\"article:publisher\" content=\"https:\/\/www.facebook.com\/GREENCenterCZ\" \/>\n<meta property=\"article:modified_time\" content=\"2026-01-09T15:11:55+00:00\" \/>\n<meta property=\"og:image\" content=\"https:\/\/greenweb.prezentuju.xyz\/wp-content\/uploads\/2026\/01\/gdpr-s-1.png\" \/>\n\t<meta property=\"og:image:width\" content=\"2560\" \/>\n\t<meta property=\"og:image:height\" content=\"1440\" \/>\n\t<meta property=\"og:image:type\" content=\"image\/png\" \/>\n<meta name=\"twitter:card\" content=\"summary_large_image\" \/>\n<meta name=\"twitter:label1\" content=\"Estimated reading time\" \/>\n\t<meta name=\"twitter:data1\" content=\"5 minutes\" \/>\n<script type=\"application\/ld+json\" class=\"yoast-schema-graph\">{\"@context\":\"https:\/\/schema.org\",\"@graph\":[{\"@type\":\"WebPage\",\"@id\":\"https:\/\/greenweb.prezentuju.xyz\/en\/gdpr\/\",\"url\":\"https:\/\/greenweb.prezentuju.xyz\/en\/gdpr\/\",\"name\":\"Terms of the privacy policy. - Green Center\",\"isPartOf\":{\"@id\":\"https:\/\/greenweb.prezentuju.xyz\/en\/#website\"},\"datePublished\":\"2024-05-14T06:17:49+00:00\",\"dateModified\":\"2026-01-09T15:11:55+00:00\",\"breadcrumb\":{\"@id\":\"https:\/\/greenweb.prezentuju.xyz\/en\/gdpr\/#breadcrumb\"},\"inLanguage\":\"en-GB\",\"potentialAction\":[{\"@type\":\"ReadAction\",\"target\":[\"https:\/\/greenweb.prezentuju.xyz\/en\/gdpr\/\"]}]},{\"@type\":\"BreadcrumbList\",\"@id\":\"https:\/\/greenweb.prezentuju.xyz\/en\/gdpr\/#breadcrumb\",\"itemListElement\":[{\"@type\":\"ListItem\",\"position\":1,\"name\":\"Home\",\"item\":\"https:\/\/greenweb.prezentuju.xyz\/en\/\"},{\"@type\":\"ListItem\",\"position\":2,\"name\":\"Terms of the privacy policy.\"}]},{\"@type\":\"WebSite\",\"@id\":\"https:\/\/greenweb.prezentuju.xyz\/en\/#website\",\"url\":\"https:\/\/greenweb.prezentuju.xyz\/en\/\",\"name\":\"GREEN\",\"description\":\"Parkovac\u00ed syst\u00e9my a automatick\u00e9 z\u00e1vory\",\"potentialAction\":[{\"@type\":\"SearchAction\",\"target\":{\"@type\":\"EntryPoint\",\"urlTemplate\":\"https:\/\/greenweb.prezentuju.xyz\/en\/?s={search_term_string}\"},\"query-input\":\"required name=search_term_string\"}],\"inLanguage\":\"en-GB\"}]}<\/script>\n<!-- \/ Yoast SEO plugin. -->","yoast_head_json":{"title":"Terms of the privacy policy. - Green Center","robots":{"index":"index","follow":"follow","max-snippet":"max-snippet:-1","max-image-preview":"max-image-preview:large","max-video-preview":"max-video-preview:-1"},"canonical":"https:\/\/greenweb.prezentuju.xyz\/en\/gdpr\/","og_locale":"en_GB","og_type":"article","og_title":"Terms of the privacy policy. - Green Center","og_description":"Personal Data Processing The company Green Center s.r.o., with the [...]","og_url":"https:\/\/greenweb.prezentuju.xyz\/en\/gdpr\/","og_site_name":"Green Center","article_publisher":"https:\/\/www.facebook.com\/GREENCenterCZ","article_modified_time":"2026-01-09T15:11:55+00:00","og_image":[{"width":2560,"height":1440,"url":"https:\/\/greenweb.prezentuju.xyz\/wp-content\/uploads\/2026\/01\/gdpr-s-1.png","type":"image\/png"}],"twitter_card":"summary_large_image","twitter_misc":{"Estimated reading time":"5 minutes"},"schema":{"@context":"https:\/\/schema.org","@graph":[{"@type":"WebPage","@id":"https:\/\/greenweb.prezentuju.xyz\/en\/gdpr\/","url":"https:\/\/greenweb.prezentuju.xyz\/en\/gdpr\/","name":"Terms of the privacy policy. - Green Center","isPartOf":{"@id":"https:\/\/greenweb.prezentuju.xyz\/en\/#website"},"datePublished":"2024-05-14T06:17:49+00:00","dateModified":"2026-01-09T15:11:55+00:00","breadcrumb":{"@id":"https:\/\/greenweb.prezentuju.xyz\/en\/gdpr\/#breadcrumb"},"inLanguage":"en-GB","potentialAction":[{"@type":"ReadAction","target":["https:\/\/greenweb.prezentuju.xyz\/en\/gdpr\/"]}]},{"@type":"BreadcrumbList","@id":"https:\/\/greenweb.prezentuju.xyz\/en\/gdpr\/#breadcrumb","itemListElement":[{"@type":"ListItem","position":1,"name":"Home","item":"https:\/\/greenweb.prezentuju.xyz\/en\/"},{"@type":"ListItem","position":2,"name":"Terms of the privacy policy."}]},{"@type":"WebSite","@id":"https:\/\/greenweb.prezentuju.xyz\/en\/#website","url":"https:\/\/greenweb.prezentuju.xyz\/en\/","name":"GREEN","description":"Parkovac\u00ed syst\u00e9my a automatick\u00e9 z\u00e1vory","potentialAction":[{"@type":"SearchAction","target":{"@type":"EntryPoint","urlTemplate":"https:\/\/greenweb.prezentuju.xyz\/en\/?s={search_term_string}"},"query-input":"required name=search_term_string"}],"inLanguage":"en-GB"}]}},"_links":{"self":[{"href":"https:\/\/greenweb.prezentuju.xyz\/en\/wp-json\/wp\/v2\/pages\/1531","targetHints":{"allow":["GET"]}}],"collection":[{"href":"https:\/\/greenweb.prezentuju.xyz\/en\/wp-json\/wp\/v2\/pages"}],"about":[{"href":"https:\/\/greenweb.prezentuju.xyz\/en\/wp-json\/wp\/v2\/types\/page"}],"author":[{"embeddable":true,"href":"https:\/\/greenweb.prezentuju.xyz\/en\/wp-json\/wp\/v2\/users\/1"}],"replies":[{"embeddable":true,"href":"https:\/\/greenweb.prezentuju.xyz\/en\/wp-json\/wp\/v2\/comments?post=1531"}],"version-history":[{"count":3,"href":"https:\/\/greenweb.prezentuju.xyz\/en\/wp-json\/wp\/v2\/pages\/1531\/revisions"}],"predecessor-version":[{"id":4593,"href":"https:\/\/greenweb.prezentuju.xyz\/en\/wp-json\/wp\/v2\/pages\/1531\/revisions\/4593"}],"wp:attachment":[{"href":"https:\/\/greenweb.prezentuju.xyz\/en\/wp-json\/wp\/v2\/media?parent=1531"}],"curies":[{"name":"wp","href":"https:\/\/api.w.org\/{rel}","templated":true}]}}